{"id":30179,"date":"2025-02-20T23:31:45","date_gmt":"2025-02-20T22:31:45","guid":{"rendered":"http:\/\/olemosaic.com\/producto\/elefante-figura-de-resina-de-135-cm-pintada-a-mano\/"},"modified":"2025-07-25T18:33:59","modified_gmt":"2025-07-25T16:33:59","slug":"elephant-figurine-en-resine-de-13-5-cm-peinte-a-la-main","status":"publish","type":"product","link":"https:\/\/olemosaic.com\/fr\/produit\/elephant-figurine-en-resine-de-13-5-cm-peinte-a-la-main\/","title":{"rendered":"\u00c9l\u00e9phant. Figurine en mosa\u00efque de 13,5 cm."},"content":{"rendered":"<p>Cet \u00e9l\u00e9gant \u00e9l\u00e9phant en r\u00e9sine, d&rsquo;une hauteur de 13,5 cm, est un chef-d&rsquo;\u0153uvre \u00e0 effet peint \u00e0 la main qui capture l&rsquo;essence de l&rsquo;art d\u00e9coratif avec son design vibrant en mosa\u00efque. D\u00e9cor\u00e9 d&rsquo;une large gamme de couleurs telles que le bleu, le rouge, le jaune et le vert, chaque ton se combine pour former un motif attrayant qui souligne le savoir-faire artisanal avec lequel il a \u00e9t\u00e9 cr\u00e9\u00e9. L&rsquo;expression amicale de l&rsquo;\u00e9l\u00e9phant, associ\u00e9e \u00e0 une attention particuli\u00e8re port\u00e9e aux d\u00e9tails, en fait une pi\u00e8ce d\u00e9corative id\u00e9ale pour n&rsquo;importe quel int\u00e9rieur, ainsi qu&rsquo;un excellent souvenir encapsulant la riche diversit\u00e9 culturelle de l&rsquo;Espagne.<\/p>\n<p>L&rsquo;\u00e9l\u00e9phant, symbole de sagesse et de bonne fortune dans de nombreuses cultures, est pr\u00e9sent\u00e9 ici comme un souvenir embl\u00e9matique qui transcende sa fonctionnalit\u00e9. Ce souvenir embellit non seulement les espaces, mais porte \u00e9galement en lui l&rsquo;h\u00e9ritage de l&rsquo;art populaire, devenant une option parfaite pour les touristes cherchant \u00e0 capturer l&rsquo;essence de leur voyage dans un objet unique. Chez Ol\u00e9 Mosaic, nous sommes fiers de proposer des souvenirs authentiques qui refl\u00e8tent la richesse culturelle de nos r\u00e9gions. Cette figurine d&rsquo;\u00e9l\u00e9phant est un choix exceptionnel pour les boutiques de cadeaux touristiques souhaitant offrir \u00e0 leurs clients des souvenirs significatifs, authentiques et color\u00e9s.<\/p>\n","protected":false},"excerpt":{"rendered":"<p>Figurine d&rsquo;\u00e9l\u00e9phant de 13,5 cm, design artisanal, peint \u00e0 la main, aux couleurs vibrantes. Cet \u00e9l\u00e9gant \u00e9l\u00e9phant est d\u00e9cor\u00e9 d&rsquo;un motif en mosa\u00efque comprenant des tons bleus, rouges, jaunes et verts, capturant l&rsquo;essence de l&rsquo;art d\u00e9coratif. Id\u00e9ale comme souvenir et pi\u00e8ce d\u00e9corative, cette figurine se distingue par ses d\u00e9tails soign\u00e9s et son expression amicale, devenant un excellent souvenir de la culture et du design vibrant.<\/p>\n","protected":false},"featured_media":13806,"template":"","meta":{"_acf_changed":false},"product_brand":[],"product_cat":[540],"product_tag":[530],"class_list":{"0":"post-30179","1":"product","2":"type-product","3":"status-publish","4":"has-post-thumbnail","6":"product_cat-chiffres","7":"product_tag-animaux","8":"pa_motivo-elephants","10":"first","11":"instock","12":"shipping-taxable","13":"product-type-simple"},"acf":[],"_links":{"self":[{"href":"https:\/\/olemosaic.com\/fr\/wp-json\/wp\/v2\/product\/30179","targetHints":{"allow":["GET"]}}],"collection":[{"href":"https:\/\/olemosaic.com\/fr\/wp-json\/wp\/v2\/product"}],"about":[{"href":"https:\/\/olemosaic.com\/fr\/wp-json\/wp\/v2\/types\/product"}],"wp:featuredmedia":[{"embeddable":true,"href":"https:\/\/olemosaic.com\/fr\/wp-json\/wp\/v2\/media\/13806"}],"wp:attachment":[{"href":"https:\/\/olemosaic.com\/fr\/wp-json\/wp\/v2\/media?parent=30179"}],"wp:term":[{"taxonomy":"product_brand","embeddable":true,"href":"https:\/\/olemosaic.com\/fr\/wp-json\/wp\/v2\/product_brand?post=30179"},{"taxonomy":"product_cat","embeddable":true,"href":"https:\/\/olemosaic.com\/fr\/wp-json\/wp\/v2\/product_cat?post=30179"},{"taxonomy":"product_tag","embeddable":true,"href":"https:\/\/olemosaic.com\/fr\/wp-json\/wp\/v2\/product_tag?post=30179"}],"curies":[{"name":"wp","href":"https:\/\/api.w.org\/{rel}","templated":true}]}}