{"id":30178,"date":"2025-02-20T22:31:45","date_gmt":"2025-02-20T22:31:45","guid":{"rendered":"http:\/\/olemosaic.com\/producto\/funda-de-telefono-para-samsung-a14-tpu-forjas-azul\/"},"modified":"2025-07-25T19:11:38","modified_gmt":"2025-07-25T17:11:38","slug":"coque-de-telephone-pour-samsung-a14-tpu-forges-bleu","status":"publish","type":"product","link":"https:\/\/olemosaic.com\/fr\/produit\/coque-de-telephone-pour-samsung-a14-tpu-forges-bleu\/","title":{"rendered":"Coque de t\u00e9l\u00e9phone pour Samsung A14 (TPU). Forges. Bleu"},"content":{"rendered":"<p>Cette coque \u00e9l\u00e9gante pour le Samsung A14, fabriqu\u00e9e en mat\u00e9riau TPU, offre r\u00e9sistance et une finition attrayante. Le fond bleu intense met en valeur un motif blanc complexe qui \u00e9voque la beaut\u00e9 des forges espagnoles traditionnelles, symbole du riche h\u00e9ritage architectural du pays. Ce design ornement\u00e9 apporte non seulement une touche artistique \u00e0 la coque, mais rend \u00e9galement hommage aux d\u00e9tails qui ornent les rues de villes comme S\u00e9ville ou Barcelone, o\u00f9 la forge se manifeste sur les balcons et les grilles, refl\u00e9tant le savoir-faire des artisans locaux.<\/p>\n<p>La fonctionnalit\u00e9 de cette coque va au-del\u00e0 de l&rsquo;esth\u00e9tique : son design l\u00e9ger et flexible offre une protection efficace contre les chocs et les rayures, garantissant que l&rsquo;appareil reste en excellent \u00e9tat. Cet accessoire, qui fusionne art et utilit\u00e9, est une excellente option de cadeau pour ceux qui appr\u00e9cient la culture et l&rsquo;esth\u00e9tique dans leurs objets personnels. Chez Ol\u00e9 Mosaic, en tant que distributeurs de souvenirs en gros, nous proposons des produits authentiques qui capturent l&rsquo;essence de l&rsquo;Espagne. Cette coque est un souvenir id\u00e9al pour les touristes et pour les boutiques de cadeaux \u00e0 la recherche d&rsquo;articles ayant une profonde signification culturelle, parfaits pour ceux qui appr\u00e9cient la tradition et le design.<\/p>\n","protected":false},"excerpt":{"rendered":"<p>Coque pour le Samsung A14 fabriqu\u00e9e en TPU, avec un design \u00e9l\u00e9gant \u00e9voquant les forges traditionnelles. Son fond bleu intense contraste avec un motif blanc complexe, rappelant les d\u00e9tails ornementaux de l&rsquo;architecture espagnole. Cet accessoire prot\u00e8ge non seulement l&rsquo;appareil, mais ajoute \u00e9galement une touche artistique et culturelle, en faisant un cadeau id\u00e9al pour ceux qui appr\u00e9cient l&rsquo;art et la tradition.<\/p>\n","protected":false},"featured_media":12548,"template":"","meta":{"_acf_changed":false},"product_brand":[],"product_cat":[674],"product_tag":[],"class_list":{"0":"post-30178","1":"product","2":"type-product","3":"status-publish","4":"has-post-thumbnail","6":"product_cat-etuis-pour-telephones-portables","7":"pa_motivo-forges","9":"first","10":"instock","11":"shipping-taxable","12":"product-type-simple"},"acf":[],"_links":{"self":[{"href":"https:\/\/olemosaic.com\/fr\/wp-json\/wp\/v2\/product\/30178","targetHints":{"allow":["GET"]}}],"collection":[{"href":"https:\/\/olemosaic.com\/fr\/wp-json\/wp\/v2\/product"}],"about":[{"href":"https:\/\/olemosaic.com\/fr\/wp-json\/wp\/v2\/types\/product"}],"wp:featuredmedia":[{"embeddable":true,"href":"https:\/\/olemosaic.com\/fr\/wp-json\/wp\/v2\/media\/12548"}],"wp:attachment":[{"href":"https:\/\/olemosaic.com\/fr\/wp-json\/wp\/v2\/media?parent=30178"}],"wp:term":[{"taxonomy":"product_brand","embeddable":true,"href":"https:\/\/olemosaic.com\/fr\/wp-json\/wp\/v2\/product_brand?post=30178"},{"taxonomy":"product_cat","embeddable":true,"href":"https:\/\/olemosaic.com\/fr\/wp-json\/wp\/v2\/product_cat?post=30178"},{"taxonomy":"product_tag","embeddable":true,"href":"https:\/\/olemosaic.com\/fr\/wp-json\/wp\/v2\/product_tag?post=30178"}],"curies":[{"name":"wp","href":"https:\/\/api.w.org\/{rel}","templated":true}]}}