{"id":30177,"date":"2025-02-20T22:31:44","date_gmt":"2025-02-20T22:31:44","guid":{"rendered":"http:\/\/olemosaic.com\/producto\/funda-de-telefono-para-iphone-14-promax-tpu-forjas-azul\/"},"modified":"2025-07-26T00:00:58","modified_gmt":"2025-07-25T22:00:58","slug":"coque-de-telephone-pour-iphone-14-pro-max-tpu-forges-bleu","status":"publish","type":"product","link":"https:\/\/olemosaic.com\/fr\/produit\/coque-de-telephone-pour-iphone-14-pro-max-tpu-forges-bleu\/","title":{"rendered":"Coque de t\u00e9l\u00e9phone pour iPhone 14 Pro Max (TPU). Forges. Bleu"},"content":{"rendered":"<p>Ce design \u00e9l\u00e9gant de coque pour iPhone 14 Pro Max est une combinaison parfaite de protection et de style, devenant un incontournable pour les amateurs d&rsquo;artisanat espagnol. Fabriqu\u00e9e en TPU de haute qualit\u00e9, cette coque prot\u00e8ge non seulement votre appareil des chutes et des rayures, mais rehausse \u00e9galement votre personnalit\u00e9 avec sa couleur bleue vibrante orn\u00e9e de motifs de forge complexes en blanc. Les motifs fluides et \u00e9labor\u00e9s qui parcourent toute la surface de la coque \u00e9voquent la riche tradition du travail du m\u00e9tal, embl\u00e9matique de nombreuses r\u00e9gions d&rsquo;Espagne, apportant une touche classique et sophistiqu\u00e9e \u00e0 votre technologie moderne.<\/p>\n<p>Chaque courbe et d\u00e9tail de cette coque a \u00e9t\u00e9 soigneusement con\u00e7u pour offrir un \u00e9quilibre entre fonctionnalit\u00e9 et esth\u00e9tique, garantissant que votre iPhone soit non seulement en s\u00e9curit\u00e9, mais aussi spectaculaire. Ce souvenir d&rsquo;Espagne est un cadeau m\u00e9morable pour ceux qui cherchent \u00e0 emporter un fragment du patrimoine culturel. Chez Ol\u00e9 Mosaic, nous nous sp\u00e9cialisons dans la distribution d&rsquo;articles authentiques en gros, et cette coque est un choix id\u00e9al pour les boutiques de cadeaux touristiques souhaitant proposer des produits de qualit\u00e9 avec une touche culturelle. Avec son authenticit\u00e9 et sa r\u00e9f\u00e9rence \u00e0 la beaut\u00e9 de l&rsquo;artisanat espagnol, cette coque de smartphone est un accessoire indispensable pour tout touriste ou r\u00e9sident souhaitant souligner son appr\u00e9ciation pour le style et l&rsquo;h\u00e9ritage culturel.<\/p>\n","protected":false},"excerpt":{"rendered":"<p>Coque pour iPhone 14 Pro Max fabriqu\u00e9e en TPU, avec un design bleu \u00e9l\u00e9gant et des motifs de forge blancs. Cette coque prot\u00e8ge non seulement votre appareil, mais lui donne \u00e9galement une touche distinctive gr\u00e2ce \u00e0 sa d\u00e9licate ornementation, \u00e9voquant la beaut\u00e9 de l&rsquo;artisanat espagnol. Les motifs fluides et \u00e9labor\u00e9s se distinguent, offrant un aspect classique et sophistiqu\u00e9 qui compl\u00e8te n&rsquo;importe quel style.<\/p>\n","protected":false},"featured_media":12416,"template":"","meta":{"_acf_changed":false},"product_brand":[],"product_cat":[674],"product_tag":[],"class_list":{"0":"post-30177","1":"product","2":"type-product","3":"status-publish","4":"has-post-thumbnail","6":"product_cat-etuis-pour-telephones-portables","7":"pa_motivo-forges","9":"first","10":"instock","11":"shipping-taxable","12":"product-type-simple"},"acf":[],"_links":{"self":[{"href":"https:\/\/olemosaic.com\/fr\/wp-json\/wp\/v2\/product\/30177","targetHints":{"allow":["GET"]}}],"collection":[{"href":"https:\/\/olemosaic.com\/fr\/wp-json\/wp\/v2\/product"}],"about":[{"href":"https:\/\/olemosaic.com\/fr\/wp-json\/wp\/v2\/types\/product"}],"wp:featuredmedia":[{"embeddable":true,"href":"https:\/\/olemosaic.com\/fr\/wp-json\/wp\/v2\/media\/12416"}],"wp:attachment":[{"href":"https:\/\/olemosaic.com\/fr\/wp-json\/wp\/v2\/media?parent=30177"}],"wp:term":[{"taxonomy":"product_brand","embeddable":true,"href":"https:\/\/olemosaic.com\/fr\/wp-json\/wp\/v2\/product_brand?post=30177"},{"taxonomy":"product_cat","embeddable":true,"href":"https:\/\/olemosaic.com\/fr\/wp-json\/wp\/v2\/product_cat?post=30177"},{"taxonomy":"product_tag","embeddable":true,"href":"https:\/\/olemosaic.com\/fr\/wp-json\/wp\/v2\/product_tag?post=30177"}],"curies":[{"name":"wp","href":"https:\/\/api.w.org\/{rel}","templated":true}]}}