{"id":30176,"date":"2025-02-20T22:31:44","date_gmt":"2025-02-20T22:31:44","guid":{"rendered":"http:\/\/olemosaic.com\/producto\/funda-de-telefono-para-iphone-11-promax-tpu-forjas-azul\/"},"modified":"2025-07-25T19:04:05","modified_gmt":"2025-07-25T17:04:05","slug":"coque-de-telephone-pour-iphone-11-pro-max-tpu-forges-bleu","status":"publish","type":"product","link":"https:\/\/olemosaic.com\/fr\/produit\/coque-de-telephone-pour-iphone-11-pro-max-tpu-forges-bleu\/","title":{"rendered":"Coque de t\u00e9l\u00e9phone pour iPhone 11 Pro Max (TPU). Forges. Bleu"},"content":{"rendered":"<p>Ce design \u00e9l\u00e9gant de coque pour iPhone 11 Pro Max, fabriqu\u00e9 en TPU r\u00e9sistant, pr\u00e9sente une ornementation inspir\u00e9e des forges europ\u00e9ennes traditionnelles. Avec son fond bleu intense, la coque se distingue par ses motifs blancs complexes et \u00e9labor\u00e9s, projetant un air classique et sophistiqu\u00e9, ce qui en fait un accessoire esth\u00e9tique qui va au-del\u00e0 de la fonctionnalit\u00e9. Chaque courbe et spirale de son design refl\u00e8te le savoir-faire artistique des forgerons, c\u00e9l\u00e9brant le riche h\u00e9ritage culturel que ces artisans ont transmis au fil des g\u00e9n\u00e9rations.<\/p>\n<p>La coque offre non seulement une protection maximale \u00e0 votre appareil, mais ajoute \u00e9galement une touche distinctive \u00e0 votre style quotidien. Id\u00e9al pour les touristes \u00e0 la recherche d&rsquo;un souvenir authentique capturant l&rsquo;essence de l&rsquo;art local, ce produit combine modernit\u00e9 et design \u00e9voquant l&rsquo;\u00e9l\u00e9gance des \u00e9poques pass\u00e9es. Chez Ol\u00e9 Mosaic, nous nous sp\u00e9cialisons dans la distribution de souvenirs de haute qualit\u00e9, et cette coque est parfaite pour les boutiques de cadeaux touristiques souhaitant proposer des produits uniques et repr\u00e9sentatifs. En tant que grossistes d&rsquo;accessoires, nous garantissons que chaque coque est un souvenir authentique et fonctionnel, parfait pour ceux qui souhaitent emporter un morceau de culture europ\u00e9enne avec eux.<\/p>\n","protected":false},"excerpt":{"rendered":"<p>Coque pour iPhone 11 Pro Max fabriqu\u00e9e en TPU, avec un design inspir\u00e9 des forges traditionnelles. Son \u00e9l\u00e9gant fond bleu met en valeur des motifs blancs \u00e9labor\u00e9s \u00e9voquant l&rsquo;ornementation des forges europ\u00e9ennes, apportant un air classique et sophistiqu\u00e9. Cette coque prot\u00e8ge non seulement votre appareil, mais ajoute \u00e9galement une touche artistique \u00e0 votre style quotidien, alliant fonctionnalit\u00e9 et design attrayant et distinctif.<\/p>\n","protected":false},"featured_media":12208,"template":"","meta":{"_acf_changed":false},"product_brand":[],"product_cat":[674],"product_tag":[],"class_list":{"0":"post-30176","1":"product","2":"type-product","3":"status-publish","4":"has-post-thumbnail","6":"product_cat-etuis-pour-telephones-portables","7":"pa_motivo-forges","9":"first","10":"instock","11":"shipping-taxable","12":"product-type-simple"},"acf":[],"_links":{"self":[{"href":"https:\/\/olemosaic.com\/fr\/wp-json\/wp\/v2\/product\/30176","targetHints":{"allow":["GET"]}}],"collection":[{"href":"https:\/\/olemosaic.com\/fr\/wp-json\/wp\/v2\/product"}],"about":[{"href":"https:\/\/olemosaic.com\/fr\/wp-json\/wp\/v2\/types\/product"}],"wp:featuredmedia":[{"embeddable":true,"href":"https:\/\/olemosaic.com\/fr\/wp-json\/wp\/v2\/media\/12208"}],"wp:attachment":[{"href":"https:\/\/olemosaic.com\/fr\/wp-json\/wp\/v2\/media?parent=30176"}],"wp:term":[{"taxonomy":"product_brand","embeddable":true,"href":"https:\/\/olemosaic.com\/fr\/wp-json\/wp\/v2\/product_brand?post=30176"},{"taxonomy":"product_cat","embeddable":true,"href":"https:\/\/olemosaic.com\/fr\/wp-json\/wp\/v2\/product_cat?post=30176"},{"taxonomy":"product_tag","embeddable":true,"href":"https:\/\/olemosaic.com\/fr\/wp-json\/wp\/v2\/product_tag?post=30176"}],"curies":[{"name":"wp","href":"https:\/\/api.w.org\/{rel}","templated":true}]}}