{"id":30172,"date":"2025-02-20T23:31:44","date_gmt":"2025-02-20T22:31:44","guid":{"rendered":"http:\/\/olemosaic.com\/producto\/bol-de-coco-rojo-salamandra-barcelona-4\/"},"modified":"2025-07-25T20:28:11","modified_gmt":"2025-07-25T18:28:11","slug":"bol-noix-de-coco-rouge-salamandre-barcelone-4","status":"publish","type":"product","link":"https:\/\/olemosaic.com\/fr\/produit\/bol-noix-de-coco-rouge-salamandre-barcelone-4\/","title":{"rendered":"Bol en noix de coco rouge. Salamandre. Mosa\u00efque. Barcelone."},"content":{"rendered":"<p>Cet \u00e9l\u00e9gant bol en noix de coco rouge, d\u00e9cor\u00e9 d&rsquo;un motif attrayant de salamandre, \u00e9voque l&rsquo;essence vibrante de Barcelone. Son design unique combine une finition brillante dans les tons rouges avec un centre affichant une charmante salamandre, symbole de la culture catalane, accompagn\u00e9e du texte \u00ab Barcelone \u00bb. La forme ovale du bol, ainsi que son poli brillant, en font une pi\u00e8ce id\u00e9ale pour une utilisation comme centre de table ou pour ranger de petits objets, fusionnant art et fonctionnalit\u00e9 en un seul article.<\/p>\n<p>La salamandre, avec sa repr\u00e9sentation stylis\u00e9e, est souvent associ\u00e9e \u00e0 l&rsquo;\u0153uvre du c\u00e9l\u00e8bre architecte Antoni Gaud\u00ed, qui a incorpor\u00e9 cet \u00e9l\u00e9ment dans plusieurs de ses cr\u00e9ations. Ce bol n&rsquo;est pas seulement un produit artisanal, mais aussi un souvenir qui capture le riche h\u00e9ritage culturel de la ville, ce qui en fait un souvenir parfait pour ceux qui souhaitent emporter un morceau de Barcelone chez eux. Chez Ol\u00e9 Mosaic, nous proposons ce bol en noix de coco rouge dans le cadre de notre gamme exclusive de souvenirs de la ville, id\u00e9ale pour les boutiques de cadeaux touristiques \u00e0 la recherche de produits authentiques et repr\u00e9sentatifs. En tant que grossistes en souvenirs, nous garantissons la qualit\u00e9 et le design authentique de chacune de nos pi\u00e8ces, assurant que votre achat soit un investissement dans la culture et l&rsquo;art de l&rsquo;Espagne.<\/p>\n","protected":false},"excerpt":{"rendered":"<p>Bol en noix de coco rouge, d\u00e9cor\u00e9 d&rsquo;un motif attrayant de salamandre, \u00e9voquant l&rsquo;essence de Barcelone. Ce produit artisanal pr\u00e9sente une finition brillante avec des d\u00e9tails dans les tons rouges et le design embl\u00e9matique d&rsquo;une salamandre au centre, accompagn\u00e9 du texte \u00ab\u00a0Barcelone\u00a0\u00bb. Avec sa forme ovale et sa finition polie, il est parfait comme centre de table ou pour ranger de petits objets, fusionnant art et fonctionnalit\u00e9 dans une pi\u00e8ce unique.<\/p>\n","protected":false},"featured_media":11862,"template":"","meta":{"_acf_changed":false},"product_brand":[],"product_cat":[521],"product_tag":[530],"class_list":{"0":"post-30172","1":"product","2":"type-product","3":"status-publish","4":"has-post-thumbnail","6":"product_cat-bols","7":"product_tag-animaux","8":"pa_ciudad-barcelona","9":"pa_motivo-salamandres","10":"pa_pais-espana","12":"first","13":"instock","14":"shipping-taxable","15":"product-type-simple"},"acf":[],"_links":{"self":[{"href":"https:\/\/olemosaic.com\/fr\/wp-json\/wp\/v2\/product\/30172","targetHints":{"allow":["GET"]}}],"collection":[{"href":"https:\/\/olemosaic.com\/fr\/wp-json\/wp\/v2\/product"}],"about":[{"href":"https:\/\/olemosaic.com\/fr\/wp-json\/wp\/v2\/types\/product"}],"wp:featuredmedia":[{"embeddable":true,"href":"https:\/\/olemosaic.com\/fr\/wp-json\/wp\/v2\/media\/11862"}],"wp:attachment":[{"href":"https:\/\/olemosaic.com\/fr\/wp-json\/wp\/v2\/media?parent=30172"}],"wp:term":[{"taxonomy":"product_brand","embeddable":true,"href":"https:\/\/olemosaic.com\/fr\/wp-json\/wp\/v2\/product_brand?post=30172"},{"taxonomy":"product_cat","embeddable":true,"href":"https:\/\/olemosaic.com\/fr\/wp-json\/wp\/v2\/product_cat?post=30172"},{"taxonomy":"product_tag","embeddable":true,"href":"https:\/\/olemosaic.com\/fr\/wp-json\/wp\/v2\/product_tag?post=30172"}],"curies":[{"name":"wp","href":"https:\/\/api.w.org\/{rel}","templated":true}]}}