{"id":30171,"date":"2025-02-20T23:31:44","date_gmt":"2025-02-20T22:31:44","guid":{"rendered":"http:\/\/olemosaic.com\/producto\/bol-de-coco-naranja-salamandra-mallorca-2\/"},"modified":"2025-07-25T19:48:05","modified_gmt":"2025-07-25T17:48:05","slug":"bol-noix-de-coco-orange-salamandre-majorque-2","status":"publish","type":"product","link":"https:\/\/olemosaic.com\/fr\/produit\/bol-noix-de-coco-orange-salamandre-majorque-2\/","title":{"rendered":"Bol en noix de coco orange. Salamandre. Majorque. Bal\u00e9ares."},"content":{"rendered":"<p>Cet \u00e9l\u00e9gant bol en noix de coco peint \u00e0 la main est un v\u00e9ritable tr\u00e9sor de Majorque, capturant l&rsquo;essence de la riche biodiversit\u00e9 et de la culture de l&rsquo;\u00eele. D&rsquo;une couleur orange vibrante, le bol pr\u00e9sente un motif distinctif de salamandre, symbole embl\u00e9matique de la faune majorquine. La salamandre, avec ses d\u00e9tails m\u00e9ticuleusement \u00e9labor\u00e9s, se d\u00e9tache sur une surface textur\u00e9e qui ajoute de la profondeur et du caract\u00e8re \u00e0 la pi\u00e8ce. Les touches dor\u00e9es qui ornent l&rsquo;int\u00e9rieur cr\u00e9ent un effet visuel attrayant, refl\u00e9tant la lumi\u00e8re de mani\u00e8re charmante et rehaussant son aspect artisanal.<\/p>\n<p>Ce bol n&rsquo;est pas seulement un \u00e9l\u00e9ment d\u00e9coratif, il est aussi fonctionnel, id\u00e9al pour servir des amuse-bouches ou comme centre de table singulier. Avec son authenticit\u00e9 et son esth\u00e9tique, c&rsquo;est un souvenir parfait pour ceux qui cherchent \u00e0 emporter un morceau des \u00eeles Bal\u00e9ares. Le lien culturel de ce bol avec Majorque ne r\u00e9side pas seulement dans son design, mais aussi dans le processus artisanal qui respecte les traditions locales, en faisant un v\u00e9ritable souvenir repr\u00e9sentatif.<\/p>\n<p>Chez Ol\u00e9 Mosaic, nous proposons ce bol en noix de coco dans le cadre de notre s\u00e9lection de souvenirs authentiques de Majorque, parfaits pour les boutiques de cadeaux touristiques \u00e0 la recherche de produits ayant une pertinence culturelle et esth\u00e9tique. En tant que grossistes en souvenirs, nous garantissons la qualit\u00e9 et l&rsquo;originalit\u00e9 de nos pi\u00e8ces, faisant de ce bol une option id\u00e9ale pour captiver les touristes qui souhaitent se souvenir de leur visite sur cette \u00eele merveilleuse.<\/p>\n","protected":false},"excerpt":{"rendered":"<p>Bol en noix de coco au design artisanal, peint \u00e0 la main, d&rsquo;un orange vibrant, d\u00e9cor\u00e9 d&rsquo;un motif de salamandre, repr\u00e9sentatif de la faune majorquine. Cet \u00e9l\u00e9gant bol pr\u00e9sente des d\u00e9tails dor\u00e9s qui contrastent avec la surface textur\u00e9e de la noix de coco, cr\u00e9ant un effet visuel attrayant. Id\u00e9al comme \u00e9l\u00e9ment d\u00e9coratif ou pour servir des amuse-bouches, ce produit refl\u00e8te la riche culture et la biodiversit\u00e9 de l&rsquo;\u00eele. Parfait pour ceux qui recherchent un souvenir authentique de Majorque.<\/p>\n","protected":false},"featured_media":10117,"template":"","meta":{"_acf_changed":false},"product_brand":[],"product_cat":[521],"product_tag":[530],"class_list":{"0":"post-30171","1":"product","2":"type-product","3":"status-publish","4":"has-post-thumbnail","6":"product_cat-bols","7":"product_tag-animaux","8":"pa_ciudad-mallorca","9":"pa_motivo-salamandres","10":"pa_pais-espana","12":"first","13":"instock","14":"shipping-taxable","15":"product-type-simple"},"acf":[],"_links":{"self":[{"href":"https:\/\/olemosaic.com\/fr\/wp-json\/wp\/v2\/product\/30171","targetHints":{"allow":["GET"]}}],"collection":[{"href":"https:\/\/olemosaic.com\/fr\/wp-json\/wp\/v2\/product"}],"about":[{"href":"https:\/\/olemosaic.com\/fr\/wp-json\/wp\/v2\/types\/product"}],"wp:featuredmedia":[{"embeddable":true,"href":"https:\/\/olemosaic.com\/fr\/wp-json\/wp\/v2\/media\/10117"}],"wp:attachment":[{"href":"https:\/\/olemosaic.com\/fr\/wp-json\/wp\/v2\/media?parent=30171"}],"wp:term":[{"taxonomy":"product_brand","embeddable":true,"href":"https:\/\/olemosaic.com\/fr\/wp-json\/wp\/v2\/product_brand?post=30171"},{"taxonomy":"product_cat","embeddable":true,"href":"https:\/\/olemosaic.com\/fr\/wp-json\/wp\/v2\/product_cat?post=30171"},{"taxonomy":"product_tag","embeddable":true,"href":"https:\/\/olemosaic.com\/fr\/wp-json\/wp\/v2\/product_tag?post=30171"}],"curies":[{"name":"wp","href":"https:\/\/api.w.org\/{rel}","templated":true}]}}