{"id":30166,"date":"2025-02-20T22:31:43","date_gmt":"2025-02-20T22:31:43","guid":{"rendered":"http:\/\/olemosaic.com\/producto\/bol-de-coco-beige-salamandra-menorca\/"},"modified":"2025-07-25T19:51:09","modified_gmt":"2025-07-25T17:51:09","slug":"bol-en-noix-de-coco-beige-salamandre-minorque","status":"publish","type":"product","link":"https:\/\/olemosaic.com\/fr\/produit\/bol-en-noix-de-coco-beige-salamandre-minorque\/","title":{"rendered":"Bol en noix de coco beige. Salamandre. Minorque."},"content":{"rendered":"<p>Cet \u00e9l\u00e9gant bol en noix de coco beige, orn\u00e9 de l&rsquo;image embl\u00e9matique d&rsquo;une salamandre, est un authentique symbole de Minorque. Avec une finition douce dans des tons beiges et des d\u00e9corations qui \u00e9voquent la riche culture locale, ce bol n&rsquo;est pas seulement un objet utilitaire, mais une pi\u00e8ce d&rsquo;art extraordinaire qui capture l&rsquo;essence de l&rsquo;\u00eele. La salamandre, illustr\u00e9e avec des couleurs chaudes, se d\u00e9tache au centre du bol, repr\u00e9sentant la connexion avec la nature et la biodiversit\u00e9 qui caract\u00e9rise Minorque. Autour, son fond pr\u00e9sente un d\u00e9licat design de mosa\u00efque qui souligne la beaut\u00e9 artisanale de la pi\u00e8ce, lui conf\u00e9rant un caract\u00e8re unique et sp\u00e9cial.<\/p>\n<p>Ce bol est polyvalent, id\u00e9al pour servir des ap\u00e9ritifs, exposer des fruits ou comme \u00e9l\u00e9ment d\u00e9coratif dans n&rsquo;importe quel foyer. Son design harmonieux et attrayant en fait un excellent souvenir dont vous vous souviendrez avec tendresse, en plus d&rsquo;\u00eatre un cadeau parfait pour ceux qui recherchent un morceau authentique de Minorque. Chez Ol\u00e9 Mosaic, nous sommes sp\u00e9cialistes de la distribution de souvenirs en gros, offrant des produits qui repr\u00e9sentent la richesse culturelle et la tradition de l&rsquo;Espagne. Ce bol en noix de coco beige est une option de choix pour les magasins de cadeaux touristiques souhaitant proposer des articles qui soient non seulement beaux, mais aussi culturellement significatifs.<\/p>\n","protected":false},"excerpt":{"rendered":"<p>Bol en noix de coco beige avec le motif embl\u00e9matique d&rsquo;une salamandre, repr\u00e9sentative de Minorque. Cet \u00e9l\u00e9gant bol pr\u00e9sente une finition dans des tons beiges avec des d\u00e9tails d\u00e9coratifs qui \u00e9voquent la culture locale. La salamandre est illustr\u00e9e avec des couleurs chaudes, tandis que le fond montre une d\u00e9licate mosa\u00efque qui souligne sa beaut\u00e9 artisanale. Id\u00e9al pour de multiples usages, ce bol combine fonctionnalit\u00e9 et art, capturant l&rsquo;essence de l&rsquo;\u00eele.<\/p>\n","protected":false},"featured_media":11903,"template":"","meta":{"_acf_changed":false},"product_brand":[],"product_cat":[521],"product_tag":[530],"class_list":{"0":"post-30166","1":"product","2":"type-product","3":"status-publish","4":"has-post-thumbnail","6":"product_cat-bols","7":"product_tag-animaux","8":"pa_ciudad-menorca","9":"pa_motivo-salamandres","10":"pa_pais-espana","12":"first","13":"instock","14":"shipping-taxable","15":"product-type-simple"},"acf":[],"_links":{"self":[{"href":"https:\/\/olemosaic.com\/fr\/wp-json\/wp\/v2\/product\/30166","targetHints":{"allow":["GET"]}}],"collection":[{"href":"https:\/\/olemosaic.com\/fr\/wp-json\/wp\/v2\/product"}],"about":[{"href":"https:\/\/olemosaic.com\/fr\/wp-json\/wp\/v2\/types\/product"}],"wp:featuredmedia":[{"embeddable":true,"href":"https:\/\/olemosaic.com\/fr\/wp-json\/wp\/v2\/media\/11903"}],"wp:attachment":[{"href":"https:\/\/olemosaic.com\/fr\/wp-json\/wp\/v2\/media?parent=30166"}],"wp:term":[{"taxonomy":"product_brand","embeddable":true,"href":"https:\/\/olemosaic.com\/fr\/wp-json\/wp\/v2\/product_brand?post=30166"},{"taxonomy":"product_cat","embeddable":true,"href":"https:\/\/olemosaic.com\/fr\/wp-json\/wp\/v2\/product_cat?post=30166"},{"taxonomy":"product_tag","embeddable":true,"href":"https:\/\/olemosaic.com\/fr\/wp-json\/wp\/v2\/product_tag?post=30166"}],"curies":[{"name":"wp","href":"https:\/\/api.w.org\/{rel}","templated":true}]}}