{"id":30165,"date":"2025-02-20T23:31:43","date_gmt":"2025-02-20T22:31:43","guid":{"rendered":"http:\/\/olemosaic.com\/producto\/bol-de-coco-beige-salamandra-tenerife\/"},"modified":"2025-07-25T19:03:09","modified_gmt":"2025-07-25T17:03:09","slug":"bol-en-noix-de-coco-beige-salamandre-tenerife","status":"publish","type":"product","link":"https:\/\/olemosaic.com\/fr\/produit\/bol-en-noix-de-coco-beige-salamandre-tenerife\/","title":{"rendered":"Bol en noix de coco beige. Salamandre. Tenerife."},"content":{"rendered":"<p>Cet \u00e9l\u00e9gant bol en noix de coco beige, d\u00e9cor\u00e9 d&rsquo;un motif distinctif de salamandre, est un cadeau id\u00e9al qui capture l&rsquo;essence de Tenerife. Avec une finition naturelle et douce au toucher, ce bol combine harmonieusement son attrait esth\u00e9tique avec sa fonctionnalit\u00e9, devenant un excellent \u00e9l\u00e9ment d\u00e9coratif pour n&rsquo;importe quel foyer. Au centre, la salamandre, repr\u00e9sent\u00e9e dans un ton marron chaud, se d\u00e9tache sur le fond beige, cr\u00e9ant un contraste visuel qui \u00e9voque la faune autochtone des \u00eeles Canaries. Ce motif artistique apporte non seulement une touche culturelle au bol, mais symbolise \u00e9galement la richesse de la biodiversit\u00e9 de la r\u00e9gion.<\/p>\n<p>Con\u00e7u pour \u00eatre polyvalent, ce bol peut \u00eatre utilis\u00e9 aussi bien sur la table que dans la d\u00e9coration d&rsquo;\u00e9tag\u00e8res ou de tables d&rsquo;appoint, ajoutant une nuance canarienne \u00e0 n&rsquo;importe quelle ambiance. Les souvenirs de Tenerife, comme celui-ci, repr\u00e9sentent un souvenir authentique pour les touristes qui souhaitent emporter chez eux un morceau de la culture canarienne. Chez Ol\u00e9 Mosaic, nous sommes fiers d&rsquo;\u00eatre un distributeur de souvenirs en gros, offrant des produits qui fusionnent artisanat et tradition. Ce bol en noix de coco est une option parfaite pour les magasins de cadeaux touristiques \u00e0 la recherche d&rsquo;articles uniques et de qualit\u00e9, refl\u00e9tant le meilleur de la culture de Tenerife et le charme des \u00eeles Canaries.<\/p>\n","protected":false},"excerpt":{"rendered":"<p>Bol en noix de coco beige, d\u00e9cor\u00e9 d&rsquo;un motif tr\u00e8s sp\u00e9cial de salamandre, typique de Tenerife. Cet \u00e9l\u00e9gant bol pr\u00e9sente une texture douce et une finition naturelle, avec un motif artistique qui lui donne une touche culturelle. La salamandre, repr\u00e9sent\u00e9e dans un ton marron chaud, contraste harmonieusement avec les tons beige du bol, cr\u00e9ant une pi\u00e8ce unique, id\u00e9ale pour donner une touche canarienne \u00e0 n&rsquo;importe quel foyer. Parfait comme \u00e9l\u00e9ment d\u00e9coratif ou pratique.<\/p>\n","protected":false},"featured_media":11923,"template":"","meta":{"_acf_changed":false},"product_brand":[],"product_cat":[521],"product_tag":[530],"class_list":{"0":"post-30165","1":"product","2":"type-product","3":"status-publish","4":"has-post-thumbnail","6":"product_cat-bols","7":"product_tag-animaux","8":"pa_ciudad-tenerife","9":"pa_motivo-salamandres","10":"pa_pais-espana","12":"first","13":"instock","14":"shipping-taxable","15":"product-type-simple"},"acf":[],"_links":{"self":[{"href":"https:\/\/olemosaic.com\/fr\/wp-json\/wp\/v2\/product\/30165","targetHints":{"allow":["GET"]}}],"collection":[{"href":"https:\/\/olemosaic.com\/fr\/wp-json\/wp\/v2\/product"}],"about":[{"href":"https:\/\/olemosaic.com\/fr\/wp-json\/wp\/v2\/types\/product"}],"wp:featuredmedia":[{"embeddable":true,"href":"https:\/\/olemosaic.com\/fr\/wp-json\/wp\/v2\/media\/11923"}],"wp:attachment":[{"href":"https:\/\/olemosaic.com\/fr\/wp-json\/wp\/v2\/media?parent=30165"}],"wp:term":[{"taxonomy":"product_brand","embeddable":true,"href":"https:\/\/olemosaic.com\/fr\/wp-json\/wp\/v2\/product_brand?post=30165"},{"taxonomy":"product_cat","embeddable":true,"href":"https:\/\/olemosaic.com\/fr\/wp-json\/wp\/v2\/product_cat?post=30165"},{"taxonomy":"product_tag","embeddable":true,"href":"https:\/\/olemosaic.com\/fr\/wp-json\/wp\/v2\/product_tag?post=30165"}],"curies":[{"name":"wp","href":"https:\/\/api.w.org\/{rel}","templated":true}]}}