{"id":30163,"date":"2025-02-20T23:31:42","date_gmt":"2025-02-20T22:31:42","guid":{"rendered":"http:\/\/olemosaic.com\/producto\/dragon-figura-de-resina-de-15-cm-pintada-a-mano\/"},"modified":"2025-07-25T20:15:23","modified_gmt":"2025-07-25T18:15:23","slug":"dragon-figurine-en-mosaique-de-15-cm","status":"publish","type":"product","link":"https:\/\/olemosaic.com\/fr\/produit\/dragon-figurine-en-mosaique-de-15-cm\/","title":{"rendered":"Dragon. Figurine en mosa\u00efque de 15 cm."},"content":{"rendered":"<p>Ce dragon en r\u00e9sine, peint \u00e0 la main et de 15 cm, est un magnifique souvenir qui capture la richesse de l&rsquo;art populaire. Son design vibrant et color\u00e9 se distingue par une mosa\u00efque de tons bleus, oranges, verts et marrons, qui rehaussent ses formes stylis\u00e9es et lui donnent une touche artistique distinctive. Chaque d\u00e9tail de cette figurine a \u00e9t\u00e9 travaill\u00e9 avec m\u00e9ticulosit\u00e9, refl\u00e9tant le d\u00e9vouement et le savoir-faire des artisans qui lui ont donn\u00e9 vie. La repr\u00e9sentation d&rsquo;un dragon, symbole de force et de protection dans diverses cultures, ajoute une valeur significative, faisant de cet objet un brillant rappel de l&rsquo;h\u00e9ritage culturel que l&rsquo;on trouve en Espagne et au Portugal.<\/p>\n<p>Le dragon, avec ses \u00e9cailles multicolores et son expression captivante, est id\u00e9al tant pour les collectionneurs que pour ceux qui cherchent \u00e0 ajouter une touche de singularit\u00e9 \u00e0 leur d\u00e9coration. Ce souvenir est un excellent cadeau pour les touristes qui souhaitent emporter chez eux un morceau authentique de culture et d&rsquo;art local. Chez Ol\u00e9 Mosaic, nous fournissons aux boutiques de cadeaux touristiques des articles repr\u00e9sentatifs qui transmettent l&rsquo;essence de notre tradition. Ce dragon est une option parfaite pour ceux qui recherchent des souvenirs de qualit\u00e9 et de pertinence culturelle. En tant que grossistes de souvenirs, nous garantissons l&rsquo;authenticit\u00e9 et le design de chaque produit, assurant que chaque souvenir raconte une histoire.<\/p>\n","protected":false},"excerpt":{"rendered":"<p>Figurine de dragon au design artisanal, peint \u00e0 la main, de 15 cm de hauteur. Ce souvenir attrayant pr\u00e9sente un design vibrant et color\u00e9, avec une mosa\u00efque de tons bleus, oranges, verts et marrons qui rehaussent ses formes stylis\u00e9es. Chaque d\u00e9tail est m\u00e9ticuleusement travaill\u00e9, capturant l&rsquo;essence de l&rsquo;art populaire. Id\u00e9al pour ajouter une touche distinctive et culturelle \u00e0 toute collection ou d\u00e9coration.<\/p>\n","protected":false},"featured_media":6266,"template":"","meta":{"_acf_changed":false},"product_brand":[],"product_cat":[540],"product_tag":[],"class_list":{"0":"post-30163","1":"product","2":"type-product","3":"status-publish","4":"has-post-thumbnail","6":"product_cat-chiffres","7":"pa_motivo-dragon","9":"first","10":"instock","11":"shipping-taxable","12":"product-type-simple"},"acf":[],"_links":{"self":[{"href":"https:\/\/olemosaic.com\/fr\/wp-json\/wp\/v2\/product\/30163","targetHints":{"allow":["GET"]}}],"collection":[{"href":"https:\/\/olemosaic.com\/fr\/wp-json\/wp\/v2\/product"}],"about":[{"href":"https:\/\/olemosaic.com\/fr\/wp-json\/wp\/v2\/types\/product"}],"wp:featuredmedia":[{"embeddable":true,"href":"https:\/\/olemosaic.com\/fr\/wp-json\/wp\/v2\/media\/6266"}],"wp:attachment":[{"href":"https:\/\/olemosaic.com\/fr\/wp-json\/wp\/v2\/media?parent=30163"}],"wp:term":[{"taxonomy":"product_brand","embeddable":true,"href":"https:\/\/olemosaic.com\/fr\/wp-json\/wp\/v2\/product_brand?post=30163"},{"taxonomy":"product_cat","embeddable":true,"href":"https:\/\/olemosaic.com\/fr\/wp-json\/wp\/v2\/product_cat?post=30163"},{"taxonomy":"product_tag","embeddable":true,"href":"https:\/\/olemosaic.com\/fr\/wp-json\/wp\/v2\/product_tag?post=30163"}],"curies":[{"name":"wp","href":"https:\/\/api.w.org\/{rel}","templated":true}]}}