{"id":30162,"date":"2025-02-20T23:31:42","date_gmt":"2025-02-20T22:31:42","guid":{"rendered":"http:\/\/olemosaic.com\/producto\/dragon-figura-de-resina-de-105-cm-pintada-a-mano\/"},"modified":"2025-07-25T18:47:47","modified_gmt":"2025-07-25T16:47:47","slug":"dragon-figurine-en-mosaique-de-10-5-cm","status":"publish","type":"product","link":"https:\/\/olemosaic.com\/fr\/produit\/dragon-figurine-en-mosaique-de-10-5-cm\/","title":{"rendered":"Dragon. Figurine en mosa\u00efque de 10,5 cm."},"content":{"rendered":"<p>Ce dragon en r\u00e9sine est un souvenir fascinant qui capture l&rsquo;essence du folklore espagnol. Avec 10,5 cm de hauteur, cette pi\u00e8ce d\u00e9corative se distingue par son design vibrant et sa peinture \u00e0 la main exquise, qui lui conf\u00e8re un caract\u00e8re unique et original. La finition en mosa\u00efque, avec des d\u00e9tails complexes en bleu, orange, vert et marron, refl\u00e8te la riche tradition artistique de l&rsquo;Espagne, \u00e9voquant la beaut\u00e9 des c\u00e9l\u00e8bres mosa\u00efques de la r\u00e9gion. Chaque couleur a \u00e9t\u00e9 appliqu\u00e9e avec soin, cr\u00e9ant un effet visuel qui non seulement embellit l&rsquo;objet, mais raconte \u00e9galement des histoires ancestrales de la mythologie et de la culture p\u00e9ninsulaire.<\/p>\n<p>Ce dragon n&rsquo;est pas seulement un objet d\u00e9coratif, mais un v\u00e9ritable symbole culturel qui repr\u00e9sente l&rsquo;ing\u00e9niosit\u00e9 artisanale et la cr\u00e9ativit\u00e9 des artisans locaux. Son style vibrant en fait une pi\u00e8ce id\u00e9ale pour ceux qui cherchent \u00e0 ramener chez eux un morceau du riche h\u00e9ritage culturel espagnol, constituant un cadeau parfait ou un souvenir significatif de leur visite. Chez Ol\u00e9 Mosaic, en tant que grossiste de souvenirs, nous proposons des produits repr\u00e9sentatifs, et ce dragon en r\u00e9sine est une excellente option pour les boutiques souhaitant attirer les touristes en qu\u00eate de souvenirs authentiques et artistiques.<\/p>\n","protected":false},"excerpt":{"rendered":"<p>Figurine d&rsquo;un dragon de 10,5 cm, design artisanal, peint \u00e0 la main, avec un design vibrant et color\u00e9. Cette pi\u00e8ce d\u00e9corative pr\u00e9sente une finition en mosa\u00efque avec des d\u00e9tails en bleu, orange, vert et marron, \u00e9voquant le folklore et la tradition espagnols. Son style artisanal souligne sa singularit\u00e9, en faisant un souvenir attrayant qui refl\u00e8te la richesse culturelle du pays et apporte une touche artistique \u00e0 n&rsquo;importe quel espace.<\/p>\n","protected":false},"featured_media":6269,"template":"","meta":{"_acf_changed":false},"product_brand":[],"product_cat":[540],"product_tag":[],"class_list":{"0":"post-30162","1":"product","2":"type-product","3":"status-publish","4":"has-post-thumbnail","6":"product_cat-chiffres","7":"pa_motivo-dragon","9":"first","10":"instock","11":"shipping-taxable","12":"product-type-simple"},"acf":[],"_links":{"self":[{"href":"https:\/\/olemosaic.com\/fr\/wp-json\/wp\/v2\/product\/30162","targetHints":{"allow":["GET"]}}],"collection":[{"href":"https:\/\/olemosaic.com\/fr\/wp-json\/wp\/v2\/product"}],"about":[{"href":"https:\/\/olemosaic.com\/fr\/wp-json\/wp\/v2\/types\/product"}],"wp:featuredmedia":[{"embeddable":true,"href":"https:\/\/olemosaic.com\/fr\/wp-json\/wp\/v2\/media\/6269"}],"wp:attachment":[{"href":"https:\/\/olemosaic.com\/fr\/wp-json\/wp\/v2\/media?parent=30162"}],"wp:term":[{"taxonomy":"product_brand","embeddable":true,"href":"https:\/\/olemosaic.com\/fr\/wp-json\/wp\/v2\/product_brand?post=30162"},{"taxonomy":"product_cat","embeddable":true,"href":"https:\/\/olemosaic.com\/fr\/wp-json\/wp\/v2\/product_cat?post=30162"},{"taxonomy":"product_tag","embeddable":true,"href":"https:\/\/olemosaic.com\/fr\/wp-json\/wp\/v2\/product_tag?post=30162"}],"curies":[{"name":"wp","href":"https:\/\/api.w.org\/{rel}","templated":true}]}}