{"id":30161,"date":"2025-02-20T23:31:42","date_gmt":"2025-02-20T22:31:42","guid":{"rendered":"http:\/\/olemosaic.com\/producto\/funda-de-telefono-para-iphone-15-pro-tpu-salamandra-negro-2\/"},"modified":"2025-07-25T19:52:54","modified_gmt":"2025-07-25T17:52:54","slug":"coque-de-telephone-pour-iphone-15-pro-tpu-salamandre-noir-2","status":"publish","type":"product","link":"https:\/\/olemosaic.com\/fr\/produit\/coque-de-telephone-pour-iphone-15-pro-tpu-salamandre-noir-2\/","title":{"rendered":"Coque de t\u00e9l\u00e9phone pour iPhone 15 Pro (TPU). Salamandre. Motifs floraux. Noir"},"content":{"rendered":"<p>Ce design exclusif de coque pour iPhone 15 Pro combine esth\u00e9tique et protection de mani\u00e8re exceptionnelle, en faisant un souvenir vibrant et authentique de la richesse culturelle espagnole. Fabriqu\u00e9e en TPU de haute qualit\u00e9, cette coque noire est orn\u00e9e de salamandres color\u00e9es, capturant l&rsquo;essence du folklore du sud de l&rsquo;Espagne. Les salamandres, repr\u00e9sent\u00e9es en diverses couleurs, dansent sur un fond sombre, cr\u00e9ant un contraste visuel percutant. Accompagn\u00e9es d&rsquo;\u00e9l\u00e9gantes fleurs stylis\u00e9es dans des tons bleus et rouges, chaque \u00e9l\u00e9ment refl\u00e8te la diversit\u00e9 et la beaut\u00e9 de la nature, \u00e9voquant la chaleur de la flore espagnole.<\/p>\n<p>La salamandre n&rsquo;est pas seulement un symbole de vie et de transformation dans de nombreuses cultures, mais sa repr\u00e9sentation sur la coque rappelle l&rsquo;engagement de l&rsquo;Espagne envers la protection de son patrimoine naturel et artistique. Cet accessoire ne prot\u00e8ge pas seulement l&rsquo;appareil, il sert \u00e9galement de rappel de la vibrante culture espagnole, id\u00e9al pour les touristes \u00e0 la recherche de souvenirs authentiques et significatifs.<\/p>\n<p>Chez Ol\u00e9 Mosaic, notre approche de la distribution de souvenirs en gros garantit que chaque pi\u00e8ce, comme cette coque de t\u00e9l\u00e9phone, combine qualit\u00e9 et pertinence culturelle, ce qui en fait une excellente option pour les boutiques de cadeaux touristiques souhaitant offrir des produits uniques \u00e0 leurs clients. Avec notre s\u00e9lection de coques, vos clients pourront emporter un morceau d&rsquo;Espagne, profitant d&rsquo;une utilit\u00e9 quotidienne avec une touche d&rsquo;\u00e9l\u00e9gance et de tradition.<\/p>\n","protected":false},"excerpt":{"rendered":"<p>Coque pour iPhone 15 Pro fabriqu\u00e9e en TPU, d\u00e9cor\u00e9e d&rsquo;un design vibrant de salamandres sur fond noir. Cet accessoire attrayant pr\u00e9sente des salamandres de plusieurs couleurs, accompagn\u00e9es de fleurs stylis\u00e9es dans des tons bleu et rouge, \u00e9voquant le folklore color\u00e9 espagnol. Id\u00e9ale pour prot\u00e9ger votre appareil, la coque combine fonctionnalit\u00e9 et esth\u00e9tique, soulignant la diversit\u00e9 et la beaut\u00e9 de la nature.<\/p>\n","protected":false},"featured_media":13030,"template":"","meta":{"_acf_changed":false},"product_brand":[],"product_cat":[674],"product_tag":[530],"class_list":{"0":"post-30161","1":"product","2":"type-product","3":"status-publish","4":"has-post-thumbnail","6":"product_cat-etuis-pour-telephones-portables","7":"product_tag-animaux","8":"pa_motivo-salamandres","10":"first","11":"instock","12":"shipping-taxable","13":"product-type-simple"},"acf":[],"_links":{"self":[{"href":"https:\/\/olemosaic.com\/fr\/wp-json\/wp\/v2\/product\/30161","targetHints":{"allow":["GET"]}}],"collection":[{"href":"https:\/\/olemosaic.com\/fr\/wp-json\/wp\/v2\/product"}],"about":[{"href":"https:\/\/olemosaic.com\/fr\/wp-json\/wp\/v2\/types\/product"}],"wp:featuredmedia":[{"embeddable":true,"href":"https:\/\/olemosaic.com\/fr\/wp-json\/wp\/v2\/media\/13030"}],"wp:attachment":[{"href":"https:\/\/olemosaic.com\/fr\/wp-json\/wp\/v2\/media?parent=30161"}],"wp:term":[{"taxonomy":"product_brand","embeddable":true,"href":"https:\/\/olemosaic.com\/fr\/wp-json\/wp\/v2\/product_brand?post=30161"},{"taxonomy":"product_cat","embeddable":true,"href":"https:\/\/olemosaic.com\/fr\/wp-json\/wp\/v2\/product_cat?post=30161"},{"taxonomy":"product_tag","embeddable":true,"href":"https:\/\/olemosaic.com\/fr\/wp-json\/wp\/v2\/product_tag?post=30161"}],"curies":[{"name":"wp","href":"https:\/\/api.w.org\/{rel}","templated":true}]}}