{"id":30160,"date":"2025-02-20T22:31:42","date_gmt":"2025-02-20T22:31:42","guid":{"rendered":"http:\/\/olemosaic.com\/producto\/funda-de-telefono-para-iphone-13-promax-tpu-gato-mallorca-negro\/"},"modified":"2025-07-25T20:36:04","modified_gmt":"2025-07-25T18:36:04","slug":"coque-de-telephone-pour-iphone-13-promax-tpu-chat-majorque-noir","status":"publish","type":"product","link":"https:\/\/olemosaic.com\/fr\/produit\/coque-de-telephone-pour-iphone-13-promax-tpu-chat-majorque-noir\/","title":{"rendered":"Coque de t\u00e9l\u00e9phone pour iPhone 13 Pro Max (TPU). Chat. Majorque. Noir"},"content":{"rendered":"<p>Ce design exclusif de coque pour iPhone 13 Pro Max offre une magnifique repr\u00e9sentation de Majorque, mettant en avant un chat color\u00e9 dans un \u00e9l\u00e9gant style mosa\u00efque. Fabriqu\u00e9e en TPU de haute qualit\u00e9, cette coque ne prot\u00e8ge pas seulement votre appareil, mais apporte \u00e9galement une touche artistique et vibrante \u00e0 votre quotidien. L&rsquo;illustration pr\u00e9sente un chat color\u00e9 avec diff\u00e9rentes nuances entrelac\u00e9es, cr\u00e9ant un effet visuel captivant, tandis que plusieurs papillons aux tons joyeux entourent le f\u00e9lin, symbolisant la beaut\u00e9 et la joie de la nature majorquine.<\/p>\n<p>La base noire de la coque fait ressortir les couleurs vives du design, apportant contraste et \u00e9l\u00e9gance, et inclut le mot \u00ab\u00a0Mallorca\u00a0\u00bb dans une typographie charmante qui immortalise l&rsquo;essence de l&rsquo;\u00eele. Ce souvenir n&rsquo;est pas seulement un accessoire fonctionnel, mais un souvenir authentique de la riche culture majorquine, faisant de chaque regard sur votre t\u00e9l\u00e9phone une exp\u00e9rience nostalgique et sp\u00e9ciale. La coque chat de Majorque est une id\u00e9e fantastique pour les touristes \u00e0 la recherche d&rsquo;un cadeau unique et significatif, ainsi qu&rsquo;une excellente option pour les boutiques souhaitant proposer des souvenirs de haute qualit\u00e9. Chez Ol\u00e9 Mosaic, nous sommes distributeurs de coques de t\u00e9l\u00e9phone et d&rsquo;autres souvenirs repr\u00e9sentant le meilleur de la tradition espagnole, parfaits pour attirer vos clients en qu\u00eate de souvenirs v\u00e9ritablement authentiques.<\/p>\n","protected":false},"excerpt":{"rendered":"<p>Coque pour iPhone 13 Pro Max en TPU, avec un design color\u00e9 de chat inspir\u00e9 de Majorque. Cet accessoire se distingue par son illustration en mosa\u00efque aux tonalit\u00e9s vibrantes, entour\u00e9e de papillons qui apportent une touche de vie et de joie. La base noire rehausse les couleurs, tandis que le texte \u00ab\u00a0Mallorca\u00a0\u00bb ajoute un d\u00e9tail charmant qui refl\u00e8te l&rsquo;essence de l&rsquo;\u00eele. Parfaite pour prot\u00e9ger votre t\u00e9l\u00e9phone avec style et personnalit\u00e9.<\/p>\n","protected":false},"featured_media":12953,"template":"","meta":{"_acf_changed":false},"product_brand":[],"product_cat":[674],"product_tag":[530],"class_list":{"0":"post-30160","1":"product","2":"type-product","3":"status-publish","4":"has-post-thumbnail","6":"product_cat-etuis-pour-telephones-portables","7":"product_tag-animaux","8":"pa_ciudad-mallorca","9":"pa_motivo-chats","10":"pa_pais-espana","12":"first","13":"instock","14":"shipping-taxable","15":"product-type-simple"},"acf":[],"_links":{"self":[{"href":"https:\/\/olemosaic.com\/fr\/wp-json\/wp\/v2\/product\/30160","targetHints":{"allow":["GET"]}}],"collection":[{"href":"https:\/\/olemosaic.com\/fr\/wp-json\/wp\/v2\/product"}],"about":[{"href":"https:\/\/olemosaic.com\/fr\/wp-json\/wp\/v2\/types\/product"}],"wp:featuredmedia":[{"embeddable":true,"href":"https:\/\/olemosaic.com\/fr\/wp-json\/wp\/v2\/media\/12953"}],"wp:attachment":[{"href":"https:\/\/olemosaic.com\/fr\/wp-json\/wp\/v2\/media?parent=30160"}],"wp:term":[{"taxonomy":"product_brand","embeddable":true,"href":"https:\/\/olemosaic.com\/fr\/wp-json\/wp\/v2\/product_brand?post=30160"},{"taxonomy":"product_cat","embeddable":true,"href":"https:\/\/olemosaic.com\/fr\/wp-json\/wp\/v2\/product_cat?post=30160"},{"taxonomy":"product_tag","embeddable":true,"href":"https:\/\/olemosaic.com\/fr\/wp-json\/wp\/v2\/product_tag?post=30160"}],"curies":[{"name":"wp","href":"https:\/\/api.w.org\/{rel}","templated":true}]}}