{"id":30128,"date":"2025-02-20T22:31:41","date_gmt":"2025-02-20T22:31:41","guid":{"rendered":"http:\/\/olemosaic.com\/producto\/funda-de-telefono-para-samsung-a13-tpu-abstracto-verde\/"},"modified":"2025-07-25T20:26:07","modified_gmt":"2025-07-25T18:26:07","slug":"coque-de-telephone-pour-samsung-a13-tpu-abstrait-vert","status":"publish","type":"product","link":"https:\/\/olemosaic.com\/fr\/produit\/coque-de-telephone-pour-samsung-a13-tpu-abstrait-vert\/","title":{"rendered":"Coque de t\u00e9l\u00e9phone pour Samsung A13 (TPU). Abstrait. Vert"},"content":{"rendered":"<p>Ce design abstrait de coque pour le Samsung A13 est une c\u00e9l\u00e9bration de l&rsquo;art vibrant de la mosa\u00efque espagnole, id\u00e9al pour ceux qui souhaitent prot\u00e9ger leur appareil avec style. Fabriqu\u00e9e en TPU de haute qualit\u00e9, cette coque offre une excellente durabilit\u00e9 et une protection efficace contre les chocs et les rayures, garantissant que votre t\u00e9l\u00e9phone conserve sa beaut\u00e9 d&rsquo;origine. L&rsquo;aspect visuel se compose d&rsquo;un jeu de couleurs exub\u00e9rant comprenant des tons verts, bleus, oranges et beiges, cr\u00e9ant un effet g\u00e9om\u00e9trique dynamique qui \u00e9voque la riche tradition des mosa\u00efques ornant les rues et les b\u00e2timents d&rsquo;Espagne.<\/p>\n<p>Le design abstrait combine formes et couleurs de mani\u00e8re fluide, apportant une touche artistique et contemporaine qui fera ressortir votre t\u00e9l\u00e9phone. Chaque mosa\u00efque rappelle les chefs-d&rsquo;\u0153uvre de l&rsquo;architecture andalouse et les carreaux complexes qui racontent l&rsquo;histoire culturelle de la r\u00e9gion. Ce souvenir n&rsquo;est pas seulement une coque, mais une pi\u00e8ce de conversation qui relie les touristes \u00e0 l&rsquo;h\u00e9ritage artistique de l&rsquo;Espagne.<\/p>\n<p>Chez Ol\u00e9 Mosaic, nous nous sp\u00e9cialisons dans la distribution de souvenirs en gros, et cette coque de t\u00e9l\u00e9phone repr\u00e9sente une excellente option pour les boutiques de cadeaux touristiques cherchant \u00e0 offrir \u00e0 leurs clients un produit authentique avec une valeur culturelle significative. Avec notre s\u00e9lection de coques, assurez-vous que votre catalogue soit rempli d&rsquo;accessoires de qualit\u00e9 attrayants pour les amateurs de design unique et color\u00e9.<\/p>\n","protected":false},"excerpt":{"rendered":"<p>Coque pour t\u00e9l\u00e9phone Samsung A13 fabriqu\u00e9e en TPU, avec un design abstrait \u00e9voquant le style des mosa\u00efques. Elle pr\u00e9sente un jeu abondant de couleurs dans des tons verts, bleus, oranges et beiges, cr\u00e9ant une image vibrante et g\u00e9om\u00e9trique. Cet accessoire prot\u00e8ge votre appareil tout en ajoutant une touche artistique, id\u00e9al pour ceux qui appr\u00e9cient le design contemporain et les motifs uniques inspir\u00e9s de la tradition de la mosa\u00efque espagnole.<\/p>\n","protected":false},"featured_media":12522,"template":"","meta":{"_acf_changed":false},"product_brand":[],"product_cat":[674],"product_tag":[],"class_list":{"0":"post-30128","1":"product","2":"type-product","3":"status-publish","4":"has-post-thumbnail","6":"product_cat-etuis-pour-telephones-portables","7":"pa_motivo-resume","9":"first","10":"instock","11":"shipping-taxable","12":"product-type-simple"},"acf":[],"_links":{"self":[{"href":"https:\/\/olemosaic.com\/fr\/wp-json\/wp\/v2\/product\/30128","targetHints":{"allow":["GET"]}}],"collection":[{"href":"https:\/\/olemosaic.com\/fr\/wp-json\/wp\/v2\/product"}],"about":[{"href":"https:\/\/olemosaic.com\/fr\/wp-json\/wp\/v2\/types\/product"}],"wp:featuredmedia":[{"embeddable":true,"href":"https:\/\/olemosaic.com\/fr\/wp-json\/wp\/v2\/media\/12522"}],"wp:attachment":[{"href":"https:\/\/olemosaic.com\/fr\/wp-json\/wp\/v2\/media?parent=30128"}],"wp:term":[{"taxonomy":"product_brand","embeddable":true,"href":"https:\/\/olemosaic.com\/fr\/wp-json\/wp\/v2\/product_brand?post=30128"},{"taxonomy":"product_cat","embeddable":true,"href":"https:\/\/olemosaic.com\/fr\/wp-json\/wp\/v2\/product_cat?post=30128"},{"taxonomy":"product_tag","embeddable":true,"href":"https:\/\/olemosaic.com\/fr\/wp-json\/wp\/v2\/product_tag?post=30128"}],"curies":[{"name":"wp","href":"https:\/\/api.w.org\/{rel}","templated":true}]}}