{"id":30127,"date":"2025-02-20T23:31:41","date_gmt":"2025-02-20T22:31:41","guid":{"rendered":"http:\/\/olemosaic.com\/producto\/dedal-de-ceramica-patio-sevilla-blanco\/"},"modified":"2025-07-25T19:34:45","modified_gmt":"2025-07-25T17:34:45","slug":"de-a-coudre-en-ceramique-patio-seville-blanc","status":"publish","type":"product","link":"https:\/\/olemosaic.com\/fr\/produit\/de-a-coudre-en-ceramique-patio-seville-blanc\/","title":{"rendered":"D\u00e9 \u00e0 coudre en c\u00e9ramique. Patio. S\u00e9ville. Blanc"},"content":{"rendered":"<p>Ce d\u00e9 \u00e0 coudre en c\u00e9ramique peint \u00e0 la main, inspir\u00e9 du folklore vibrant de S\u00e9ville, est un v\u00e9ritable bijou qui capture l&rsquo;essence de la culture andalouse. Son design charmant pr\u00e9sente une danseuse de flamenco v\u00eatue d&rsquo;une \u00e9blouissante robe \u00e0 pois rouges, tenant avec gr\u00e2ce une ombrelle. La base blanche du d\u00e9 souligne la d\u00e9licatesse de la c\u00e9ramique, offrant un contraste attrayant avec les couleurs vives utilis\u00e9es dans la repr\u00e9sentation. \u00c0 c\u00f4t\u00e9 de la danseuse, le mot \u00ab\u00a0Sevilla\u00a0\u00bb appara\u00eet dans une typographie stylis\u00e9e, ajoutant une touche distinctive et c\u00e9l\u00e9brant l&rsquo;origine de ce magnifique souvenir.<\/p>\n<p>Ce d\u00e9 n&rsquo;est pas seulement un objet utile pour les amateurs de couture, mais aussi un bel \u00e9l\u00e9ment d\u00e9coratif qui \u00e9voquera les souvenirs de S\u00e9ville \u00e0 chaque utilisation. Sa taille compacte en fait un cadeau id\u00e9al pour les touristes et un excellent ajout \u00e0 toute collection de souvenirs. En tant que produit repr\u00e9sentant la riche tradition flamenca, il souligne l&rsquo;authenticit\u00e9 et la valeur culturelle de la r\u00e9gion. Chez Ol\u00e9 Mosaic, nous sommes fiers de proposer des souvenirs qui refl\u00e8tent la richesse des traditions espagnoles, et ce d\u00e9 \u00e0 coudre en c\u00e9ramique est parfait pour les boutiques de cadeaux touristiques \u00e0 la recherche de produits authentiques et int\u00e9ressants. Avec ce d\u00e9 flamenco, chaque client pourra emporter avec lui un petit morceau de S\u00e9ville et de son vibrant h\u00e9ritage culturel.<\/p>\n","protected":false},"excerpt":{"rendered":"<p>D\u00e9 \u00e0 coudre en c\u00e9ramique au design artisanal, peint \u00e0 la main, inspir\u00e9 du folklore vibrant de S\u00e9ville. Ce charmant d\u00e9 pr\u00e9sente une danseuse de flamenco avec une robe \u00e0 pois rouges et une ombrelle, entour\u00e9e de d\u00e9tails color\u00e9s. La base blanche du d\u00e9 souligne la d\u00e9licatesse de la c\u00e9ramique, tandis que le texte \u00ab\u00a0Sevilla\u00a0\u00bb ajoute une touche distinctive. Parfait comme souvenir ou cadeau, il capture l&rsquo;essence de la culture andalouse dans un petit objet d\u00e9coratif.<\/p>\n","protected":false},"featured_media":8329,"template":"","meta":{"_acf_changed":false},"product_brand":[],"product_cat":[603],"product_tag":[585],"class_list":{"0":"post-30127","1":"product","2":"type-product","3":"status-publish","4":"has-post-thumbnail","6":"product_cat-des-a-coudre","7":"product_tag-ceramique","8":"pa_ciudad-sevilla","9":"pa_motivo-cours-interieures","10":"pa_pais-espana","12":"first","13":"instock","14":"shipping-taxable","15":"product-type-simple"},"acf":[],"_links":{"self":[{"href":"https:\/\/olemosaic.com\/fr\/wp-json\/wp\/v2\/product\/30127","targetHints":{"allow":["GET"]}}],"collection":[{"href":"https:\/\/olemosaic.com\/fr\/wp-json\/wp\/v2\/product"}],"about":[{"href":"https:\/\/olemosaic.com\/fr\/wp-json\/wp\/v2\/types\/product"}],"wp:featuredmedia":[{"embeddable":true,"href":"https:\/\/olemosaic.com\/fr\/wp-json\/wp\/v2\/media\/8329"}],"wp:attachment":[{"href":"https:\/\/olemosaic.com\/fr\/wp-json\/wp\/v2\/media?parent=30127"}],"wp:term":[{"taxonomy":"product_brand","embeddable":true,"href":"https:\/\/olemosaic.com\/fr\/wp-json\/wp\/v2\/product_brand?post=30127"},{"taxonomy":"product_cat","embeddable":true,"href":"https:\/\/olemosaic.com\/fr\/wp-json\/wp\/v2\/product_cat?post=30127"},{"taxonomy":"product_tag","embeddable":true,"href":"https:\/\/olemosaic.com\/fr\/wp-json\/wp\/v2\/product_tag?post=30127"}],"curies":[{"name":"wp","href":"https:\/\/api.w.org\/{rel}","templated":true}]}}