{"id":30126,"date":"2025-02-20T23:31:41","date_gmt":"2025-02-20T22:31:41","guid":{"rendered":"http:\/\/olemosaic.com\/producto\/dedal-de-ceramica-bogavante-blanco\/"},"modified":"2025-07-25T18:37:41","modified_gmt":"2025-07-25T16:37:41","slug":"de-a-coudre-en-ceramique-homard-blanc","status":"publish","type":"product","link":"https:\/\/olemosaic.com\/fr\/produit\/de-a-coudre-en-ceramique-homard-blanc\/","title":{"rendered":"D\u00e9 \u00e0 coudre en c\u00e9ramique. Homard. Blanc"},"content":{"rendered":"<p>Ce d\u00e9 \u00e0 coudre en c\u00e9ramique peint \u00e0 la main, d\u00e9cor\u00e9 d&rsquo;un motif vibrant de homards, est un v\u00e9ritable hommage \u00e0 la riche tradition culinaire du littoral espagnol. Son fond blanc fait ressortir les illustrations \u00e9labor\u00e9es de homards dans des tons chauds et vifs, soulignant le lien avec les fruits de mer, si embl\u00e9matiques de la gastronomie du pays. La forme classique du d\u00e9, associ\u00e9e \u00e0 sa finition d\u00e9licate, en fait non seulement un objet fonctionnel pour les passionn\u00e9s de couture, mais aussi un \u00e9l\u00e9gant compl\u00e9ment d\u00e9coratif.<\/p>\n<p>Chaque d\u00e9tail du design capture l&rsquo;essence et la saveur de la c\u00f4te, \u00e9voquant des souvenirs de longues journ\u00e9es \u00e0 la plage et de d\u00eeners en plein air. Ce souvenir est parfait pour ceux qui souhaitent emporter un morceau de la mer espagnole chez eux, que ce soit pour une collection ou comme cadeau pour des amis et de la famille. De plus, sa pertinence culturelle en fait un repr\u00e9sentant id\u00e9al du patrimoine local, un produit qui refl\u00e8te l&rsquo;authenticit\u00e9 et la qualit\u00e9 de l&rsquo;artisanat espagnol.<\/p>\n<p>Chez Ol\u00e9 Mosaic, nos d\u00e9s \u00e0 coudre en c\u00e9ramique sont des souvenirs qui repr\u00e9sentent la diversit\u00e9 culturelle et la richesse des lieux qu&rsquo;ils symbolisent. Ce d\u00e9 homard est une excellente option pour les boutiques de cadeaux touristiques recherchant des produits alliant fonctionnalit\u00e9 et culture. En tant que grossistes de d\u00e9s \u00e0 coudre, nous garantissons que chaque pi\u00e8ce est con\u00e7ue et fabriqu\u00e9e avec une attention particuli\u00e8re aux d\u00e9tails, en faisant un souvenir inoubliable de votre voyage.<\/p>\n","protected":false},"excerpt":{"rendered":"<p>D\u00e9 \u00e0 coudre en c\u00e9ramique au design artisanal, peint \u00e0 la main, d\u00e9cor\u00e9 d&rsquo;un motif vibrant de homards sur fond blanc. Ce charmant d\u00e9 pr\u00e9sente des d\u00e9tails \u00e9labor\u00e9s dans des couleurs chaudes et vives, mettant en valeur la figure du homard et \u00e9voquant le riche patrimoine culinaire marin. Avec une forme classique et une finition d\u00e9licate, c&rsquo;est un souvenir parfait pour ceux qui souhaitent apporter une touche de saveur de la mer espagnole dans leur foyer. Id\u00e9al aussi bien pour les collectionneurs que pour les amateurs d&rsquo;artisanat.<\/p>\n","protected":false},"featured_media":9482,"template":"","meta":{"_acf_changed":false},"product_brand":[],"product_cat":[603],"product_tag":[530,585],"class_list":{"0":"post-30126","1":"product","2":"type-product","3":"status-publish","4":"has-post-thumbnail","6":"product_cat-des-a-coudre","7":"product_tag-animaux","8":"product_tag-ceramique","9":"pa_motivo-homards","11":"first","12":"instock","13":"shipping-taxable","14":"product-type-simple"},"acf":[],"_links":{"self":[{"href":"https:\/\/olemosaic.com\/fr\/wp-json\/wp\/v2\/product\/30126","targetHints":{"allow":["GET"]}}],"collection":[{"href":"https:\/\/olemosaic.com\/fr\/wp-json\/wp\/v2\/product"}],"about":[{"href":"https:\/\/olemosaic.com\/fr\/wp-json\/wp\/v2\/types\/product"}],"wp:featuredmedia":[{"embeddable":true,"href":"https:\/\/olemosaic.com\/fr\/wp-json\/wp\/v2\/media\/9482"}],"wp:attachment":[{"href":"https:\/\/olemosaic.com\/fr\/wp-json\/wp\/v2\/media?parent=30126"}],"wp:term":[{"taxonomy":"product_brand","embeddable":true,"href":"https:\/\/olemosaic.com\/fr\/wp-json\/wp\/v2\/product_brand?post=30126"},{"taxonomy":"product_cat","embeddable":true,"href":"https:\/\/olemosaic.com\/fr\/wp-json\/wp\/v2\/product_cat?post=30126"},{"taxonomy":"product_tag","embeddable":true,"href":"https:\/\/olemosaic.com\/fr\/wp-json\/wp\/v2\/product_tag?post=30126"}],"curies":[{"name":"wp","href":"https:\/\/api.w.org\/{rel}","templated":true}]}}