{"id":30104,"date":"2025-02-20T23:31:41","date_gmt":"2025-02-20T22:31:41","guid":{"rendered":"http:\/\/olemosaic.com\/producto\/dedal-de-ceramica-bailaora-beige\/"},"modified":"2025-07-25T18:37:43","modified_gmt":"2025-07-25T16:37:43","slug":"de-a-coudre-en-ceramique-danseuse-flamenco-beige","status":"publish","type":"product","link":"https:\/\/olemosaic.com\/fr\/produit\/de-a-coudre-en-ceramique-danseuse-flamenco-beige\/","title":{"rendered":"D\u00e9 \u00e0 coudre en c\u00e9ramique. Danseuse de Flamenco. Beige"},"content":{"rendered":"<p>Ce d\u00e9 \u00e0 coudre en c\u00e9ramique peint \u00e0 la main est un charmant hommage \u00e0 l&rsquo;art flamenco et \u00e0 la richesse culturelle espagnole. Son design pr\u00e9sente une danseuse en plein mouvement, v\u00eatue d&rsquo;un costume vibrant et color\u00e9, orn\u00e9 de mosa\u00efques qui refl\u00e8tent la joie et le dynamisme de cette expression artistique traditionnelle. La danseuse tient une magnifique fleur rouge \u00e0 la main, symbole de passion et d&rsquo;amour, tandis que le fond, dans des tons beiges et verts, offre un contraste d\u00e9licat qui rehausse la vivacit\u00e9 de la figure centrale.<\/p>\n<p>Plus qu&rsquo;un simple d\u00e9 \u00e0 coudre, ce souvenir est un souvenir authentique d&rsquo;Andalousie qui capture l&rsquo;essence du flamenco, une danse reconnue internationalement pour son expressivit\u00e9 et sa profondeur culturelle. Sa finition m\u00e9ticuleuse en fait une pi\u00e8ce id\u00e9ale pour les collectionneurs et les amateurs de culture espagnole. De plus, ce d\u00e9 \u00e0 coudre en c\u00e9ramique est parfait comme cadeau et constitue \u00e9galement un souvenir attrayant d&rsquo;un voyage m\u00e9morable. Chez Ol\u00e9 Mosaic, nous nous consacrons \u00e0 la distribution de souvenirs en gros, offrant des produits qui sont de v\u00e9ritables repr\u00e9sentations de la tradition espagnole. Ce d\u00e9 est une option id\u00e9ale pour les boutiques de cadeaux touristiques recherchant authenticit\u00e9 et qualit\u00e9 dans leurs produits.<\/p>\n","protected":false},"excerpt":{"rendered":"<p>D\u00e9 \u00e0 coudre en c\u00e9ramique au design artisanal, peint \u00e0 la main, inspir\u00e9 par l&rsquo;art et la beaut\u00e9 de la culture flamenca espagnole. Ce d\u00e9 d\u00e9licat pr\u00e9sente l&rsquo;illustration d&rsquo;une danseuse v\u00eatue d&rsquo;un costume aux couleurs vibrantes, orn\u00e9 de mosa\u00efques, tout en tenant une fleur rouge, le tout encadr\u00e9 par une finition dans des tons beiges et verts. Id\u00e9al pour les collectionneurs, ce souvenir capture l&rsquo;essence du flamenco et est parfait comme cadeau ou souvenir d&rsquo;Andalousie.<\/p>\n","protected":false},"featured_media":8480,"template":"","meta":{"_acf_changed":false},"product_brand":[],"product_cat":[603],"product_tag":[585],"class_list":{"0":"post-30104","1":"product","2":"type-product","3":"status-publish","4":"has-post-thumbnail","6":"product_cat-des-a-coudre","7":"product_tag-ceramique","8":"pa_motivo-danseurs","10":"first","11":"instock","12":"shipping-taxable","13":"product-type-simple"},"acf":[],"_links":{"self":[{"href":"https:\/\/olemosaic.com\/fr\/wp-json\/wp\/v2\/product\/30104","targetHints":{"allow":["GET"]}}],"collection":[{"href":"https:\/\/olemosaic.com\/fr\/wp-json\/wp\/v2\/product"}],"about":[{"href":"https:\/\/olemosaic.com\/fr\/wp-json\/wp\/v2\/types\/product"}],"wp:featuredmedia":[{"embeddable":true,"href":"https:\/\/olemosaic.com\/fr\/wp-json\/wp\/v2\/media\/8480"}],"wp:attachment":[{"href":"https:\/\/olemosaic.com\/fr\/wp-json\/wp\/v2\/media?parent=30104"}],"wp:term":[{"taxonomy":"product_brand","embeddable":true,"href":"https:\/\/olemosaic.com\/fr\/wp-json\/wp\/v2\/product_brand?post=30104"},{"taxonomy":"product_cat","embeddable":true,"href":"https:\/\/olemosaic.com\/fr\/wp-json\/wp\/v2\/product_cat?post=30104"},{"taxonomy":"product_tag","embeddable":true,"href":"https:\/\/olemosaic.com\/fr\/wp-json\/wp\/v2\/product_tag?post=30104"}],"curies":[{"name":"wp","href":"https:\/\/api.w.org\/{rel}","templated":true}]}}