{"id":30103,"date":"2025-02-20T23:31:41","date_gmt":"2025-02-20T22:31:41","guid":{"rendered":"http:\/\/olemosaic.com\/producto\/dedal-de-ceramica-mijas-blanco\/"},"modified":"2025-07-25T20:01:00","modified_gmt":"2025-07-25T18:01:00","slug":"de-a-coudre-en-ceramique-mijas-blanc","status":"publish","type":"product","link":"https:\/\/olemosaic.com\/fr\/produit\/de-a-coudre-en-ceramique-mijas-blanc\/","title":{"rendered":"D\u00e9 \u00e0 coudre en c\u00e9ramique. Mijas. Blanc"},"content":{"rendered":"<p>Ce d\u00e9 \u00e0 coudre en c\u00e9ramique peint \u00e0 la main est un authentique souvenir de Mijas, capturant l&rsquo;essence de ce charmant village andalou. Avec sa teinte blanche, le d\u00e9 resplendit d&rsquo;illustrations vibrantes de maisons traditionnelles orn\u00e9es de fleurs, \u00e9voquant la beaut\u00e9 et la chaleur du paysage andalou. Les d\u00e9tails m\u00e9ticuleusement \u00e9labor\u00e9s montrent l&rsquo;architecture typique de Mijas, avec des fa\u00e7ades blanchies \u00e0 la chaux et des touches de couleur imitant l&rsquo;ambiance florale exub\u00e9rante qui caract\u00e9rise la r\u00e9gion.<\/p>\n<p>La d\u00e9coration du d\u00e9 inclut des affiches color\u00e9es et des \u00e9l\u00e9ments qui soulignent la vie quotidienne du village, en faisant une pi\u00e8ce id\u00e9ale pour les collectionneurs ou les amateurs de culture. Avec un design compact, sa fonctionnalit\u00e9 est compl\u00e9t\u00e9e par sa valeur d&rsquo;objet d\u00e9coratif, apportant une touche culturelle qui rappelle \u00e0 ceux qui ont eu l&rsquo;opportunit\u00e9 de visiter cette destination unique.<\/p>\n<p>Ce d\u00e9 n&rsquo;est pas seulement un souvenir de Mijas, il symbolise \u00e9galement la riche tradition artisanale de la r\u00e9gion. Chez Ol\u00e9 Mosaic, en tant que distributeurs de souvenirs en gros, nous proposons des produits qui refl\u00e8tent l&rsquo;authenticit\u00e9 et la beaut\u00e9 du patrimoine espagnol, faisant de ce d\u00e9 une excellente option pour les boutiques de cadeaux touristiques cherchant \u00e0 offrir des souvenirs repr\u00e9sentatifs et de qualit\u00e9.<\/p>\n","protected":false},"excerpt":{"rendered":"<p>D\u00e9 \u00e0 coudre en c\u00e9ramique au design artisanal, peint \u00e0 la main, repr\u00e9sentant des sc\u00e8nes typiques de Mijas. Ce charmant d\u00e9 blanc pr\u00e9sente des illustrations vibrantes de maisons andalouses avec des fleurs, refl\u00e9tant le style authentique du village. Avec des d\u00e9tails soigneusement \u00e9labor\u00e9s, c&rsquo;est une pi\u00e8ce d\u00e9corative id\u00e9ale pour les collectionneurs, \u00e9voquant l&rsquo;essence et la beaut\u00e9 du paysage andalou. Son design compact le rend parfait pour ajouter une touche culturelle \u00e0 n&rsquo;importe quel int\u00e9rieur.<\/p>\n","protected":false},"featured_media":10022,"template":"","meta":{"_acf_changed":false},"product_brand":[],"product_cat":[603],"product_tag":[585],"class_list":{"0":"post-30103","1":"product","2":"type-product","3":"status-publish","4":"has-post-thumbnail","6":"product_cat-des-a-coudre","7":"product_tag-ceramique","8":"pa_ciudad-mijas","9":"pa_pais-espana","11":"first","12":"instock","13":"shipping-taxable","14":"product-type-simple"},"acf":[],"_links":{"self":[{"href":"https:\/\/olemosaic.com\/fr\/wp-json\/wp\/v2\/product\/30103","targetHints":{"allow":["GET"]}}],"collection":[{"href":"https:\/\/olemosaic.com\/fr\/wp-json\/wp\/v2\/product"}],"about":[{"href":"https:\/\/olemosaic.com\/fr\/wp-json\/wp\/v2\/types\/product"}],"wp:featuredmedia":[{"embeddable":true,"href":"https:\/\/olemosaic.com\/fr\/wp-json\/wp\/v2\/media\/10022"}],"wp:attachment":[{"href":"https:\/\/olemosaic.com\/fr\/wp-json\/wp\/v2\/media?parent=30103"}],"wp:term":[{"taxonomy":"product_brand","embeddable":true,"href":"https:\/\/olemosaic.com\/fr\/wp-json\/wp\/v2\/product_brand?post=30103"},{"taxonomy":"product_cat","embeddable":true,"href":"https:\/\/olemosaic.com\/fr\/wp-json\/wp\/v2\/product_cat?post=30103"},{"taxonomy":"product_tag","embeddable":true,"href":"https:\/\/olemosaic.com\/fr\/wp-json\/wp\/v2\/product_tag?post=30103"}],"curies":[{"name":"wp","href":"https:\/\/api.w.org\/{rel}","templated":true}]}}