{"id":30102,"date":"2025-02-20T22:31:41","date_gmt":"2025-02-20T22:31:41","guid":{"rendered":"http:\/\/olemosaic.com\/producto\/dedal-de-ceramica-salamandra-barcelona-beige\/"},"modified":"2025-07-25T19:09:17","modified_gmt":"2025-07-25T17:09:17","slug":"de-a-coudre-en-ceramique-salamandre-barcelone-beige","status":"publish","type":"product","link":"https:\/\/olemosaic.com\/fr\/produit\/de-a-coudre-en-ceramique-salamandre-barcelone-beige\/","title":{"rendered":"D\u00e9 \u00e0 coudre en c\u00e9ramique. Salamandre. Barcelone. Beige"},"content":{"rendered":"<p>Ce d\u00e9 \u00e0 coudre en c\u00e9ramique, inspir\u00e9 de la faune barcelonaise, est un v\u00e9ritable hommage \u00e0 la richesse culturelle et artistique de la ville. Son design vibrant pr\u00e9sente une salamandre color\u00e9e orn\u00e9e de fleurs, capturant l&rsquo;essence de l&rsquo;art moderniste qui caract\u00e9rise Barcelone. Le d\u00e9, dans des tons beiges avec un liser\u00e9 rouge, met en valeur aussi bien la salamandre que les motifs floraux, dans un motif qui rappelle les \u0153uvres d&rsquo;Antoni Gaud\u00ed, c\u00e9l\u00e8bre pour int\u00e9grer des \u00e9l\u00e9ments naturels dans son architecture.<\/p>\n<p>Le mot \u00ab Barcelone \u00bb est \u00e9l\u00e9gamment imprim\u00e9 dans un style qui compl\u00e8te le reste du design, faisant de ce d\u00e9 un souvenir id\u00e9al, non seulement pour les collectionneurs, mais aussi pour ceux qui souhaitent emporter un morceau de Barcelone. Les dimensions de ce d\u00e9 le rendent parfait pour des usages pratiques ou d\u00e9coratifs, offrant une connexion tangible avec la faune et la flore vibrantes que l&rsquo;on peut trouver dans la ville.<\/p>\n<p>Chez Ol\u00e9 Mosaic, nous sommes fiers de proposer des souvenirs qui refl\u00e8tent l&rsquo;authenticit\u00e9 et l&rsquo;esprit local. Ce d\u00e9 \u00e0 coudre en c\u00e9ramique est une excellente option pour les boutiques de cadeaux touristiques \u00e0 la recherche de produits distinctifs et culturellement significatifs. Avec la qualit\u00e9 que nous garantissons en tant que grossiste de souvenirs, ce d\u00e9 devient un souvenir parfait de Barcelone, id\u00e9al pour les touristes qui souhaitent emporter une partie de la culture et de l&rsquo;art de cette merveilleuse ville.<\/p>\n","protected":false},"excerpt":{"rendered":"<p>D\u00e9 \u00e0 coudre en c\u00e9ramique inspir\u00e9 de la faune barcelonaise, orn\u00e9 d&rsquo;une salamandre color\u00e9e et de fleurs. Ce d\u00e9 distinctif pr\u00e9sente un design dans des tons beiges avec un bord rouge, o\u00f9 la salamandre se d\u00e9tache dans un motif vibrant refl\u00e9tant le style artistique de la ville. Le mot \u00ab Barcelone \u00bb est \u00e9l\u00e9gamment imprim\u00e9, faisant de ce d\u00e9 un souvenir parfait qui capture l&rsquo;essence culturelle et artistique de la ville. Id\u00e9al pour les collectionneurs et les amateurs d&rsquo;artisanat.<\/p>\n","protected":false},"featured_media":8477,"template":"","meta":{"_acf_changed":false},"product_brand":[],"product_cat":[603],"product_tag":[530,585],"class_list":{"0":"post-30102","1":"product","2":"type-product","3":"status-publish","4":"has-post-thumbnail","6":"product_cat-des-a-coudre","7":"product_tag-animaux","8":"product_tag-ceramique","9":"pa_ciudad-barcelona","10":"pa_motivo-salamandres","11":"pa_pais-espana","13":"first","14":"instock","15":"shipping-taxable","16":"product-type-simple"},"acf":[],"_links":{"self":[{"href":"https:\/\/olemosaic.com\/fr\/wp-json\/wp\/v2\/product\/30102","targetHints":{"allow":["GET"]}}],"collection":[{"href":"https:\/\/olemosaic.com\/fr\/wp-json\/wp\/v2\/product"}],"about":[{"href":"https:\/\/olemosaic.com\/fr\/wp-json\/wp\/v2\/types\/product"}],"wp:featuredmedia":[{"embeddable":true,"href":"https:\/\/olemosaic.com\/fr\/wp-json\/wp\/v2\/media\/8477"}],"wp:attachment":[{"href":"https:\/\/olemosaic.com\/fr\/wp-json\/wp\/v2\/media?parent=30102"}],"wp:term":[{"taxonomy":"product_brand","embeddable":true,"href":"https:\/\/olemosaic.com\/fr\/wp-json\/wp\/v2\/product_brand?post=30102"},{"taxonomy":"product_cat","embeddable":true,"href":"https:\/\/olemosaic.com\/fr\/wp-json\/wp\/v2\/product_cat?post=30102"},{"taxonomy":"product_tag","embeddable":true,"href":"https:\/\/olemosaic.com\/fr\/wp-json\/wp\/v2\/product_tag?post=30102"}],"curies":[{"name":"wp","href":"https:\/\/api.w.org\/{rel}","templated":true}]}}