{"id":30101,"date":"2025-02-20T23:31:41","date_gmt":"2025-02-20T22:31:41","guid":{"rendered":"http:\/\/olemosaic.com\/producto\/dedal-de-ceramica-panoramica-barcelona-beige\/"},"modified":"2025-07-25T19:43:07","modified_gmt":"2025-07-25T17:43:07","slug":"de-a-coudre-en-ceramique-panoramique-barcelone-beige","status":"publish","type":"product","link":"https:\/\/olemosaic.com\/fr\/produit\/de-a-coudre-en-ceramique-panoramique-barcelone-beige\/","title":{"rendered":"D\u00e9 \u00e0 coudre en c\u00e9ramique. Panoramique. Barcelone. Beige"},"content":{"rendered":"<p>Ce d\u00e9 \u00e0 coudre en c\u00e9ramique est un charmant souvenir qui capture l&rsquo;essence de Barcelone, mettant en avant l&rsquo;un de ses monuments les plus embl\u00e9matiques : la Sagrada Familia. Avec un ton beige \u00e9l\u00e9gant comme base, le d\u00e9 est orn\u00e9 d&rsquo;une vue panoramique vibrante \u00e0 l&rsquo;effet peint \u00e0 la main qui montre les d\u00e9tails architecturaux complexes de ce chef-d&rsquo;\u0153uvre d&rsquo;Antoni Gaud\u00ed. Les teintes brillantes et le design m\u00e9ticuleux donnent vie \u00e0 l&rsquo;image, tandis que les petites maisons typiques de la ville, qui compl\u00e8tent la sc\u00e8ne, \u00e9voquent la singularit\u00e9 du paysage urbain barcelonais.<\/p>\n<p>La base verte du d\u00e9 ajoute une touche distinctive, en faisant un objet non seulement esth\u00e9tique, mais aussi amusant et moderne. Il est parfait pour les collectionneurs cherchant \u00e0 ajouter une pi\u00e8ce unique \u00e0 leur collection, ainsi qu&rsquo;une excellente option de cadeau pour ceux qui souhaitent emporter un morceau de la culture catalane.<\/p>\n<p>Chez Ol\u00e9 Mosaic, nous nous sp\u00e9cialisons dans la distribution de souvenirs en gros, offrant des d\u00e9s \u00e0 coudre authentiques qui refl\u00e8tent la richesse culturelle de l&rsquo;Espagne. Ce d\u00e9 \u00e0 coudre en c\u00e9ramique de Barcelone est un souvenir repr\u00e9sentatif qui c\u00e9l\u00e8bre la beaut\u00e9 architecturale de la ville, et une option id\u00e9ale pour les boutiques de cadeaux touristiques \u00e0 la recherche d&rsquo;articles originaux et de qualit\u00e9.<\/p>\n","protected":false},"excerpt":{"rendered":"<p>D\u00e9 \u00e0 coudre en c\u00e9ramique avec une vue panoramique color\u00e9e de Barcelone, o\u00f9 se distingue l&#8217;embl\u00e9matique Sagrada Familia. Ce d\u00e9, d&rsquo;un ton beige \u00e9l\u00e9gant, pr\u00e9sente un design artisanal, peint \u00e0 la main, avec des d\u00e9tails architecturaux vibrants et de petites maisons typiques de la ville. La base verte ajoute une touche distinctive et amusante, en faisant un excellent souvenir d&rsquo;un voyage dans cette ville catalane embl\u00e9matique. Id\u00e9al pour les collectionneurs ou comme cadeau.<\/p>\n","protected":false},"featured_media":8475,"template":"","meta":{"_acf_changed":false},"product_brand":[],"product_cat":[603],"product_tag":[585],"class_list":{"0":"post-30101","1":"product","2":"type-product","3":"status-publish","4":"has-post-thumbnail","6":"product_cat-des-a-coudre","7":"product_tag-ceramique","8":"pa_ciudad-barcelona","9":"pa_motivo-panoramas","10":"pa_pais-espana","12":"first","13":"instock","14":"shipping-taxable","15":"product-type-simple"},"acf":[],"_links":{"self":[{"href":"https:\/\/olemosaic.com\/fr\/wp-json\/wp\/v2\/product\/30101","targetHints":{"allow":["GET"]}}],"collection":[{"href":"https:\/\/olemosaic.com\/fr\/wp-json\/wp\/v2\/product"}],"about":[{"href":"https:\/\/olemosaic.com\/fr\/wp-json\/wp\/v2\/types\/product"}],"wp:featuredmedia":[{"embeddable":true,"href":"https:\/\/olemosaic.com\/fr\/wp-json\/wp\/v2\/media\/8475"}],"wp:attachment":[{"href":"https:\/\/olemosaic.com\/fr\/wp-json\/wp\/v2\/media?parent=30101"}],"wp:term":[{"taxonomy":"product_brand","embeddable":true,"href":"https:\/\/olemosaic.com\/fr\/wp-json\/wp\/v2\/product_brand?post=30101"},{"taxonomy":"product_cat","embeddable":true,"href":"https:\/\/olemosaic.com\/fr\/wp-json\/wp\/v2\/product_cat?post=30101"},{"taxonomy":"product_tag","embeddable":true,"href":"https:\/\/olemosaic.com\/fr\/wp-json\/wp\/v2\/product_tag?post=30101"}],"curies":[{"name":"wp","href":"https:\/\/api.w.org\/{rel}","templated":true}]}}