{"id":30099,"date":"2025-02-20T22:31:40","date_gmt":"2025-02-20T22:31:40","guid":{"rendered":"http:\/\/olemosaic.com\/producto\/dedal-de-ceramica-flores-barcelona-blanco\/"},"modified":"2025-07-25T18:48:18","modified_gmt":"2025-07-25T16:48:18","slug":"de-a-coudre-en-ceramique-fleurs-barcelone-blanc","status":"publish","type":"product","link":"https:\/\/olemosaic.com\/fr\/produit\/de-a-coudre-en-ceramique-fleurs-barcelone-blanc\/","title":{"rendered":"D\u00e9 \u00e0 coudre en c\u00e9ramique. Fleurs. Barcelone. Blanc"},"content":{"rendered":"<p>Ce d\u00e9 \u00e0 coudre en c\u00e9ramique d\u00e9cor\u00e9e est un souvenir sophistiqu\u00e9 qui capture l&rsquo;essence vibrante de Barcelone. Fabriqu\u00e9 en c\u00e9ramique blanche de haute qualit\u00e9, il pr\u00e9sente un design de mosa\u00efque color\u00e9 inspir\u00e9 des fleurs qui ornent l&rsquo;architecture et l&rsquo;art de la ville. Combinant des tons vibrants de jaune, rouge, bleu et noir, ce d\u00e9 \u00e0 coudre n&rsquo;est pas seulement un accessoire utile pour les amateurs de couture, mais aussi une pi\u00e8ce d\u00e9corative qui refl\u00e8te le folklore et la culture catalane.<\/p>\n<p>L&rsquo;inscription \u00ab\u00a0Barcelone\u00a0\u00bb, avec une typographie moderne, ajoute une touche contemporaine et distinctive, en faisant un choix id\u00e9al pour les touristes qui souhaitent ramener chez eux un morceau de cette ville embl\u00e9matique. Chaque d\u00e9tail du motif floral \u00e9voque l&rsquo;\u0153uvre c\u00e9l\u00e8bre d&rsquo;Antoni Gaud\u00ed et son h\u00e9ritage artistique qui orne les rues de Barcelone, en faisant un souvenir authentique et significatif.<\/p>\n<p>Chez Ol\u00e9 Mosaic, en tant que distributeurs de souvenirs de haute qualit\u00e9, nous proposons ce d\u00e9 \u00e0 coudre en c\u00e9ramique, parfait pour les boutiques de cadeaux touristiques. Avec son design culturel et color\u00e9, c&rsquo;est un excellent choix pour ceux qui recherchent des souvenirs de Barcelone uniques et repr\u00e9sentatifs, garantissant authenticit\u00e9 et art dans chaque pi\u00e8ce.<\/p>\n","protected":false},"excerpt":{"rendered":"<p>D\u00e9 \u00e0 coudre en c\u00e9ramique d\u00e9cor\u00e9 d&rsquo;un design color\u00e9 inspir\u00e9 des fleurs de Barcelone. Ce s\u00e9duisant d\u00e9 \u00e0 coudre blanc pr\u00e9sente un motif de mosa\u00efque combinant des tons vibrants tels que le jaune, le rouge, le bleu et le noir, \u00e9voquant l&rsquo;essence artistique de la ville. Avec l&rsquo;inscription \u00ab\u00a0Barcelone\u00a0\u00bb dans une typographie moderne, c&rsquo;est un souvenir id\u00e9al qui refl\u00e8te le caract\u00e8re culturel et le folklore de cette ville espagnole embl\u00e9matique. Parfait pour les amateurs de couture et pour collectionner des souvenirs uniques.<\/p>\n","protected":false},"featured_media":9078,"template":"","meta":{"_acf_changed":false},"product_brand":[],"product_cat":[603],"product_tag":[585],"class_list":{"0":"post-30099","1":"product","2":"type-product","3":"status-publish","4":"has-post-thumbnail","6":"product_cat-des-a-coudre","7":"product_tag-ceramique","8":"pa_ciudad-barcelona","9":"pa_motivo-fleurs","10":"pa_pais-espana","12":"first","13":"instock","14":"shipping-taxable","15":"product-type-simple"},"acf":[],"_links":{"self":[{"href":"https:\/\/olemosaic.com\/fr\/wp-json\/wp\/v2\/product\/30099","targetHints":{"allow":["GET"]}}],"collection":[{"href":"https:\/\/olemosaic.com\/fr\/wp-json\/wp\/v2\/product"}],"about":[{"href":"https:\/\/olemosaic.com\/fr\/wp-json\/wp\/v2\/types\/product"}],"wp:featuredmedia":[{"embeddable":true,"href":"https:\/\/olemosaic.com\/fr\/wp-json\/wp\/v2\/media\/9078"}],"wp:attachment":[{"href":"https:\/\/olemosaic.com\/fr\/wp-json\/wp\/v2\/media?parent=30099"}],"wp:term":[{"taxonomy":"product_brand","embeddable":true,"href":"https:\/\/olemosaic.com\/fr\/wp-json\/wp\/v2\/product_brand?post=30099"},{"taxonomy":"product_cat","embeddable":true,"href":"https:\/\/olemosaic.com\/fr\/wp-json\/wp\/v2\/product_cat?post=30099"},{"taxonomy":"product_tag","embeddable":true,"href":"https:\/\/olemosaic.com\/fr\/wp-json\/wp\/v2\/product_tag?post=30099"}],"curies":[{"name":"wp","href":"https:\/\/api.w.org\/{rel}","templated":true}]}}