{"id":30095,"date":"2025-02-20T22:31:40","date_gmt":"2025-02-20T22:31:40","guid":{"rendered":"http:\/\/olemosaic.com\/producto\/dedal-de-ceramica-salamandra-y-flores-barcelona-blanco\/"},"modified":"2025-07-25T19:22:43","modified_gmt":"2025-07-25T17:22:43","slug":"de-a-coudre-en-ceramique-salamandre-et-fleurs-barcelone-blanc","status":"publish","type":"product","link":"https:\/\/olemosaic.com\/fr\/produit\/de-a-coudre-en-ceramique-salamandre-et-fleurs-barcelone-blanc\/","title":{"rendered":"D\u00e9 \u00e0 coudre en c\u00e9ramique. Salamandre et fleurs. Barcelone. Blanc"},"content":{"rendered":"<p>Ce d\u00e9 \u00e0 coudre en c\u00e9ramique, d\u00e9cor\u00e9 d&rsquo;une salamandre color\u00e9e et de fleurs, est un v\u00e9ritable hommage \u00e0 l&rsquo;esth\u00e9tique vibrante de Barcelone et un souvenir id\u00e9al pour ceux qui souhaitent emporter l&rsquo;essence de cette ville merveilleuse. Sur un fond blanc qui fait ressortir chaque d\u00e9tail, la pi\u00e8ce pr\u00e9sente un design complexe plein de vie, o\u00f9 une salamandre, symbole de l&rsquo;architecture moderniste de Gaud\u00ed, se m\u00eale harmonieusement \u00e0 de d\u00e9licats motifs floraux. Les couleurs vibrantes dans les tons jaunes, verts et bleus \u00e9voquent la lumi\u00e8re de la M\u00e9diterran\u00e9e, cr\u00e9ant un contraste visuel saisissant, \u00e0 la fois attrayant et repr\u00e9sentatif.<\/p>\n<p>L&rsquo;inclusion du mot \u00ab\u00a0Barcelone\u00a0\u00bb dans la d\u00e9coration ajoute une touche distinctive, r\u00e9affirmant le caract\u00e8re authentique de ce d\u00e9 \u00e0 coudre comme souvenir. Il ne s&rsquo;agit pas seulement d&rsquo;un article fonctionnel, mais aussi d&rsquo;un objet de collection parfait pour les amateurs de culture et d&rsquo;art populaire. Ce d\u00e9 \u00e0 coudre en c\u00e9ramique capture non seulement l&rsquo;essence de la ville, mais repr\u00e9sente \u00e9galement un morceau de la riche histoire et du folklore qui la caract\u00e9risent.<\/p>\n<p>Chez Ol\u00e9 Mosaic, nous nous sp\u00e9cialisons dans la distribution de souvenirs de Barcelone en gros, et ce d\u00e9 \u00e0 coudre se pr\u00e9sente comme une excellente option pour les boutiques de cadeaux touristiques \u00e0 la recherche de produits uniques et de qualit\u00e9. Avec son design plein de symbolisme et de couleur, il est id\u00e9al pour ceux qui recherchent un souvenir authentique de leur visite.<\/p>\n","protected":false},"excerpt":{"rendered":"<p>D\u00e9 \u00e0 coudre en c\u00e9ramique d\u00e9cor\u00e9 d&rsquo;une salamandre color\u00e9e et de fleurs, inspir\u00e9 de l&rsquo;architecture de Barcelone. Son design se distingue par des couleurs vibrantes dans les tons jaunes, verts et bleus, sur un fond blanc qui souligne la beaut\u00e9 du motif. Ce d\u00e9 \u00e0 coudre, qui inclut \u00e9galement le mot \u00ab Barcelone \u00bb, est une pi\u00e8ce parfaite pour les collectionneurs et les amateurs d&rsquo;art populaire, id\u00e9ale pour se souvenir de la richesse culturelle de la ville.<\/p>\n","protected":false},"featured_media":8087,"template":"","meta":{"_acf_changed":false},"product_brand":[],"product_cat":[603],"product_tag":[530,585],"class_list":{"0":"post-30095","1":"product","2":"type-product","3":"status-publish","4":"has-post-thumbnail","6":"product_cat-des-a-coudre","7":"product_tag-animaux","8":"product_tag-ceramique","9":"pa_ciudad-barcelona","10":"pa_motivo-salamandres","11":"pa_pais-espana","13":"first","14":"instock","15":"shipping-taxable","16":"product-type-simple"},"acf":[],"_links":{"self":[{"href":"https:\/\/olemosaic.com\/fr\/wp-json\/wp\/v2\/product\/30095","targetHints":{"allow":["GET"]}}],"collection":[{"href":"https:\/\/olemosaic.com\/fr\/wp-json\/wp\/v2\/product"}],"about":[{"href":"https:\/\/olemosaic.com\/fr\/wp-json\/wp\/v2\/types\/product"}],"wp:featuredmedia":[{"embeddable":true,"href":"https:\/\/olemosaic.com\/fr\/wp-json\/wp\/v2\/media\/8087"}],"wp:attachment":[{"href":"https:\/\/olemosaic.com\/fr\/wp-json\/wp\/v2\/media?parent=30095"}],"wp:term":[{"taxonomy":"product_brand","embeddable":true,"href":"https:\/\/olemosaic.com\/fr\/wp-json\/wp\/v2\/product_brand?post=30095"},{"taxonomy":"product_cat","embeddable":true,"href":"https:\/\/olemosaic.com\/fr\/wp-json\/wp\/v2\/product_cat?post=30095"},{"taxonomy":"product_tag","embeddable":true,"href":"https:\/\/olemosaic.com\/fr\/wp-json\/wp\/v2\/product_tag?post=30095"}],"curies":[{"name":"wp","href":"https:\/\/api.w.org\/{rel}","templated":true}]}}