{"id":30092,"date":"2025-02-20T23:31:39","date_gmt":"2025-02-20T22:31:39","guid":{"rendered":"http:\/\/olemosaic.com\/producto\/dedal-de-ceramica-patio-blanco-2\/"},"modified":"2025-07-25T18:37:41","modified_gmt":"2025-07-25T16:37:41","slug":"de-a-coudre-en-ceramique-patio-blanc-2","status":"publish","type":"product","link":"https:\/\/olemosaic.com\/fr\/produit\/de-a-coudre-en-ceramique-patio-blanc-2\/","title":{"rendered":"D\u00e9 \u00e0 coudre en c\u00e9ramique. Patio andalou. Blanc"},"content":{"rendered":"<p>Ce d\u00e9 \u00e0 coudre en c\u00e9ramique d\u00e9cor\u00e9 \u00e0 la main est un v\u00e9ritable bijou qui capture l&rsquo;essence vibrante du folklore espagnol, devenant un souvenir unique et \u00e9l\u00e9gant. Son design, qui illustre une danseuse de flamenco en plein mouvement, v\u00eatue d&rsquo;un costume caract\u00e9ristique \u00e0 pois rouges, \u00e9voque la passion et l&rsquo;art du flamenco, l&rsquo;un des symboles les plus repr\u00e9sentatifs de la culture andalouse. Entour\u00e9e d&rsquo;une \u00e9l\u00e9gante mosa\u00efque blanche, l&rsquo;image de la danseuse ressort avec des couleurs \u00e9clatantes qui \u00e9voquent la joie et l&rsquo;\u00e9nergie des patios andalous, o\u00f9 la tradition prend vie.<\/p>\n<p>Ce d\u00e9 \u00e0 coudre n&rsquo;est pas seulement un objet d\u00e9coratif, mais un v\u00e9ritable hommage au riche h\u00e9ritage culturel de l&rsquo;Espagne, id\u00e9al pour les collectionneurs et les amateurs d&rsquo;artisanat traditionnel. L&rsquo;attention port\u00e9e aux d\u00e9tails dans sa finition et le travail m\u00e9ticuleux de peinture font de chaque pi\u00e8ce une \u0153uvre d&rsquo;art singuli\u00e8re. Chez Ol\u00e9 Mosaic, en tant que grossiste de souvenirs, nous sommes fiers de proposer des produits authentiques qui mettent en valeur la beaut\u00e9 du patrimoine espagnol. Ce d\u00e9 \u00e0 coudre en c\u00e9ramique est, sans aucun doute, un excellent choix pour les boutiques de cadeaux touristiques qui cherchent \u00e0 offrir \u00e0 leurs clients un souvenir authentique et significatif de leur visite en Espagne.<\/p>\n","protected":false},"excerpt":{"rendered":"<p>D\u00e9 \u00e0 coudre en c\u00e9ramique d\u00e9cor\u00e9 dans un style artisanal, inspir\u00e9 du folklore espagnol vibrant. Son design montre une danseuse de flamenco en plein mouvement, v\u00eatue d&rsquo;un costume \u00e0 pois rouges et entour\u00e9e d&rsquo;une \u00e9l\u00e9gante mosa\u00efque blanche. Ce d\u00e9 \u00e0 coudre \u00e9voque l&rsquo;essence des patios andalous, avec des d\u00e9tails qui lui conf\u00e8rent une touche culturelle unique. Une pi\u00e8ce id\u00e9ale pour les collectionneurs et les amateurs d&rsquo;artisanat traditionnel espagnol.<\/p>\n","protected":false},"featured_media":8425,"template":"","meta":{"_acf_changed":false},"product_brand":[],"product_cat":[603],"product_tag":[585],"class_list":{"0":"post-30092","1":"product","2":"type-product","3":"status-publish","4":"has-post-thumbnail","6":"product_cat-des-a-coudre","7":"product_tag-ceramique","8":"pa_motivo-cours-interieures","10":"first","11":"instock","12":"shipping-taxable","13":"product-type-simple"},"acf":[],"_links":{"self":[{"href":"https:\/\/olemosaic.com\/fr\/wp-json\/wp\/v2\/product\/30092","targetHints":{"allow":["GET"]}}],"collection":[{"href":"https:\/\/olemosaic.com\/fr\/wp-json\/wp\/v2\/product"}],"about":[{"href":"https:\/\/olemosaic.com\/fr\/wp-json\/wp\/v2\/types\/product"}],"wp:featuredmedia":[{"embeddable":true,"href":"https:\/\/olemosaic.com\/fr\/wp-json\/wp\/v2\/media\/8425"}],"wp:attachment":[{"href":"https:\/\/olemosaic.com\/fr\/wp-json\/wp\/v2\/media?parent=30092"}],"wp:term":[{"taxonomy":"product_brand","embeddable":true,"href":"https:\/\/olemosaic.com\/fr\/wp-json\/wp\/v2\/product_brand?post=30092"},{"taxonomy":"product_cat","embeddable":true,"href":"https:\/\/olemosaic.com\/fr\/wp-json\/wp\/v2\/product_cat?post=30092"},{"taxonomy":"product_tag","embeddable":true,"href":"https:\/\/olemosaic.com\/fr\/wp-json\/wp\/v2\/product_tag?post=30092"}],"curies":[{"name":"wp","href":"https:\/\/api.w.org\/{rel}","templated":true}]}}