{"id":30091,"date":"2025-02-20T23:31:39","date_gmt":"2025-02-20T22:31:39","guid":{"rendered":"http:\/\/olemosaic.com\/producto\/dedal-de-ceramica-salamandra-beige\/"},"modified":"2025-07-25T19:01:45","modified_gmt":"2025-07-25T17:01:45","slug":"de-a-coudre-en-ceramique-salamandre-beige","status":"publish","type":"product","link":"https:\/\/olemosaic.com\/fr\/produit\/de-a-coudre-en-ceramique-salamandre-beige\/","title":{"rendered":"D\u00e9 \u00e0 coudre en c\u00e9ramique. Salamandre. Beige"},"content":{"rendered":"<p>Ce d\u00e9 \u00e0 coudre en c\u00e9ramique d\u00e9cor\u00e9 \u00e0 la main est un v\u00e9ritable bijou inspir\u00e9 de la riche faune espagnole. Avec son fond beige, la pi\u00e8ce pr\u00e9sente une illustration vibrante de salamandres dans un style mosa\u00efque frappant, orn\u00e9es de fleurs joyeuses qui apportent vitalit\u00e9 et couleur. La base rouge ne fait pas que souligner la beaut\u00e9 des salamandres, elle ajoute \u00e9galement un magnifique contraste, rendant le design encore plus captivant. Les d\u00e9tails verts et multicolores dans la repr\u00e9sentation des salamandres offrent un aspect dynamique et festif, qui met en valeur le savoir-faire de l&rsquo;artisan.<\/p>\n<p>Ce d\u00e9 \u00e0 coudre n&rsquo;est pas seulement un objet fonctionnel, mais un souvenir repr\u00e9sentatif qui c\u00e9l\u00e8bre le lien entre la culture espagnole et sa faune. Les salamandres sont un symbole de transformation et d&rsquo;adaptabilit\u00e9 dans de nombreuses traditions, ce qui en fait un cadeau significatif pour les touristes et les collectionneurs \u00e0 la recherche d&rsquo;un souvenir authentique de leur passage en Espagne. Chez Ol\u00e9 Mosaic, nous sommes fiers de proposer des souvenirs en c\u00e9ramique uniques qui capturent l&rsquo;essence de la culture locale. Ce d\u00e9 \u00e0 coudre est un choix id\u00e9al pour les boutiques de cadeaux touristiques qui souhaitent offrir des produits authentiques et de qualit\u00e9, parfaits pour ceux qui appr\u00e9cient l&rsquo;artisanat et le folklore espagnol. Si vous recherchez des d\u00e9s \u00e0 coudre en c\u00e9ramique en gros, ce design est un excellent ajout \u00e0 votre catalogue de souvenirs.<\/p>\n","protected":false},"excerpt":{"rendered":"<p>D\u00e9 \u00e0 coudre en c\u00e9ramique d\u00e9cor\u00e9 dans un style artisanal, inspir\u00e9 de la faune typique de l&rsquo;Espagne. Ce charmant d\u00e9 \u00e0 coudre, dans les tons beiges, pr\u00e9sente une illustration color\u00e9e de salamandres en style mosa\u00efque, accompagn\u00e9es de fleurs joyeuses. La base rouge apporte un beau contraste, tandis que les d\u00e9tails verts et multicolores des salamandres ajoutent une touche vibrante. Id\u00e9al pour les collectionneurs et les amateurs de folklore espagnol.<\/p>\n","protected":false},"featured_media":8479,"template":"","meta":{"_acf_changed":false},"product_brand":[],"product_cat":[603],"product_tag":[530,585],"class_list":{"0":"post-30091","1":"product","2":"type-product","3":"status-publish","4":"has-post-thumbnail","6":"product_cat-des-a-coudre","7":"product_tag-animaux","8":"product_tag-ceramique","9":"pa_motivo-salamandres","11":"first","12":"instock","13":"shipping-taxable","14":"product-type-simple"},"acf":[],"_links":{"self":[{"href":"https:\/\/olemosaic.com\/fr\/wp-json\/wp\/v2\/product\/30091","targetHints":{"allow":["GET"]}}],"collection":[{"href":"https:\/\/olemosaic.com\/fr\/wp-json\/wp\/v2\/product"}],"about":[{"href":"https:\/\/olemosaic.com\/fr\/wp-json\/wp\/v2\/types\/product"}],"wp:featuredmedia":[{"embeddable":true,"href":"https:\/\/olemosaic.com\/fr\/wp-json\/wp\/v2\/media\/8479"}],"wp:attachment":[{"href":"https:\/\/olemosaic.com\/fr\/wp-json\/wp\/v2\/media?parent=30091"}],"wp:term":[{"taxonomy":"product_brand","embeddable":true,"href":"https:\/\/olemosaic.com\/fr\/wp-json\/wp\/v2\/product_brand?post=30091"},{"taxonomy":"product_cat","embeddable":true,"href":"https:\/\/olemosaic.com\/fr\/wp-json\/wp\/v2\/product_cat?post=30091"},{"taxonomy":"product_tag","embeddable":true,"href":"https:\/\/olemosaic.com\/fr\/wp-json\/wp\/v2\/product_tag?post=30091"}],"curies":[{"name":"wp","href":"https:\/\/api.w.org\/{rel}","templated":true}]}}