{"id":30089,"date":"2025-02-20T22:31:39","date_gmt":"2025-02-20T22:31:39","guid":{"rendered":"http:\/\/olemosaic.com\/producto\/dedal-de-ceramica-ronda-blanco\/"},"modified":"2025-07-25T18:35:27","modified_gmt":"2025-07-25T16:35:27","slug":"de-a-coudre-en-ceramique-ronda-blanc","status":"publish","type":"product","link":"https:\/\/olemosaic.com\/fr\/produit\/de-a-coudre-en-ceramique-ronda-blanc\/","title":{"rendered":"D\u00e9 \u00e0 coudre en c\u00e9ramique. Ronda. Blanc"},"content":{"rendered":"<p>Ce d\u00e9 \u00e0 coudre en c\u00e9ramique de Ronda est un v\u00e9ritable bijou qui capture l&rsquo;essence de cette charmante ville andalouse. Fabriqu\u00e9 en c\u00e9ramique de haute qualit\u00e9 et orn\u00e9 d&rsquo;un design vibrant aux couleurs intenses, ce d\u00e9 pr\u00e9sente une mosa\u00efque \u00e9labor\u00e9e \u00e9voquant l&rsquo;iconique Pont Neuf (Puente Nuevo), l&rsquo;une des merveilles architecturales de Ronda. Les tons rouges, verts et jaunes ressortent sur le fond blanc, cr\u00e9ant un contraste visuel qui en fait une pi\u00e8ce aussi d\u00e9corative que fonctionnelle. Le mot \u00ab\u00a0Ronda\u00a0\u00bb est \u00e9l\u00e9gamment imprim\u00e9, ajoutant une touche distinctive qui souligne son origine.<\/p>\n<p>Ce d\u00e9 \u00e0 coudre n&rsquo;est pas seulement un accessoire pratique pour les passionn\u00e9s de couture, mais aussi un pr\u00e9cieux souvenir qui c\u00e9l\u00e8bre le riche patrimoine culturel de Ronda. Son design unique et sa connexion avec l&rsquo;une des villes les plus embl\u00e9matiques d&rsquo;Andalousie en font un excellent cadeau pour les touristes et les collectionneurs. Chez Ol\u00e9 Mosaic, nous sommes sp\u00e9cialistes de la distribution de souvenirs en gros, et ce d\u00e9 \u00e0 coudre en c\u00e9ramique est une option id\u00e9ale pour les boutiques de cadeaux touristiques cherchant \u00e0 proposer des articles authentiques et de haute qualit\u00e9. C&rsquo;est plus qu&rsquo;un souvenir de Ronda, c&rsquo;est un souvenir andalou classique qui \u00e9voque la beaut\u00e9 et l&rsquo;histoire de cette r\u00e9gion fascinante.<\/p>\n","protected":false},"excerpt":{"rendered":"<p>D\u00e9 \u00e0 coudre en c\u00e9ramique blanc, d\u00e9cor\u00e9 d&rsquo;un design vibrant inspir\u00e9 de Ronda. Ce d\u00e9licat d\u00e9 pr\u00e9sente un motif de mosa\u00efque \u00e9voquant le c\u00e9l\u00e8bre Pont Neuf et les paysages andalous, avec des couleurs \u00e9clatantes comme le rouge, le vert et le jaune qui ressortent sur le fond blanc. Le mot \u00ab\u00a0Ronda\u00a0\u00bb est imprim\u00e9, ajoutant une touche distinctive. Parfait pour les collectionneurs et les amateurs de c\u00e9ramique andalouse, ce d\u00e9 est un t\u00e9moignage du riche patrimoine culturel de la r\u00e9gion.<\/p>\n","protected":false},"featured_media":9996,"template":"","meta":{"_acf_changed":false},"product_brand":[],"product_cat":[603],"product_tag":[585],"class_list":{"0":"post-30089","1":"product","2":"type-product","3":"status-publish","4":"has-post-thumbnail","6":"product_cat-des-a-coudre","7":"product_tag-ceramique","8":"pa_ciudad-ronda","9":"pa_pais-espana","11":"first","12":"instock","13":"shipping-taxable","14":"product-type-simple"},"acf":[],"_links":{"self":[{"href":"https:\/\/olemosaic.com\/fr\/wp-json\/wp\/v2\/product\/30089","targetHints":{"allow":["GET"]}}],"collection":[{"href":"https:\/\/olemosaic.com\/fr\/wp-json\/wp\/v2\/product"}],"about":[{"href":"https:\/\/olemosaic.com\/fr\/wp-json\/wp\/v2\/types\/product"}],"wp:featuredmedia":[{"embeddable":true,"href":"https:\/\/olemosaic.com\/fr\/wp-json\/wp\/v2\/media\/9996"}],"wp:attachment":[{"href":"https:\/\/olemosaic.com\/fr\/wp-json\/wp\/v2\/media?parent=30089"}],"wp:term":[{"taxonomy":"product_brand","embeddable":true,"href":"https:\/\/olemosaic.com\/fr\/wp-json\/wp\/v2\/product_brand?post=30089"},{"taxonomy":"product_cat","embeddable":true,"href":"https:\/\/olemosaic.com\/fr\/wp-json\/wp\/v2\/product_cat?post=30089"},{"taxonomy":"product_tag","embeddable":true,"href":"https:\/\/olemosaic.com\/fr\/wp-json\/wp\/v2\/product_tag?post=30089"}],"curies":[{"name":"wp","href":"https:\/\/api.w.org\/{rel}","templated":true}]}}