{"id":30088,"date":"2025-02-20T23:31:39","date_gmt":"2025-02-20T22:31:39","guid":{"rendered":"http:\/\/olemosaic.com\/producto\/dedal-de-ceramica-marbella-azul\/"},"modified":"2025-07-25T19:07:17","modified_gmt":"2025-07-25T17:07:17","slug":"de-a-coudre-en-ceramique-marbella-bleu","status":"publish","type":"product","link":"https:\/\/olemosaic.com\/fr\/produit\/de-a-coudre-en-ceramique-marbella-bleu\/","title":{"rendered":"D\u00e9 \u00e0 coudre en c\u00e9ramique. Marbella. Bleu."},"content":{"rendered":"<p>Ce d\u00e9 \u00e0 coudre en c\u00e9ramique de Marbella est un charmant souvenir qui capture l&rsquo;essence de cette destination paradisiaque de la Costa del Sol. Avec un design vibrant dans des tons bleus et des d\u00e9tails multicolores, ce d\u00e9 est une repr\u00e9sentation artistique d&rsquo;un panorama typique de Marbella. Au centre, un arbre robuste ajoute une touche naturelle, entour\u00e9 par les rues embl\u00e9matiques du village, peintes avec une palette de couleurs \u00e9clatantes qui \u00e9voquent la chaleur et la joie de la r\u00e9gion. Chaque d\u00e9 \u00e0 coudre est peint \u00e0 la main, ce qui souligne sa singularit\u00e9 et son authenticit\u00e9 en tant que souvenir de Marbella, en faisant un objet id\u00e9al pour les collectionneurs et les amateurs d&rsquo;art c\u00e9ramique.<\/p>\n<p>Ce d\u00e9 \u00e0 coudre n&rsquo;est pas seulement un article fonctionnel, mais aussi un excellent cadeau qui refl\u00e8te la riche culture andalouse et le mode de vie m\u00e9diterran\u00e9en. En tant que souvenir typique, il sert de havre de nostalgie pour ceux qui ont explor\u00e9 les rues pittoresques de Marbella et souhaitent emporter avec eux un morceau de sa beaut\u00e9. Chez Ol\u00e9 Mosaic, nous nous sp\u00e9cialisons dans la distribution de souvenirs de haute qualit\u00e9, et ce d\u00e9 \u00e0 coudre en c\u00e9ramique est un choix judicieux pour les boutiques de cadeaux touristiques cherchant \u00e0 offrir des produits authentiques et repr\u00e9sentatifs. En tant que grossistes d&rsquo;articles de d\u00e9coration, nous garantissons l&rsquo;excellence du design et de l&rsquo;artisanat dans chaque pi\u00e8ce.<\/p>\n","protected":false},"excerpt":{"rendered":"<p>D\u00e9 \u00e0 coudre en c\u00e9ramique de Marbella, avec un design vibrant dans des tons bleus et des d\u00e9tails multicolores. Ce d\u00e9 pr\u00e9sente une vue panoramique illustrative d&rsquo;un charmant paysage de Marbella, o\u00f9 se d\u00e9tachent un arbre au centre et les rues color\u00e9es du village. Peint dans un style artisanal, il rehausse le caract\u00e8re typique de la r\u00e9gion, ce qui en fait un cadeau parfait pour ceux qui recherchent un souvenir artistique de la Costa del Sol. Id\u00e9al pour les collectionneurs et les amateurs d&rsquo;art c\u00e9ramique.<\/p>\n","protected":false},"featured_media":9921,"template":"","meta":{"_acf_changed":false},"product_brand":[],"product_cat":[603],"product_tag":[585],"class_list":{"0":"post-30088","1":"product","2":"type-product","3":"status-publish","4":"has-post-thumbnail","6":"product_cat-des-a-coudre","7":"product_tag-ceramique","8":"pa_ciudad-marbella","9":"pa_pais-espana","11":"first","12":"instock","13":"shipping-taxable","14":"product-type-simple"},"acf":[],"_links":{"self":[{"href":"https:\/\/olemosaic.com\/fr\/wp-json\/wp\/v2\/product\/30088","targetHints":{"allow":["GET"]}}],"collection":[{"href":"https:\/\/olemosaic.com\/fr\/wp-json\/wp\/v2\/product"}],"about":[{"href":"https:\/\/olemosaic.com\/fr\/wp-json\/wp\/v2\/types\/product"}],"wp:featuredmedia":[{"embeddable":true,"href":"https:\/\/olemosaic.com\/fr\/wp-json\/wp\/v2\/media\/9921"}],"wp:attachment":[{"href":"https:\/\/olemosaic.com\/fr\/wp-json\/wp\/v2\/media?parent=30088"}],"wp:term":[{"taxonomy":"product_brand","embeddable":true,"href":"https:\/\/olemosaic.com\/fr\/wp-json\/wp\/v2\/product_brand?post=30088"},{"taxonomy":"product_cat","embeddable":true,"href":"https:\/\/olemosaic.com\/fr\/wp-json\/wp\/v2\/product_cat?post=30088"},{"taxonomy":"product_tag","embeddable":true,"href":"https:\/\/olemosaic.com\/fr\/wp-json\/wp\/v2\/product_tag?post=30088"}],"curies":[{"name":"wp","href":"https:\/\/api.w.org\/{rel}","templated":true}]}}