{"id":30049,"date":"2025-02-20T23:31:38","date_gmt":"2025-02-20T22:31:38","guid":{"rendered":"http:\/\/olemosaic.com\/producto\/cucharon-de-ceramica-punt-de-trobada-beige\/"},"modified":"2025-07-25T20:33:16","modified_gmt":"2025-07-25T18:33:16","slug":"louche-en-ceramique-punt-de-trobada-beige","status":"publish","type":"product","link":"https:\/\/olemosaic.com\/fr\/produit\/louche-en-ceramique-punt-de-trobada-beige\/","title":{"rendered":"Louche en c\u00e9ramique. Punt de trobada. Beige"},"content":{"rendered":"<p>Cette louche en c\u00e9ramique peinte \u00e0 la main, inspir\u00e9e de l&rsquo;\u0153uvre \u00ab\u00a0Punt de trobada\u00a0\u00bb, est une pi\u00e8ce unique qui fusionne fonctionnalit\u00e9 et art. Avec un ton beige \u00e9l\u00e9gant et des bords rouges vibrants, elle pr\u00e9sente un design abstrait et color\u00e9, avec des formes organiques et des d\u00e9tails d\u00e9coratifs en bleu, vert, rouge et noir, \u00e9voquant l&rsquo;essence du style artistique contemporain. Les motifs complexes donnent vie \u00e0 la surface, cr\u00e9ant un attrait visuel qui transforme cet ustensile en une \u0153uvre d&rsquo;art digne d&rsquo;\u00eatre expos\u00e9e.<\/p>\n<p>Parfaite aussi bien pour une utilisation en cuisine que pour d\u00e9corer n&rsquo;importe quel espace, cette louche est un excellent rappel du riche h\u00e9ritage culturel et artistique de la r\u00e9gion. Son design ne refl\u00e8te pas seulement la cr\u00e9ativit\u00e9 des artisans locaux, mais capture \u00e9galement l&rsquo;essence de la production c\u00e9ramique traditionnelle, en faisant un souvenir authentique et repr\u00e9sentatif. Chez Ol\u00e9 Mosaic, nous proposons cette louche en c\u00e9ramique comme une option id\u00e9ale pour les boutiques de cadeaux touristiques \u00e0 la recherche de souvenirs authentiques avec une forte valeur culturelle. En tant que grossistes de louches en c\u00e9ramique, nous garantissons que chaque pi\u00e8ce combine design, artisanat et authenticit\u00e9, constituant un cadeau m\u00e9morable pour ceux qui souhaitent emporter un morceau d&rsquo;art espagnol.<\/p>\n","protected":false},"excerpt":{"rendered":"<p>Louche en c\u00e9ramique au design artisanal, peinte \u00e0 la main, inspir\u00e9e de l&rsquo;\u0153uvre \u00ab\u00a0Punt de trobada\u00a0\u00bb. Cette louche singuli\u00e8re, dans les tons beige avec des bords rouges, affiche un design abstrait color\u00e9 avec des formes organiques et des \u00e9l\u00e9ments d\u00e9coratifs en bleu, vert, rouge et noir, \u00e9voquant le style artistique contemporain. Parfaite pour un usage pratique comme pour la d\u00e9coration, cette louche est un excellent rappel de l&rsquo;art et de la culture de la r\u00e9gion.<\/p>\n","protected":false},"featured_media":10038,"template":"","meta":{"_acf_changed":false},"product_brand":[],"product_cat":[798],"product_tag":[585],"class_list":{"0":"post-30049","1":"product","2":"type-product","3":"status-publish","4":"has-post-thumbnail","6":"product_cat-louches","7":"product_tag-ceramique","8":"pa_motivo-punt-de-trobada","10":"first","11":"instock","12":"shipping-taxable","13":"product-type-simple"},"acf":[],"_links":{"self":[{"href":"https:\/\/olemosaic.com\/fr\/wp-json\/wp\/v2\/product\/30049","targetHints":{"allow":["GET"]}}],"collection":[{"href":"https:\/\/olemosaic.com\/fr\/wp-json\/wp\/v2\/product"}],"about":[{"href":"https:\/\/olemosaic.com\/fr\/wp-json\/wp\/v2\/types\/product"}],"wp:featuredmedia":[{"embeddable":true,"href":"https:\/\/olemosaic.com\/fr\/wp-json\/wp\/v2\/media\/10038"}],"wp:attachment":[{"href":"https:\/\/olemosaic.com\/fr\/wp-json\/wp\/v2\/media?parent=30049"}],"wp:term":[{"taxonomy":"product_brand","embeddable":true,"href":"https:\/\/olemosaic.com\/fr\/wp-json\/wp\/v2\/product_brand?post=30049"},{"taxonomy":"product_cat","embeddable":true,"href":"https:\/\/olemosaic.com\/fr\/wp-json\/wp\/v2\/product_cat?post=30049"},{"taxonomy":"product_tag","embeddable":true,"href":"https:\/\/olemosaic.com\/fr\/wp-json\/wp\/v2\/product_tag?post=30049"}],"curies":[{"name":"wp","href":"https:\/\/api.w.org\/{rel}","templated":true}]}}