{"id":30048,"date":"2025-02-20T23:31:38","date_gmt":"2025-02-20T22:31:38","guid":{"rendered":"http:\/\/olemosaic.com\/producto\/cucharon-de-ceramica-bailaora-beige-2\/"},"modified":"2025-07-25T19:44:13","modified_gmt":"2025-07-25T17:44:13","slug":"louche-en-ceramique-danseuse-flamenco-beige-2","status":"publish","type":"product","link":"https:\/\/olemosaic.com\/fr\/produit\/louche-en-ceramique-danseuse-flamenco-beige-2\/","title":{"rendered":"Louche en c\u00e9ramique. Danseuse de flamenco. Art flamenco. Beige"},"content":{"rendered":"<p>Cette louche en c\u00e9ramique peinte \u00e0 la main est une pi\u00e8ce exceptionnelle qui capture l&rsquo;essence du flamenco espagnol. Con\u00e7ue sur un fond beige vibrant qui cr\u00e9e un contraste parfait, cet ustensile artisanal pr\u00e9sente \u00e0 l&rsquo;int\u00e9rieur la figure color\u00e9e d&rsquo;une danseuse de flamenco (bailaora), portant un costume plein de nuances et de passion. L&rsquo;illustration est encadr\u00e9e par des d\u00e9tails orange qui accentuent sa beaut\u00e9, tandis que les motifs floraux d&rsquo;\u0153illets rouges ajoutent une touche de symbolisme culturel, repr\u00e9sentant la tradition et l&rsquo;amour espagnol.<\/p>\n<p>Chaque louche est une \u0153uvre unique qui refl\u00e8te le savoir-faire des artisans, qui apportent leur talent en cr\u00e9ant des souvenirs repr\u00e9sentatifs de la culture espagnole. Ce design n&rsquo;est pas seulement d\u00e9coratif, il poss\u00e8de \u00e9galement une connexion profonde avec les traditions culinaires du pays, en faisant un ajout charmant pour toute cuisine souhaitant \u00e9voquer une ambiance festive et authentique.<\/p>\n<p>Chez Ol\u00e9 Mosaic, nous nous engageons dans la distribution de souvenirs de qualit\u00e9 en gros, offrant des produits qui mettent en valeur la richesse du folklore espagnol. Cette louche est une excellente option pour les boutiques de cadeaux touristiques \u00e0 la recherche d&rsquo;articles distinctifs et authentiques. En tant que grossistes en c\u00e9ramique, nous garantissons l&rsquo;authenticit\u00e9 de chaque pi\u00e8ce, en faisant un souvenir inoubliable de votre visite en Espagne.<\/p>\n","protected":false},"excerpt":{"rendered":"<p>Louche en c\u00e9ramique au design artisanal, peinte \u00e0 la main, d\u00e9cor\u00e9e de l&rsquo;image d&rsquo;une danseuse de flamenco v\u00eatue d&rsquo;un costume vibrant. Cet ustensile de cuisine attrayant pr\u00e9sente un fond beige encadr\u00e9 de d\u00e9tails orange et de motifs floraux, \u00e9voquant les couleurs et la passion du flamenco espagnol. La figure de la danseuse, entour\u00e9e d&rsquo;\u0153illets rouges, apporte une touche culturelle qui fait de cette louche une pi\u00e8ce unique et d\u00e9corative.<\/p>\n","protected":false},"featured_media":7003,"template":"","meta":{"_acf_changed":false},"product_brand":[],"product_cat":[798],"product_tag":[585],"class_list":{"0":"post-30048","1":"product","2":"type-product","3":"status-publish","4":"has-post-thumbnail","6":"product_cat-louches","7":"product_tag-ceramique","8":"pa_motivo-danseurs","10":"first","11":"instock","12":"shipping-taxable","13":"product-type-simple"},"acf":[],"_links":{"self":[{"href":"https:\/\/olemosaic.com\/fr\/wp-json\/wp\/v2\/product\/30048","targetHints":{"allow":["GET"]}}],"collection":[{"href":"https:\/\/olemosaic.com\/fr\/wp-json\/wp\/v2\/product"}],"about":[{"href":"https:\/\/olemosaic.com\/fr\/wp-json\/wp\/v2\/types\/product"}],"wp:featuredmedia":[{"embeddable":true,"href":"https:\/\/olemosaic.com\/fr\/wp-json\/wp\/v2\/media\/7003"}],"wp:attachment":[{"href":"https:\/\/olemosaic.com\/fr\/wp-json\/wp\/v2\/media?parent=30048"}],"wp:term":[{"taxonomy":"product_brand","embeddable":true,"href":"https:\/\/olemosaic.com\/fr\/wp-json\/wp\/v2\/product_brand?post=30048"},{"taxonomy":"product_cat","embeddable":true,"href":"https:\/\/olemosaic.com\/fr\/wp-json\/wp\/v2\/product_cat?post=30048"},{"taxonomy":"product_tag","embeddable":true,"href":"https:\/\/olemosaic.com\/fr\/wp-json\/wp\/v2\/product_tag?post=30048"}],"curies":[{"name":"wp","href":"https:\/\/api.w.org\/{rel}","templated":true}]}}