{"id":30047,"date":"2025-02-20T23:31:38","date_gmt":"2025-02-20T22:31:38","guid":{"rendered":"http:\/\/olemosaic.com\/producto\/cucharon-de-ceramica-ronda-blanco\/"},"modified":"2025-07-25T20:07:01","modified_gmt":"2025-07-25T18:07:01","slug":"louche-en-ceramique-ronda-blanc","status":"publish","type":"product","link":"https:\/\/olemosaic.com\/fr\/produit\/louche-en-ceramique-ronda-blanc\/","title":{"rendered":"Louche en c\u00e9ramique. Ronda. Blanc"},"content":{"rendered":"<p>Cette louche en c\u00e9ramique peinte \u00e0 la main est une repr\u00e9sentation exquise de la ville embl\u00e9matique de Ronda, c\u00e9l\u00e8bre pour ses paysages impressionnants et son riche patrimoine culturel. Avec un fond blanc qui rehausse son design vibrant, cet ustensile combine esth\u00e9tique fonctionnelle et d\u00e9coration artistique, devenant une pi\u00e8ce id\u00e9ale tant pour la cuisine que pour l&rsquo;exposition. L&rsquo;illustration met en avant le c\u00e9l\u00e8bre pont de Ronda, avec ses arches spectaculaires sur le d\u00e9fil\u00e9, ainsi que des sc\u00e8nes de la vie locale qui capturent l&rsquo;esprit andalou.<\/p>\n<p>Les d\u00e9tails du design en mosa\u00efque pr\u00e9sentent une palette de tons rouges, verts et jaunes qui \u00e9voquent la chaleur de l&rsquo;environnement naturel et architectural de la zone. Cette pi\u00e8ce n&rsquo;est pas seulement un ustensile pratique, parfait pour servir vos plats pr\u00e9f\u00e9r\u00e9s, mais aussi un beau souvenir qui transporte les touristes dans les rues pav\u00e9es et l&rsquo;ambiance vibrante de Ronda. En tant qu&rsquo;authentique souvenir de Ronda, cette louche est une excellente option pour ceux qui cherchent \u00e0 emporter un morceau de la culture andalouse chez eux.<\/p>\n<p>Chez Ol\u00e9 Mosaic, nous nous sp\u00e9cialisons dans la distribution en gros de souvenirs authentiques, et cette louche en c\u00e9ramique est un exemple parfait de notre offre. Id\u00e9ale pour les boutiques de cadeaux touristiques, ce produit combine qualit\u00e9, artisanat et une connexion profonde avec la culture locale, ce qui en fait un attrait irr\u00e9sistible pour les visiteurs de la r\u00e9gion.<\/p>\n","protected":false},"excerpt":{"rendered":"<p>Louche en c\u00e9ramique au design artisanal, peinte \u00e0 la main, inspir\u00e9e de la magnifique ville de Ronda. Cet \u00e9l\u00e9gant ustensile pr\u00e9sente une illustration vibrante qui capture l&rsquo;essence de ses panoramas, avec des d\u00e9tails de son c\u00e9l\u00e8bre pont et des sc\u00e8nes de la vie locale. Avec un design en mosa\u00efque dans les tons rouges, verts et jaunes sur fond blanc, elle est \u00e0 la fois fonctionnelle et d\u00e9corative, id\u00e9ale pour ajouter une touche de culture andalouse \u00e0 votre foyer.<\/p>\n","protected":false},"featured_media":9990,"template":"","meta":{"_acf_changed":false},"product_brand":[],"product_cat":[798],"product_tag":[585],"class_list":{"0":"post-30047","1":"product","2":"type-product","3":"status-publish","4":"has-post-thumbnail","6":"product_cat-louches","7":"product_tag-ceramique","8":"pa_ciudad-ronda","9":"pa_pais-espana","11":"first","12":"instock","13":"shipping-taxable","14":"product-type-simple"},"acf":[],"_links":{"self":[{"href":"https:\/\/olemosaic.com\/fr\/wp-json\/wp\/v2\/product\/30047","targetHints":{"allow":["GET"]}}],"collection":[{"href":"https:\/\/olemosaic.com\/fr\/wp-json\/wp\/v2\/product"}],"about":[{"href":"https:\/\/olemosaic.com\/fr\/wp-json\/wp\/v2\/types\/product"}],"wp:featuredmedia":[{"embeddable":true,"href":"https:\/\/olemosaic.com\/fr\/wp-json\/wp\/v2\/media\/9990"}],"wp:attachment":[{"href":"https:\/\/olemosaic.com\/fr\/wp-json\/wp\/v2\/media?parent=30047"}],"wp:term":[{"taxonomy":"product_brand","embeddable":true,"href":"https:\/\/olemosaic.com\/fr\/wp-json\/wp\/v2\/product_brand?post=30047"},{"taxonomy":"product_cat","embeddable":true,"href":"https:\/\/olemosaic.com\/fr\/wp-json\/wp\/v2\/product_cat?post=30047"},{"taxonomy":"product_tag","embeddable":true,"href":"https:\/\/olemosaic.com\/fr\/wp-json\/wp\/v2\/product_tag?post=30047"}],"curies":[{"name":"wp","href":"https:\/\/api.w.org\/{rel}","templated":true}]}}