{"id":30046,"date":"2025-02-20T23:31:38","date_gmt":"2025-02-20T22:31:38","guid":{"rendered":"http:\/\/olemosaic.com\/producto\/cucharon-de-ceramica-la-alhambra-granada-beige\/"},"modified":"2025-07-25T19:27:52","modified_gmt":"2025-07-25T17:27:52","slug":"louche-en-ceramique-alhambra-grenade-beige","status":"publish","type":"product","link":"https:\/\/olemosaic.com\/fr\/produit\/louche-en-ceramique-alhambra-grenade-beige\/","title":{"rendered":"Louche en c\u00e9ramique. L&rsquo;Alhambra. Grenade. Beige"},"content":{"rendered":"<p>Cette louche en c\u00e9ramique, inspir\u00e9e de l&rsquo;Alhambra de Grenade, est un chef-d&rsquo;\u0153uvre qui fusionne fonctionnalit\u00e9 et art. Elle est id\u00e9ale pour ceux qui recherchent un souvenir authentique et repr\u00e9sentatif de cette ville espagnole embl\u00e9matique. Avec ses tons beige pr\u00e9dominants et ses d\u00e9tails multicolores, la louche pr\u00e9sente une repr\u00e9sentation artistique du magnifique palais et de ses jardins, qui se distinguent par leur architecture mauresque, riche en histoire et en beaut\u00e9. Chaque trait et chaque couleur refl\u00e8tent l&rsquo;essence de Grenade, faisant de cette louche un \u00e9l\u00e9ment d\u00e9coratif qui peut \u00e9galement \u00eatre utilis\u00e9 en cuisine.<\/p>\n<p>Dans le design de la louche, on appr\u00e9cie des d\u00e9tails complexes peints \u00e0 la main qui \u00e9voquent la singularit\u00e9 de l&rsquo;Alhambra et de son environnement. Parmi les \u00e9l\u00e9ments d\u00e9coratifs figurent des motifs typiques de la c\u00e9ramique de Grenade, qui apportent une touche d&rsquo;authenticit\u00e9 et de tradition \u00e0 la pi\u00e8ce. Cette louche n&rsquo;est pas seulement parfaite pour servir vos plats pr\u00e9f\u00e9r\u00e9s, elle peut aussi \u00eatre un bel objet d&rsquo;exposition dans n&rsquo;importe quel foyer.<\/p>\n<p>Chez Ol\u00e9 Mosaic, nous sommes fiers de proposer des souvenirs comme cette louche en c\u00e9ramique, qui encapsulent la richesse culturelle de l&rsquo;Espagne. C&rsquo;est une excellente option pour les boutiques de cadeaux touristiques qui cherchent \u00e0 offrir \u00e0 leurs clients des souvenirs uniques et significatifs de Grenade. Avec notre large gamme de produits en gros, nous garantissons qualit\u00e9 et authenticit\u00e9 dans chaque article que nous distribuons.<\/p>\n","protected":false},"excerpt":{"rendered":"<p>Louche en c\u00e9ramique inspir\u00e9e de l&rsquo;Alhambra de Grenade, avec un design dans les tons beige et des d\u00e9tails multicolores. Cette \u00e9l\u00e9gante louche pr\u00e9sente une repr\u00e9sentation artistique du c\u00e9l\u00e8bre palais, mettant en valeur son architecture mauresque et les jardins qui l&rsquo;entourent. Le design inclut des \u00e9l\u00e9ments d\u00e9coratifs de style artisanal, peints \u00e0 la main, qui refl\u00e8tent la riche culture de Grenade. Id\u00e9ale comme souvenir ou \u00e9l\u00e9ment d\u00e9coratif dans la cuisine.<\/p>\n","protected":false},"featured_media":7524,"template":"","meta":{"_acf_changed":false},"product_brand":[],"product_cat":[798],"product_tag":[585],"class_list":{"0":"post-30046","1":"product","2":"type-product","3":"status-publish","4":"has-post-thumbnail","6":"product_cat-louches","7":"product_tag-ceramique","8":"pa_ciudad-granada","9":"pa_motivo-lalhambra","10":"pa_pais-espana","12":"first","13":"instock","14":"shipping-taxable","15":"product-type-simple"},"acf":[],"_links":{"self":[{"href":"https:\/\/olemosaic.com\/fr\/wp-json\/wp\/v2\/product\/30046","targetHints":{"allow":["GET"]}}],"collection":[{"href":"https:\/\/olemosaic.com\/fr\/wp-json\/wp\/v2\/product"}],"about":[{"href":"https:\/\/olemosaic.com\/fr\/wp-json\/wp\/v2\/types\/product"}],"wp:featuredmedia":[{"embeddable":true,"href":"https:\/\/olemosaic.com\/fr\/wp-json\/wp\/v2\/media\/7524"}],"wp:attachment":[{"href":"https:\/\/olemosaic.com\/fr\/wp-json\/wp\/v2\/media?parent=30046"}],"wp:term":[{"taxonomy":"product_brand","embeddable":true,"href":"https:\/\/olemosaic.com\/fr\/wp-json\/wp\/v2\/product_brand?post=30046"},{"taxonomy":"product_cat","embeddable":true,"href":"https:\/\/olemosaic.com\/fr\/wp-json\/wp\/v2\/product_cat?post=30046"},{"taxonomy":"product_tag","embeddable":true,"href":"https:\/\/olemosaic.com\/fr\/wp-json\/wp\/v2\/product_tag?post=30046"}],"curies":[{"name":"wp","href":"https:\/\/api.w.org\/{rel}","templated":true}]}}