{"id":30045,"date":"2025-02-20T23:31:38","date_gmt":"2025-02-20T22:31:38","guid":{"rendered":"http:\/\/olemosaic.com\/producto\/cucharon-de-ceramica-patio-blanco-3\/"},"modified":"2025-07-25T18:36:34","modified_gmt":"2025-07-25T16:36:34","slug":"louche-en-ceramique-patio-blanc-3","status":"publish","type":"product","link":"https:\/\/olemosaic.com\/fr\/produit\/louche-en-ceramique-patio-blanc-3\/","title":{"rendered":"Louche en c\u00e9ramique. Patio andalou. Danseuse de flamenco. Blanc"},"content":{"rendered":"<p>Cette louche en c\u00e9ramique est une pi\u00e8ce exceptionnelle qui capture l&rsquo;essence de la culture andalouse et la chaleur de ses patios traditionnels. Sa base blanche fait ressortir un design color\u00e9 \u00e9voquant un charmant patio andalou orn\u00e9 de fleurs rouges \u00e9clatantes, cr\u00e9ant un contraste harmonieux qui captive le regard. Au centre de la louche, un couple v\u00eatu de costumes traditionnels s&rsquo;ajoute \u00e0 la sc\u00e8ne : une danseuse de flamenco (bailaora), avec une robe \u00e0 pois rouges frappante, et un partenaire qui l&rsquo;accompagne dans une danse festive, refl\u00e9tant la joie et l&rsquo;effervescence des c\u00e9l\u00e9brations typiques de la r\u00e9gion. La technique de peinture \u00e0 la main utilis\u00e9e sur cette louche ajoute une touche d&rsquo;authenticit\u00e9 et de singularit\u00e9, en faisant un ustensile aussi fonctionnel qu&rsquo;ornemental.<\/p>\n<p>Cette louche n&rsquo;est pas seulement id\u00e9ale pour la cuisine, elle agit \u00e9galement comme une pi\u00e8ce d\u00e9corative qui remplira votre maison d&rsquo;un air typiquement espagnol. Son design et sa qualit\u00e9 en font un excellent souvenir pour les touristes cherchant \u00e0 emporter un souvenir authentique et repr\u00e9sentatif de l&rsquo;Andalousie. Chez Ol\u00e9 Mosaic, nous sommes distributeurs d&rsquo;articles uniques qui refl\u00e8tent la riche culture espagnole, offrant aux boutiques de cadeaux touristiques des options qui garantissent valeur culturelle et attrait visuel. C&rsquo;est le cadeau parfait pour ceux qui souhaitent emporter un petit morceau d&rsquo;Espagne avec eux.<\/p>\n","protected":false},"excerpt":{"rendered":"<p>Louche en c\u00e9ramique au design color\u00e9 \u00e9voquant l&rsquo;essence d&rsquo;un patio andalou. Cet ustensile, sur une base blanche orn\u00e9e de fleurs rouges, pr\u00e9sente une sc\u00e8ne vibrante d&rsquo;un couple en costumes traditionnels, dont une danseuse de flamenco en robe \u00e0 pois rouges. La technique de peinture \u00e0 la main lui conf\u00e8re un caract\u00e8re unique, faisant de cette louche une pi\u00e8ce fonctionnelle et ornementale, parfaite pour ajouter une touche de culture espagnole \u00e0 votre cuisine.<\/p>\n","protected":false},"featured_media":8416,"template":"","meta":{"_acf_changed":false},"product_brand":[],"product_cat":[798],"product_tag":[585],"class_list":{"0":"post-30045","1":"product","2":"type-product","3":"status-publish","4":"has-post-thumbnail","6":"product_cat-louches","7":"product_tag-ceramique","8":"pa_motivo-cours-interieures","10":"first","11":"instock","12":"shipping-taxable","13":"product-type-simple"},"acf":[],"_links":{"self":[{"href":"https:\/\/olemosaic.com\/fr\/wp-json\/wp\/v2\/product\/30045","targetHints":{"allow":["GET"]}}],"collection":[{"href":"https:\/\/olemosaic.com\/fr\/wp-json\/wp\/v2\/product"}],"about":[{"href":"https:\/\/olemosaic.com\/fr\/wp-json\/wp\/v2\/types\/product"}],"wp:featuredmedia":[{"embeddable":true,"href":"https:\/\/olemosaic.com\/fr\/wp-json\/wp\/v2\/media\/8416"}],"wp:attachment":[{"href":"https:\/\/olemosaic.com\/fr\/wp-json\/wp\/v2\/media?parent=30045"}],"wp:term":[{"taxonomy":"product_brand","embeddable":true,"href":"https:\/\/olemosaic.com\/fr\/wp-json\/wp\/v2\/product_brand?post=30045"},{"taxonomy":"product_cat","embeddable":true,"href":"https:\/\/olemosaic.com\/fr\/wp-json\/wp\/v2\/product_cat?post=30045"},{"taxonomy":"product_tag","embeddable":true,"href":"https:\/\/olemosaic.com\/fr\/wp-json\/wp\/v2\/product_tag?post=30045"}],"curies":[{"name":"wp","href":"https:\/\/api.w.org\/{rel}","templated":true}]}}