{"id":30028,"date":"2025-02-20T23:31:37","date_gmt":"2025-02-20T22:31:37","guid":{"rendered":"http:\/\/olemosaic.com\/producto\/cucharon-de-ceramica-barcelona-blanco\/"},"modified":"2025-07-25T19:10:47","modified_gmt":"2025-07-25T17:10:47","slug":"louche-en-ceramique-barcelone-blanc","status":"publish","type":"product","link":"https:\/\/olemosaic.com\/fr\/produit\/louche-en-ceramique-barcelone-blanc\/","title":{"rendered":"Louche en c\u00e9ramique. Barcelone. Blanc"},"content":{"rendered":"<p>Cette louche en c\u00e9ramique est un souvenir pratique qui capture la vitalit\u00e9 et la singularit\u00e9 de Barcelone. Son design blanc met en valeur l&rsquo;illustration vibrante de la Sagrada Familia, chef-d&rsquo;\u0153uvre de l&rsquo;architecte Antoni Gaud\u00ed, connue pour son architecture moderniste frappante. Peinte \u00e0 la main, la louche pr\u00e9sente des motifs d\u00e9taill\u00e9s dans des tons lumineux de rouge, jaune et vert, \u00e9voquant l&rsquo;\u00e9nergie et les couleurs qui caract\u00e9risent la ville. L&rsquo;inscription \u00ab\u00a0Barcelone\u00a0\u00bb ajoute une touche personnelle, transformant cet ustensile de cuisine en un souvenir significatif, id\u00e9al pour les amateurs de gastronomie et de culture catalane.<\/p>\n<p>Avec sa forme \u00e9l\u00e9gante et ses finitions soign\u00e9es, cette louche n&rsquo;est pas seulement fonctionnelle, mais aussi un t\u00e9moignage de la riche tradition artisanale de la r\u00e9gion. Parfaite pour d\u00e9corer la cuisine ou pour un usage quotidien, elle repr\u00e9sente la fusion de l&rsquo;art et de l&rsquo;utilit\u00e9. En choisissant cette louche en c\u00e9ramique comme souvenir, les touristes n&rsquo;acqui\u00e8rent pas seulement un objet pratique, mais une partie de l&rsquo;\u00e2me de Barcelone, ce qui en fait un cadeau m\u00e9morable. Chez Ol\u00e9 Mosaic, nous nous sp\u00e9cialisons dans la distribution de souvenirs en gros, offrant des produits authentiques qui capturent l&rsquo;essence culturelle de chaque r\u00e9gion. Cette louche est une excellente option pour les boutiques de cadeaux touristiques \u00e0 la recherche d&rsquo;articles refl\u00e9tant l&rsquo;h\u00e9ritage et la chaleur de la culture catalane.<\/p>\n","protected":false},"excerpt":{"rendered":"<p>Louche en c\u00e9ramique blanche, d\u00e9cor\u00e9e d&rsquo;une illustration vibrante de la Sagrada Familia et de l&rsquo;architecture color\u00e9e de Barcelone. Cet ustensile de cuisine attrayant, au design artisanal et peint \u00e0 la main, se distingue par ses motifs d\u00e9taill\u00e9s dans les tons rouge, jaune et vert, \u00e9voquant l&rsquo;essence moderniste de la ville. L&rsquo;inscription \u00ab\u00a0Barcelone\u00a0\u00bb lui donne une touche personnelle, en faisant un souvenir parfait et pratique pour les amateurs de gastronomie et de culture catalanes.<\/p>\n","protected":false},"featured_media":9508,"template":"","meta":{"_acf_changed":false},"product_brand":[],"product_cat":[798],"product_tag":[585],"class_list":{"0":"post-30028","1":"product","2":"type-product","3":"status-publish","4":"has-post-thumbnail","6":"product_cat-louches","7":"product_tag-ceramique","8":"pa_ciudad-barcelona","9":"pa_pais-espana","11":"first","12":"instock","13":"shipping-taxable","14":"product-type-simple"},"acf":[],"_links":{"self":[{"href":"https:\/\/olemosaic.com\/fr\/wp-json\/wp\/v2\/product\/30028","targetHints":{"allow":["GET"]}}],"collection":[{"href":"https:\/\/olemosaic.com\/fr\/wp-json\/wp\/v2\/product"}],"about":[{"href":"https:\/\/olemosaic.com\/fr\/wp-json\/wp\/v2\/types\/product"}],"wp:featuredmedia":[{"embeddable":true,"href":"https:\/\/olemosaic.com\/fr\/wp-json\/wp\/v2\/media\/9508"}],"wp:attachment":[{"href":"https:\/\/olemosaic.com\/fr\/wp-json\/wp\/v2\/media?parent=30028"}],"wp:term":[{"taxonomy":"product_brand","embeddable":true,"href":"https:\/\/olemosaic.com\/fr\/wp-json\/wp\/v2\/product_brand?post=30028"},{"taxonomy":"product_cat","embeddable":true,"href":"https:\/\/olemosaic.com\/fr\/wp-json\/wp\/v2\/product_cat?post=30028"},{"taxonomy":"product_tag","embeddable":true,"href":"https:\/\/olemosaic.com\/fr\/wp-json\/wp\/v2\/product_tag?post=30028"}],"curies":[{"name":"wp","href":"https:\/\/api.w.org\/{rel}","templated":true}]}}