{"id":30027,"date":"2025-02-20T23:31:37","date_gmt":"2025-02-20T22:31:37","guid":{"rendered":"http:\/\/olemosaic.com\/producto\/cucharon-de-ceramica-mosaico-blanco-2\/"},"modified":"2025-07-25T18:54:39","modified_gmt":"2025-07-25T16:54:39","slug":"louche-en-ceramique-mosaique-blanc-2","status":"publish","type":"product","link":"https:\/\/olemosaic.com\/fr\/produit\/louche-en-ceramique-mosaique-blanc-2\/","title":{"rendered":"Louche en c\u00e9ramique. Mosa\u00efque. Couleurs vari\u00e9es. Blanc"},"content":{"rendered":"<p>Cette louche en c\u00e9ramique est un exemple vibrant du riche h\u00e9ritage culturel espagnol, con\u00e7ue pour ajouter une touche de couleur et d&rsquo;authenticit\u00e9 \u00e0 n&rsquo;importe quelle cuisine. Fabriqu\u00e9 en c\u00e9ramique de haute qualit\u00e9, cet ustensile se distingue par sa finition blanche, qui sert de toile de fond \u00e0 une impressionnante vari\u00e9t\u00e9 de motifs g\u00e9om\u00e9triques dans des tons bleus, rouges, jaunes et oranges. Chaque figure d\u00e9corative est un hommage \u00e0 la tradition de la mosa\u00efque, refl\u00e9tant l&rsquo;influence de l&rsquo;esth\u00e9tique andalouse.<\/p>\n<p>Le design de la louche n&rsquo;en fait pas seulement un \u00e9l\u00e9ment fonctionnel id\u00e9al pour servir vos plats pr\u00e9f\u00e9r\u00e9s, mais il agit \u00e9galement comme une v\u00e9ritable pi\u00e8ce d&rsquo;art qui embellit n&rsquo;importe quel espace, devenant le souvenir parfait pour les touristes souhaitant emporter un morceau d&rsquo;Espagne. La combinaison de couleurs vibrantes et de motifs complexes rend chaque louche unique, offrant un \u00e9l\u00e9ment de distinction pour ceux qui appr\u00e9cient l&rsquo;artisanat dans leurs ustensiles de cuisine.<\/p>\n<p>Chez Ol\u00e9 Mosaic, nous proposons des louches en c\u00e9ramique en gros qui capturent l&rsquo;essence de la culture espagnole, id\u00e9ales comme souvenirs pour les boutiques de cadeaux touristiques. Cette louche en mosa\u00efque ne se distingue pas seulement par sa fonctionnalit\u00e9, mais aussi par le fait qu&rsquo;elle est un symbole de la riche histoire et de la tradition qu&rsquo;elle repr\u00e9sente, devenant une excellente option pour les touristes \u00e0 la recherche d&rsquo;articles authentiques et de qualit\u00e9.<\/p>\n","protected":false},"excerpt":{"rendered":"<p>Louche en c\u00e9ramique au design vibrant de mosa\u00efque, id\u00e9ale pour apporter une touche de couleur \u00e0 votre cuisine. Cet ustensile, avec une finition blanche, pr\u00e9sente une vari\u00e9t\u00e9 de motifs g\u00e9om\u00e9triques dans des tons bleus, rouges, jaunes et oranges, \u00e9voquant le riche h\u00e9ritage culturel de la c\u00e9ramique espagnole. Parfaite pour servir vos plats pr\u00e9f\u00e9r\u00e9s, elle allie fonctionnalit\u00e9 et esth\u00e9tique en un seul article.<\/p>\n","protected":false},"featured_media":8887,"template":"","meta":{"_acf_changed":false},"product_brand":[],"product_cat":[798],"product_tag":[585],"class_list":{"0":"post-30027","1":"product","2":"type-product","3":"status-publish","4":"has-post-thumbnail","6":"product_cat-louches","7":"product_tag-ceramique","8":"pa_motivo-mosaique","10":"first","11":"instock","12":"shipping-taxable","13":"product-type-simple"},"acf":[],"_links":{"self":[{"href":"https:\/\/olemosaic.com\/fr\/wp-json\/wp\/v2\/product\/30027","targetHints":{"allow":["GET"]}}],"collection":[{"href":"https:\/\/olemosaic.com\/fr\/wp-json\/wp\/v2\/product"}],"about":[{"href":"https:\/\/olemosaic.com\/fr\/wp-json\/wp\/v2\/types\/product"}],"wp:featuredmedia":[{"embeddable":true,"href":"https:\/\/olemosaic.com\/fr\/wp-json\/wp\/v2\/media\/8887"}],"wp:attachment":[{"href":"https:\/\/olemosaic.com\/fr\/wp-json\/wp\/v2\/media?parent=30027"}],"wp:term":[{"taxonomy":"product_brand","embeddable":true,"href":"https:\/\/olemosaic.com\/fr\/wp-json\/wp\/v2\/product_brand?post=30027"},{"taxonomy":"product_cat","embeddable":true,"href":"https:\/\/olemosaic.com\/fr\/wp-json\/wp\/v2\/product_cat?post=30027"},{"taxonomy":"product_tag","embeddable":true,"href":"https:\/\/olemosaic.com\/fr\/wp-json\/wp\/v2\/product_tag?post=30027"}],"curies":[{"name":"wp","href":"https:\/\/api.w.org\/{rel}","templated":true}]}}