{"id":30026,"date":"2025-02-20T23:31:36","date_gmt":"2025-02-20T22:31:36","guid":{"rendered":"http:\/\/olemosaic.com\/producto\/cucharon-de-ceramica-flores-barcelona-blanco\/"},"modified":"2025-07-25T18:41:23","modified_gmt":"2025-07-25T16:41:23","slug":"louche-en-ceramique-fleurs-barcelone-blanc","status":"publish","type":"product","link":"https:\/\/olemosaic.com\/fr\/produit\/louche-en-ceramique-fleurs-barcelone-blanc\/","title":{"rendered":"Louche en c\u00e9ramique. Fleurs. Barcelone. Blanc"},"content":{"rendered":"<p>Cette louche en c\u00e9ramique est un v\u00e9ritable reflet de la richesse culturelle de Barcelone, con\u00e7ue pour \u00eatre \u00e0 la fois fonctionnelle et d\u00e9corative. Avec un blanc d\u00e9licat comme toile de fond, elle pr\u00e9sente un design floral vibrant qui capture l&rsquo;essence de la flore locale \u00e0 travers une mosa\u00efque dans des tons rouges, jaunes, bleus et noirs. Chaque d\u00e9tail est peint \u00e0 la main avec une minutie exceptionnelle, faisant de chaque louche une \u0153uvre d&rsquo;art unique. La combinaison de couleurs ne rehausse pas seulement son attrait visuel, mais \u00e9voque la fra\u00eecheur et la vitalit\u00e9 des jardins de la ville. Cette louche n&rsquo;est pas seulement un ustensile de cuisine, mais aussi un \u00e9l\u00e9ment d\u00e9coratif qui ajoute une touche artistique \u00e0 n&rsquo;importe quel foyer, id\u00e9al pour ceux qui cherchent \u00e0 int\u00e9grer un style m\u00e9diterran\u00e9en et authentique dans leur cuisine.<\/p>\n<p>En tant que symbole de la tradition artisanale barcelonaise, cette louche devient un magnifique souvenir qui c\u00e9l\u00e8bre la culture locale et son h\u00e9ritage. Chez Ol\u00e9 Mosaic, nous nous consacrons \u00e0 la distribution de souvenirs en gros, proposant des produits qui refl\u00e8tent l&rsquo;authenticit\u00e9 et l&rsquo;art des r\u00e9gions espagnoles. Cette louche en c\u00e9ramique est un excellent choix pour les boutiques de cadeaux touristiques qui cherchent \u00e0 offrir \u00e0 leurs clients un souvenir significatif et pratique de leur visite \u00e0 Barcelone. Avec son design attrayant et sa pertinence culturelle, cette louche florale est un souvenir qui se distingue par sa beaut\u00e9 et son lien avec la riche tradition artistique de la ville.<\/p>\n","protected":false},"excerpt":{"rendered":"<p>Louche en c\u00e9ramique avec un design floral vibrant, inspir\u00e9e de la riche tradition barcelonaise. Cette pi\u00e8ce, d&rsquo;un blanc d\u00e9licat, pr\u00e9sente une mosa\u00efque color\u00e9e dans des tons rouges, jaunes, bleus et noirs qui \u00e9voquent la fra\u00eecheur de la flore locale. Peinte dans un style artisanal avec des d\u00e9tails minutieux, c&rsquo;est un \u00e9l\u00e9ment d\u00e9coratif id\u00e9al pour la cuisine, qui ajoute une touche artistique et culturelle \u00e0 n&rsquo;importe quel foyer.<\/p>\n","protected":false},"featured_media":9074,"template":"","meta":{"_acf_changed":false},"product_brand":[],"product_cat":[798],"product_tag":[585],"class_list":{"0":"post-30026","1":"product","2":"type-product","3":"status-publish","4":"has-post-thumbnail","6":"product_cat-louches","7":"product_tag-ceramique","8":"pa_ciudad-barcelona","9":"pa_motivo-fleurs","10":"pa_pais-espana","12":"first","13":"instock","14":"shipping-taxable","15":"product-type-simple"},"acf":[],"_links":{"self":[{"href":"https:\/\/olemosaic.com\/fr\/wp-json\/wp\/v2\/product\/30026","targetHints":{"allow":["GET"]}}],"collection":[{"href":"https:\/\/olemosaic.com\/fr\/wp-json\/wp\/v2\/product"}],"about":[{"href":"https:\/\/olemosaic.com\/fr\/wp-json\/wp\/v2\/types\/product"}],"wp:featuredmedia":[{"embeddable":true,"href":"https:\/\/olemosaic.com\/fr\/wp-json\/wp\/v2\/media\/9074"}],"wp:attachment":[{"href":"https:\/\/olemosaic.com\/fr\/wp-json\/wp\/v2\/media?parent=30026"}],"wp:term":[{"taxonomy":"product_brand","embeddable":true,"href":"https:\/\/olemosaic.com\/fr\/wp-json\/wp\/v2\/product_brand?post=30026"},{"taxonomy":"product_cat","embeddable":true,"href":"https:\/\/olemosaic.com\/fr\/wp-json\/wp\/v2\/product_cat?post=30026"},{"taxonomy":"product_tag","embeddable":true,"href":"https:\/\/olemosaic.com\/fr\/wp-json\/wp\/v2\/product_tag?post=30026"}],"curies":[{"name":"wp","href":"https:\/\/api.w.org\/{rel}","templated":true}]}}