{"id":30025,"date":"2025-02-20T23:31:36","date_gmt":"2025-02-20T22:31:36","guid":{"rendered":"http:\/\/olemosaic.com\/producto\/cucharon-de-ceramica-santiago-blanco\/"},"modified":"2025-07-25T18:35:10","modified_gmt":"2025-07-25T16:35:10","slug":"louche-en-ceramique-saint-jacques-blanc","status":"publish","type":"product","link":"https:\/\/olemosaic.com\/fr\/produit\/louche-en-ceramique-saint-jacques-blanc\/","title":{"rendered":"Louche en c\u00e9ramique. Saint-Jacques. Blanc"},"content":{"rendered":"<p>Cette louche d\u00e9corative en c\u00e9ramique, inspir\u00e9e de l&rsquo;iconique Chemin de Saint-Jacques, est le compl\u00e9ment parfait pour toute cuisine souhaitant int\u00e9grer une touche culturelle et fonctionnelle. Son design resplendit avec une repr\u00e9sentation color\u00e9e de la c\u00e9l\u00e8bre cath\u00e9drale de Saint-Jacques, avec des tonalit\u00e9s rouges intenses qui capturent l&rsquo;essence architecturale de ce monument embl\u00e9matique. La base blanca de la louche rehausse sa beaut\u00e9, cr\u00e9ant un contraste attrayant qui souligne chaque d\u00e9tail de l&rsquo;illustration.<\/p>\n<p>La louche, peinte \u00e0 la main par des artisans locaux, inclut l&rsquo;inscription \u00ab\u00a0Camino de Santiago\u00a0\u00bb, ce qui en fait un souvenir repr\u00e9sentatif de cette route historique, suivie par des milliers de p\u00e8lerins chaque ann\u00e9e. Cet objet n&rsquo;est pas seulement fonctionnel, il peut \u00e9galement servir d&rsquo;article d\u00e9coratif \u00e9l\u00e9gant pour n&rsquo;importe quel foyer, \u00e9voquant la spiritualit\u00e9 et la culture du Chemin.<\/p>\n<p>Chez Ol\u00e9 Mosaic, nous nous sp\u00e9cialisons dans la distribution de souvenirs en gros, proposant des produits authentiques qui capturent la richesse culturelle de l&rsquo;Espagne. Cette louche en c\u00e9ramique est une excellente option pour les boutiques de cadeaux touristiques \u00e0 la recherche d&rsquo;un article unique et significatif. En tant que grossistes de souvenirs, nous garantissons la qualit\u00e9 et l&rsquo;originalit\u00e9 de chaque pi\u00e8ce, parfaite pour les touristes qui cherchent \u00e0 emporter un fragment de la tradition et de l&rsquo;h\u00e9ritage du Chemin de Saint-Jacques.<\/p>\n","protected":false},"excerpt":{"rendered":"<p>Louche d\u00e9corative en c\u00e9ramique inspir\u00e9e du Chemin de Saint-Jacques, id\u00e9ale pour ajouter une touche culturelle \u00e0 n&rsquo;importe quelle cuisine. Son design montre une repr\u00e9sentation color\u00e9e de la c\u00e9l\u00e8bre cath\u00e9drale de Saint-Jacques, avec des d\u00e9tails dans des tons rouges traditionnels sur un fond blanc qui rehausse sa beaut\u00e9. Compl\u00e9t\u00e9e par l&rsquo;inscription \u00ab\u00a0Camino de Santiago\u00a0\u00bb, cette louche au design artisanal, peinte \u00e0 la main, est une pi\u00e8ce unique et fonctionnelle qui peut \u00e9galement servir d&rsquo;objet d\u00e9coratif \u00e9l\u00e9gant.<\/p>\n","protected":false},"featured_media":9929,"template":"","meta":{"_acf_changed":false},"product_brand":[],"product_cat":[798],"product_tag":[585],"class_list":{"0":"post-30025","1":"product","2":"type-product","3":"status-publish","4":"has-post-thumbnail","6":"product_cat-louches","7":"product_tag-ceramique","8":"pa_ciudad-santiago-de-compostela","9":"pa_pais-espana","11":"first","12":"instock","13":"shipping-taxable","14":"product-type-simple"},"acf":[],"_links":{"self":[{"href":"https:\/\/olemosaic.com\/fr\/wp-json\/wp\/v2\/product\/30025","targetHints":{"allow":["GET"]}}],"collection":[{"href":"https:\/\/olemosaic.com\/fr\/wp-json\/wp\/v2\/product"}],"about":[{"href":"https:\/\/olemosaic.com\/fr\/wp-json\/wp\/v2\/types\/product"}],"wp:featuredmedia":[{"embeddable":true,"href":"https:\/\/olemosaic.com\/fr\/wp-json\/wp\/v2\/media\/9929"}],"wp:attachment":[{"href":"https:\/\/olemosaic.com\/fr\/wp-json\/wp\/v2\/media?parent=30025"}],"wp:term":[{"taxonomy":"product_brand","embeddable":true,"href":"https:\/\/olemosaic.com\/fr\/wp-json\/wp\/v2\/product_brand?post=30025"},{"taxonomy":"product_cat","embeddable":true,"href":"https:\/\/olemosaic.com\/fr\/wp-json\/wp\/v2\/product_cat?post=30025"},{"taxonomy":"product_tag","embeddable":true,"href":"https:\/\/olemosaic.com\/fr\/wp-json\/wp\/v2\/product_tag?post=30025"}],"curies":[{"name":"wp","href":"https:\/\/api.w.org\/{rel}","templated":true}]}}