{"id":30024,"date":"2025-02-20T22:31:36","date_gmt":"2025-02-20T22:31:36","guid":{"rendered":"http:\/\/olemosaic.com\/producto\/cucharon-de-ceramica-punt-de-trobada-barcelona-blanco\/"},"modified":"2025-07-25T19:08:32","modified_gmt":"2025-07-25T17:08:32","slug":"louche-en-ceramique-punt-de-trobada-barcelone-blanc","status":"publish","type":"product","link":"https:\/\/olemosaic.com\/fr\/produit\/louche-en-ceramique-punt-de-trobada-barcelone-blanc\/","title":{"rendered":"Louche en c\u00e9ramique. Punt de trobada. Barcelone. Blanc"},"content":{"rendered":"<p>Cette louche en c\u00e9ramique d\u00e9cor\u00e9e est une pi\u00e8ce exceptionnelle qui capture l&rsquo;essence artistique de Barcelone, inspir\u00e9e par l&rsquo;\u0153uvre de Gaud\u00ed. Son design vibrant pr\u00e9sente une s\u00e9rie frappante de mosa\u00efques color\u00e9es qui \u00e9voquent le c\u00e9l\u00e8bre style moderniste de la ville. Avec un fond blanc brillant, combin\u00e9 \u00e0 des d\u00e9tails en noir, bleu, rouge, jaune et vert, cette louche n&rsquo;est pas seulement fonctionnelle, id\u00e9ale pour servir des soupes ou des rago\u00fbts, mais aussi un v\u00e9ritable \u00e9l\u00e9ment d\u00e9coratif qui apporte une touche de modernit\u00e9 \u00e0 n&rsquo;importe quelle cuisine.<\/p>\n<p>L&rsquo;inscription \u00ab\u00a0Barcelona\u00a0\u00bb sur le bord de la louche renforce non seulement son lien avec la ville, mais la transforme \u00e9galement en un souvenir parfait pour ceux qui souhaitent emporter un petit morceau de la culture catalane chez eux. Cet objet utile est une repr\u00e9sentation claire de l&rsquo;h\u00e9ritage artistique et culturel que Barcelone offre, en faisant un cadeau id\u00e9al pour les touristes \u00e0 la recherche de souvenirs authentiques.<\/p>\n<p>Chez Ol\u00e9 Mosaic, nous nous sp\u00e9cialisons dans la distribution de souvenirs en gros, et cette louche d\u00e9corative en c\u00e9ramique est une excellente option pour les boutiques de cadeaux touristiques \u00e0 la recherche de produits authentiques et de qualit\u00e9. En tant que grossistes d&rsquo;articles culturels, nous garantissons que chaque pi\u00e8ce refl\u00e8te la richesse du patrimoine catalan, ce qui en fait un incontournable pour ceux qui appr\u00e9cient l&rsquo;artisanat et la culture.<\/p>\n","protected":false},"excerpt":{"rendered":"<p>Louche en c\u00e9ramique d\u00e9cor\u00e9e d&rsquo;une s\u00e9rie frappante de mosa\u00efques color\u00e9es, inspir\u00e9e par l&rsquo;\u0153uvre de Gaud\u00ed, qui \u00e9voque l&rsquo;esprit artistique de Barcelone. Cet ustensile, id\u00e9al pour servir des soupes ou des rago\u00fbts, pr\u00e9sente un fond blanc brillant avec des d\u00e9tails en noir, bleu, rouge, jaune et vert, ainsi que l&rsquo;inscription \u00ab\u00a0Barcelona\u00a0\u00bb. Son design unique et vibrant apporte une touche de modernit\u00e9 et de culture \u00e0 n&rsquo;importe quelle cuisine, \u00e9tant une pi\u00e8ce fonctionnelle et d\u00e9corative.<\/p>\n","protected":false},"featured_media":9146,"template":"","meta":{"_acf_changed":false},"product_brand":[],"product_cat":[798],"product_tag":[585],"class_list":{"0":"post-30024","1":"product","2":"type-product","3":"status-publish","4":"has-post-thumbnail","6":"product_cat-louches","7":"product_tag-ceramique","8":"pa_ciudad-barcelona","9":"pa_motivo-punt-de-trobada","10":"pa_pais-espana","12":"first","13":"instock","14":"shipping-taxable","15":"product-type-simple"},"acf":[],"_links":{"self":[{"href":"https:\/\/olemosaic.com\/fr\/wp-json\/wp\/v2\/product\/30024","targetHints":{"allow":["GET"]}}],"collection":[{"href":"https:\/\/olemosaic.com\/fr\/wp-json\/wp\/v2\/product"}],"about":[{"href":"https:\/\/olemosaic.com\/fr\/wp-json\/wp\/v2\/types\/product"}],"wp:featuredmedia":[{"embeddable":true,"href":"https:\/\/olemosaic.com\/fr\/wp-json\/wp\/v2\/media\/9146"}],"wp:attachment":[{"href":"https:\/\/olemosaic.com\/fr\/wp-json\/wp\/v2\/media?parent=30024"}],"wp:term":[{"taxonomy":"product_brand","embeddable":true,"href":"https:\/\/olemosaic.com\/fr\/wp-json\/wp\/v2\/product_brand?post=30024"},{"taxonomy":"product_cat","embeddable":true,"href":"https:\/\/olemosaic.com\/fr\/wp-json\/wp\/v2\/product_cat?post=30024"},{"taxonomy":"product_tag","embeddable":true,"href":"https:\/\/olemosaic.com\/fr\/wp-json\/wp\/v2\/product_tag?post=30024"}],"curies":[{"name":"wp","href":"https:\/\/api.w.org\/{rel}","templated":true}]}}