{"id":30023,"date":"2025-02-20T23:31:36","date_gmt":"2025-02-20T22:31:36","guid":{"rendered":"http:\/\/olemosaic.com\/producto\/cucharon-de-ceramica-patio-madrid-blanco\/"},"modified":"2025-07-25T22:26:34","modified_gmt":"2025-07-25T20:26:34","slug":"louche-en-ceramique-patio-madrid-blanc","status":"publish","type":"product","link":"https:\/\/olemosaic.com\/fr\/produit\/louche-en-ceramique-patio-madrid-blanc\/","title":{"rendered":"Louche en c\u00e9ramique. Patio. Madrid. Blanc"},"content":{"rendered":"<p>Cette louche en c\u00e9ramique d\u00e9cor\u00e9e est une splendide repr\u00e9sentation du charme des patios madril\u00e8nes, id\u00e9ale pour ceux qui recherchent un souvenir authentique capturant l&rsquo;essence de Madrid. Fabriqu\u00e9e en c\u00e9ramique de haute qualit\u00e9, sa couleur blanche rehausse les illustrations vibrantes \u00e0 effet peint \u00e0 la main qui ornent sa surface. Dans le design, on observe une danseuse de flamenco portant une impressionnante robe rouge \u00e0 volants, tandis qu&rsquo;un \u00e9l\u00e9gant danseur compl\u00e8te la sc\u00e8ne. Les deux personnages sont entour\u00e9s de fleurs rouges \u00e9clatantes et de lampadaires typiques, symboles qui \u00e9voquent la vie joyeuse et color\u00e9e de la capitale espagnole.<\/p>\n<p>La louche ne remplit pas seulement une fonction pratique dans la cuisine, elle agit \u00e9galement comme une pi\u00e8ce d\u00e9corative qui apporte une touche d&rsquo;art et de tradition \u00e0 n&rsquo;importe quel foyer. Parfaite comme souvenir de Madrid, cette louche en c\u00e9ramique est une excellente option pour les boutiques de cadeaux touristiques \u00e0 la recherche de produits uniques et repr\u00e9sentatifs. Chez Ol\u00e9 Mosaic, nous nous sp\u00e9cialisons dans la distribution de c\u00e9ramique en gros, proposant des articles authentiques qui c\u00e9l\u00e8brent le riche h\u00e9ritage culturel espagnol. Cette louche est un souvenir id\u00e9al qui permet aux touristes d&#8217;emporter un morceau de la vibrante culture madril\u00e8ne, devenant un objet m\u00e9morable qui \u00e9voque les moments v\u00e9cus dans la belle ville.<\/p>\n","protected":false},"excerpt":{"rendered":"<p>Louche en c\u00e9ramique d\u00e9cor\u00e9e, inspir\u00e9e des sc\u00e8nes vibrantes d&rsquo;un patio madril\u00e8ne. Cette magnifique louche blanche pr\u00e9sente des illustrations \u00e0 effet peint \u00e0 la main repr\u00e9sentant une danseuse de flamenco en robe rouge et un \u00e9l\u00e9gant danseur, entour\u00e9s de fleurs rouges et de lampadaires typiques. Son design attrayant et color\u00e9 en fait une pi\u00e8ce fonctionnelle et d\u00e9corative, id\u00e9ale pour ajouter une touche d&rsquo;art et de tradition \u00e0 votre cuisine.<\/p>\n","protected":false},"featured_media":7972,"template":"","meta":{"_acf_changed":false},"product_brand":[],"product_cat":[798],"product_tag":[585],"class_list":{"0":"post-30023","1":"product","2":"type-product","3":"status-publish","4":"has-post-thumbnail","6":"product_cat-louches","7":"product_tag-ceramique","8":"pa_ciudad-madrid","9":"pa_motivo-cours-interieures","10":"pa_pais-espana","12":"first","13":"instock","14":"shipping-taxable","15":"product-type-simple"},"acf":[],"_links":{"self":[{"href":"https:\/\/olemosaic.com\/fr\/wp-json\/wp\/v2\/product\/30023","targetHints":{"allow":["GET"]}}],"collection":[{"href":"https:\/\/olemosaic.com\/fr\/wp-json\/wp\/v2\/product"}],"about":[{"href":"https:\/\/olemosaic.com\/fr\/wp-json\/wp\/v2\/types\/product"}],"wp:featuredmedia":[{"embeddable":true,"href":"https:\/\/olemosaic.com\/fr\/wp-json\/wp\/v2\/media\/7972"}],"wp:attachment":[{"href":"https:\/\/olemosaic.com\/fr\/wp-json\/wp\/v2\/media?parent=30023"}],"wp:term":[{"taxonomy":"product_brand","embeddable":true,"href":"https:\/\/olemosaic.com\/fr\/wp-json\/wp\/v2\/product_brand?post=30023"},{"taxonomy":"product_cat","embeddable":true,"href":"https:\/\/olemosaic.com\/fr\/wp-json\/wp\/v2\/product_cat?post=30023"},{"taxonomy":"product_tag","embeddable":true,"href":"https:\/\/olemosaic.com\/fr\/wp-json\/wp\/v2\/product_tag?post=30023"}],"curies":[{"name":"wp","href":"https:\/\/api.w.org\/{rel}","templated":true}]}}