{"id":30022,"date":"2025-02-20T23:31:36","date_gmt":"2025-02-20T22:31:36","guid":{"rendered":"http:\/\/olemosaic.com\/producto\/cucharon-de-ceramica-salamandra-y-flores-blanco-2\/"},"modified":"2025-07-25T18:40:26","modified_gmt":"2025-07-25T16:40:26","slug":"louche-en-ceramique-salamandre-et-fleurs-blanc-2","status":"publish","type":"product","link":"https:\/\/olemosaic.com\/fr\/produit\/louche-en-ceramique-salamandre-et-fleurs-blanc-2\/","title":{"rendered":"Louche en c\u00e9ramique. Salamandre et fleurs. C\u00e9ramique traditionnelle. Blanc"},"content":{"rendered":"<p>Cette louche en c\u00e9ramique d\u00e9cor\u00e9e est un v\u00e9ritable joyau de l&rsquo;artisanat espagnol, parfaite pour ajouter une touche artistique et color\u00e9e \u00e0 votre cuisine. Avec un design sur fond blanc, cet ustensile s&rsquo;illumine de motifs vibrants de salamandres et de fleurs dans des tons rouges, bleus et jaunes, \u00e9voquant la riche tradition de la c\u00e9ramique populaire espagnole. Les salamandres, qui symbolisent la renaissance et le renouveau, s&rsquo;entrelacent avec de d\u00e9licats motifs floraux qui apportent un air festif et joyeux.<\/p>\n<p>La louche n&rsquo;est pas seulement visuellement attrayante, elle pr\u00e9sente \u00e9galement une forme ergonomique et une finition lisse, ce qui en fait un ustensile pratique pour le quotidien. Son design facilite sa manipulation, \u00e9tant id\u00e9ale pour servir des soupes, des rago\u00fbts ou tout plat que vous souhaitez. Ce souvenir en c\u00e9ramique est parfait pour ceux qui recherchent une pi\u00e8ce alliant fonctionnalit\u00e9 et style, devenant un souvenir m\u00e9morable de leur visite en Espagne.<\/p>\n<p>Chez Ol\u00e9 Mosaic, nous sommes distributeurs de souvenirs en gros, proposant des articles uniques qui refl\u00e8tent l&rsquo;essence de la culture espagnole. Cette louche en c\u00e9ramique est une excellente option pour les touristes \u00e0 la recherche de souvenirs authentiques, ainsi qu&rsquo;un produit attrayant pour les boutiques de cadeaux touristiques souhaitant offrir \u00e0 leurs clients un \u00e9chantillon de l&rsquo;art et de la tradition de l&rsquo;Espagne.<\/p>\n","protected":false},"excerpt":{"rendered":"<p>Louche en c\u00e9ramique d\u00e9cor\u00e9e de motifs color\u00e9s de salamandres et de fleurs, id\u00e9ale pour donner une touche artistique \u00e0 votre cuisine. Ce bel ustensile, avec son design sur base blanche et ses d\u00e9tails vibrants en rouge, bleu et jaune, est inspir\u00e9 de la c\u00e9ramique traditionnelle. Sa forme ergonomique et sa finition lisse la rendent pratique et attrayante, en faisant un souvenir parfait qui \u00e9voque l&rsquo;essence de l&rsquo;art populaire espagnol.<\/p>\n","protected":false},"featured_media":8353,"template":"","meta":{"_acf_changed":false},"product_brand":[],"product_cat":[798],"product_tag":[530,585],"class_list":{"0":"post-30022","1":"product","2":"type-product","3":"status-publish","4":"has-post-thumbnail","6":"product_cat-louches","7":"product_tag-animaux","8":"product_tag-ceramique","9":"pa_motivo-salamandres","11":"first","12":"instock","13":"shipping-taxable","14":"product-type-simple"},"acf":[],"_links":{"self":[{"href":"https:\/\/olemosaic.com\/fr\/wp-json\/wp\/v2\/product\/30022","targetHints":{"allow":["GET"]}}],"collection":[{"href":"https:\/\/olemosaic.com\/fr\/wp-json\/wp\/v2\/product"}],"about":[{"href":"https:\/\/olemosaic.com\/fr\/wp-json\/wp\/v2\/types\/product"}],"wp:featuredmedia":[{"embeddable":true,"href":"https:\/\/olemosaic.com\/fr\/wp-json\/wp\/v2\/media\/8353"}],"wp:attachment":[{"href":"https:\/\/olemosaic.com\/fr\/wp-json\/wp\/v2\/media?parent=30022"}],"wp:term":[{"taxonomy":"product_brand","embeddable":true,"href":"https:\/\/olemosaic.com\/fr\/wp-json\/wp\/v2\/product_brand?post=30022"},{"taxonomy":"product_cat","embeddable":true,"href":"https:\/\/olemosaic.com\/fr\/wp-json\/wp\/v2\/product_cat?post=30022"},{"taxonomy":"product_tag","embeddable":true,"href":"https:\/\/olemosaic.com\/fr\/wp-json\/wp\/v2\/product_tag?post=30022"}],"curies":[{"name":"wp","href":"https:\/\/api.w.org\/{rel}","templated":true}]}}