{"id":30015,"date":"2025-02-20T22:31:36","date_gmt":"2025-02-20T22:31:36","guid":{"rendered":"http:\/\/olemosaic.com\/producto\/cucharon-de-ceramica-valencia-blanco\/"},"modified":"2025-07-25T18:48:28","modified_gmt":"2025-07-25T16:48:28","slug":"louche-ceramique-valence-blanc","status":"publish","type":"product","link":"https:\/\/olemosaic.com\/fr\/produit\/louche-ceramique-valence-blanc\/","title":{"rendered":"Louche en c\u00e9ramique. Valence. Blanc"},"content":{"rendered":"<p>Cette louche en c\u00e9ramique d\u00e9cor\u00e9e est un souvenir sophistiqu\u00e9 inspir\u00e9 de la ville vibrante de Valence, une destination embl\u00e9matique de la M\u00e9diterran\u00e9e. Son design color\u00e9 capture l&rsquo;essence architecturale de la r\u00e9gion, illustrant des monuments iconiques tels que la Cit\u00e9 des Arts et des Sciences, qui se distingue par ses formes futuristes et sa beaut\u00e9 impressionnante. Les tons bleus et rouges, pr\u00e9sents dans le design, \u00e9voquent l&rsquo;ambiance chaleureuse et festive de Valence, tandis que l&rsquo;\u00e9l\u00e9gante finition blanche brillante ajoute une touche moderne et attrayante.<\/p>\n<p>Sur la partie frontale, le mot \u00ab\u00a0Valence\u00a0\u00bb est pr\u00e9sent\u00e9 dans des couleurs vives, attirant l&rsquo;attention et rappelant la chaleur de la ville. Cette louche n&rsquo;est pas seulement un ustensile pratique id\u00e9al pour la cuisine, mais elle sert \u00e9galement de magnifique pi\u00e8ce d\u00e9corative, parfaite pour \u00eatre expos\u00e9e dans n&rsquo;importe quel foyer. Chaque louche est un hommage \u00e0 la riche culture valencienne, devenant un souvenir significatif pour ceux qui souhaitent emporter un morceau d&rsquo;Espagne.<\/p>\n<p>Chez Ol\u00e9 Mosaic, nous nous sp\u00e9cialisons dans la distribution de souvenirs en gros, offrant des souvenirs authentiques qui c\u00e9l\u00e8brent la diversit\u00e9 culturelle de l&rsquo;Espagne. Cette louche en c\u00e9ramique est une excellente option pour les boutiques de cadeaux touristiques \u00e0 la recherche de produits de qualit\u00e9 et de pertinence culturelle, devenant un incontournable de la collection de souvenirs de Valence.<\/p>\n","protected":false},"excerpt":{"rendered":"<p>Louche en c\u00e9ramique d\u00e9cor\u00e9e, inspir\u00e9e de la ville vibrante de Valence. Cette louche \u00e9l\u00e9gante pr\u00e9sente un design color\u00e9 illustrant de charmants monuments embl\u00e9matiques, tels que la Cit\u00e9 des Arts et des Sciences, compl\u00e9t\u00e9 par des touches de bleu et de rouge \u00e9voquant la beaut\u00e9 architecturale de la r\u00e9gion. La partie frontale arbore le mot \u00ab\u00a0Valence\u00a0\u00bb en couleurs vives, tandis que sa finition blanche brillante lui apporte une touche moderne et attrayante. Id\u00e9ale aussi bien pour une utilisation en cuisine que comme beau souvenir.<\/p>\n","protected":false},"featured_media":9887,"template":"","meta":{"_acf_changed":false},"product_brand":[],"product_cat":[798],"product_tag":[585],"class_list":{"0":"post-30015","1":"product","2":"type-product","3":"status-publish","4":"has-post-thumbnail","6":"product_cat-louches","7":"product_tag-ceramique","8":"pa_ciudad-valencia","9":"pa_pais-espana","11":"first","12":"instock","13":"shipping-taxable","14":"product-type-simple"},"acf":[],"_links":{"self":[{"href":"https:\/\/olemosaic.com\/fr\/wp-json\/wp\/v2\/product\/30015","targetHints":{"allow":["GET"]}}],"collection":[{"href":"https:\/\/olemosaic.com\/fr\/wp-json\/wp\/v2\/product"}],"about":[{"href":"https:\/\/olemosaic.com\/fr\/wp-json\/wp\/v2\/types\/product"}],"wp:featuredmedia":[{"embeddable":true,"href":"https:\/\/olemosaic.com\/fr\/wp-json\/wp\/v2\/media\/9887"}],"wp:attachment":[{"href":"https:\/\/olemosaic.com\/fr\/wp-json\/wp\/v2\/media?parent=30015"}],"wp:term":[{"taxonomy":"product_brand","embeddable":true,"href":"https:\/\/olemosaic.com\/fr\/wp-json\/wp\/v2\/product_brand?post=30015"},{"taxonomy":"product_cat","embeddable":true,"href":"https:\/\/olemosaic.com\/fr\/wp-json\/wp\/v2\/product_cat?post=30015"},{"taxonomy":"product_tag","embeddable":true,"href":"https:\/\/olemosaic.com\/fr\/wp-json\/wp\/v2\/product_tag?post=30015"}],"curies":[{"name":"wp","href":"https:\/\/api.w.org\/{rel}","templated":true}]}}