{"id":30014,"date":"2025-02-20T22:31:35","date_gmt":"2025-02-20T22:31:35","guid":{"rendered":"http:\/\/olemosaic.com\/producto\/cucharon-de-ceramica-patio-blanco-2\/"},"modified":"2025-07-25T19:12:43","modified_gmt":"2025-07-25T17:12:43","slug":"louche-ceramique-patio-blanc-2","status":"publish","type":"product","link":"https:\/\/olemosaic.com\/fr\/produit\/louche-ceramique-patio-blanc-2\/","title":{"rendered":"Louche en c\u00e9ramique. Patio. Blanc"},"content":{"rendered":"<p>Cette louche en c\u00e9ramique d\u00e9cor\u00e9e est un magnifique exemple de l&rsquo;art traditionnel espagnol, qui nous transporte vers les charmes d&rsquo;un patio andalou typique. Sur une base blanche, la louche d\u00e9ploie des d\u00e9tails picturaux vibrants : des roses rouges, \u00e9voquant la beaut\u00e9 florale des patios espagnols, et une sc\u00e8ne anim\u00e9e d&rsquo;un couple dansant le flamenco, capturant l&rsquo;esprit festif de la culture andalouse. Le couple porte des costumes traditionnels, reflet de la passion et du rythme du flamenco, danse embl\u00e9matique du sud de l&rsquo;Espagne.<\/p>\n<p>Le fond de la louche est encadr\u00e9 par une grille en fer forg\u00e9, un \u00e9l\u00e9ment architectural qui ajoute une touche authentique et caract\u00e9ristique des patios andalous. Cet ustensile n&rsquo;est pas seulement fonctionnel, il devient une \u0153uvre d&rsquo;art qui embellit n&rsquo;importe quelle cuisine, fusionnant la tradition culinaire avec l&rsquo;esth\u00e9tique culturelle. Il est id\u00e9al comme souvenir pour les touristes cherchant \u00e0 emporter un morceau d&rsquo;Espagne, ou comme un bel \u00e9l\u00e9ment folklorique pour d\u00e9corer leur maison.<\/p>\n<p>Chez Ol\u00e9 Mosaic, nous proposons une s\u00e9lection de souvenirs authentiques qui mettent en valeur l&rsquo;h\u00e9ritage culturel de l&rsquo;Espagne. Cette louche est une excellente option pour les boutiques de cadeaux touristiques souhaitant offrir des produits qui cr\u00e9ent un lien avec les visiteurs et montrent la riche tradition de l&rsquo;Andalousie. En tant que grossistes d&rsquo;ustensiles en c\u00e9ramique, nous garantissons la qualit\u00e9 et l&rsquo;authenticit\u00e9 de chaque pi\u00e8ce, assurant que vos clients trouvent des souvenirs uniques et significatifs.<\/p>\n","protected":false},"excerpt":{"rendered":"<p>Louche en c\u00e9ramique d\u00e9cor\u00e9e, inspir\u00e9e des charmes d&rsquo;un patio espagnol typique. Cet ustensile pr\u00e9sente une base blanche orn\u00e9e de d\u00e9tails picturaux vibrants : des roses rouges et un couple dansant le flamenco, encadr\u00e9s par une grille en fer forg\u00e9. La sc\u00e8ne capture l&rsquo;essence culturelle du flamenco, originaire d&rsquo;Andalousie, et apporte une touche artistique et fonctionnelle \u00e0 votre cuisine. Id\u00e9ale comme souvenir ou pour ajouter un d\u00e9tail folklorique \u00e0 votre int\u00e9rieur.<\/p>\n","protected":false},"featured_media":8417,"template":"","meta":{"_acf_changed":false},"product_brand":[],"product_cat":[798],"product_tag":[585],"class_list":{"0":"post-30014","1":"product","2":"type-product","3":"status-publish","4":"has-post-thumbnail","6":"product_cat-louches","7":"product_tag-ceramique","8":"pa_motivo-cours-interieures","10":"first","11":"instock","12":"shipping-taxable","13":"product-type-simple"},"acf":[],"_links":{"self":[{"href":"https:\/\/olemosaic.com\/fr\/wp-json\/wp\/v2\/product\/30014","targetHints":{"allow":["GET"]}}],"collection":[{"href":"https:\/\/olemosaic.com\/fr\/wp-json\/wp\/v2\/product"}],"about":[{"href":"https:\/\/olemosaic.com\/fr\/wp-json\/wp\/v2\/types\/product"}],"wp:featuredmedia":[{"embeddable":true,"href":"https:\/\/olemosaic.com\/fr\/wp-json\/wp\/v2\/media\/8417"}],"wp:attachment":[{"href":"https:\/\/olemosaic.com\/fr\/wp-json\/wp\/v2\/media?parent=30014"}],"wp:term":[{"taxonomy":"product_brand","embeddable":true,"href":"https:\/\/olemosaic.com\/fr\/wp-json\/wp\/v2\/product_brand?post=30014"},{"taxonomy":"product_cat","embeddable":true,"href":"https:\/\/olemosaic.com\/fr\/wp-json\/wp\/v2\/product_cat?post=30014"},{"taxonomy":"product_tag","embeddable":true,"href":"https:\/\/olemosaic.com\/fr\/wp-json\/wp\/v2\/product_tag?post=30014"}],"curies":[{"name":"wp","href":"https:\/\/api.w.org\/{rel}","templated":true}]}}