{"id":30013,"date":"2025-02-20T22:31:35","date_gmt":"2025-02-20T22:31:35","guid":{"rendered":"http:\/\/olemosaic.com\/producto\/cucharon-de-ceramica-mijas-blanco\/"},"modified":"2025-07-25T20:06:24","modified_gmt":"2025-07-25T18:06:24","slug":"louche-ceramique-mijas-blanc","status":"publish","type":"product","link":"https:\/\/olemosaic.com\/fr\/produit\/louche-ceramique-mijas-blanc\/","title":{"rendered":"Louche en c\u00e9ramique. Mijas. Blanc"},"content":{"rendered":"<p>Cette louche en c\u00e9ramique d\u00e9cor\u00e9e est un magnifique souvenir de Mijas, un village pittoresque et charmant de la Costa del Sol. La pi\u00e8ce pr\u00e9sente un design vibrant en blanc, vert et rouge, qui capture l&rsquo;essence du folklore andalou \u00e0 travers ses d\u00e9tails m\u00e9ticuleux. \u00c0 l&rsquo;int\u00e9rieur, on remarque des motifs embl\u00e9matiques tels que les ar\u00e8nes (Plaza de Toros), ainsi que des palmiers qui \u00e9voquent le climat chaud et accueillant de la r\u00e9gion. Le fond blanc fait ressortir les illustrations pleines de vie, tandis que les d\u00e9tails en mosa\u00efque apportent une touche d&rsquo;authenticit\u00e9 qui en fait non seulement un ustensile de cuisine, mais aussi un \u00e9l\u00e9ment d\u00e9coratif attrayant.<\/p>\n<p>Avec une finition polie qui garantit sa durabilit\u00e9 et sa beaut\u00e9, cette louche se pr\u00e9sente comme un souvenir id\u00e9al pour les touristes qui souhaitent emporter un petit morceau de la culture andalouse. Sa connexion avec Mijas souligne sa pertinence en tant que souvenir repr\u00e9sentatif de la tradition locale, en faisant une excellente option pour ceux qui recherchent plus qu&rsquo;un simple objet fonctionnel : c&rsquo;est un symbole de la chaleur et de l&rsquo;art du lieu.<\/p>\n<p>Chez Ol\u00e9 Mosaic, nous nous sp\u00e9cialisons dans la distribution de souvenirs en gros, offrant des pi\u00e8ces authentiques comme cette louche en c\u00e9ramique, qui rehaussent n&rsquo;importe quelle cuisine et ajoutent une touche d&rsquo;histoire \u00e0 la d\u00e9coration int\u00e9rieure. Parfaite pour les boutiques de cadeaux touristiques, cette louche est un t\u00e9moignage du riche h\u00e9ritage culturel de Mijas, garantissant que chaque acheteur reparte avec un souvenir significatif de sa visite.<\/p>\n","protected":false},"excerpt":{"rendered":"<p>Louche en c\u00e9ramique d\u00e9cor\u00e9e, inspir\u00e9e du charmant village de Mijas. La pi\u00e8ce pr\u00e9sente un design vibrant en blanc, vert et rouge, mettant en valeur des motifs locaux tels que les ar\u00e8nes et les palmiers. Avec des d\u00e9tails en mosa\u00efque et une finition polie, cette louche devient un souvenir attrayant qui \u00e9voque l&rsquo;essence du folklore andalou, id\u00e9al pour toute cuisine ou comme \u00e9l\u00e9ment d\u00e9coratif.<\/p>\n","protected":false},"featured_media":10016,"template":"","meta":{"_acf_changed":false},"product_brand":[],"product_cat":[798],"product_tag":[530,585],"class_list":{"0":"post-30013","1":"product","2":"type-product","3":"status-publish","4":"has-post-thumbnail","6":"product_cat-louches","7":"product_tag-animaux","8":"product_tag-ceramique","9":"pa_ciudad-mijas","10":"pa_pais-espana","12":"first","13":"instock","14":"shipping-taxable","15":"product-type-simple"},"acf":[],"_links":{"self":[{"href":"https:\/\/olemosaic.com\/fr\/wp-json\/wp\/v2\/product\/30013","targetHints":{"allow":["GET"]}}],"collection":[{"href":"https:\/\/olemosaic.com\/fr\/wp-json\/wp\/v2\/product"}],"about":[{"href":"https:\/\/olemosaic.com\/fr\/wp-json\/wp\/v2\/types\/product"}],"wp:featuredmedia":[{"embeddable":true,"href":"https:\/\/olemosaic.com\/fr\/wp-json\/wp\/v2\/media\/10016"}],"wp:attachment":[{"href":"https:\/\/olemosaic.com\/fr\/wp-json\/wp\/v2\/media?parent=30013"}],"wp:term":[{"taxonomy":"product_brand","embeddable":true,"href":"https:\/\/olemosaic.com\/fr\/wp-json\/wp\/v2\/product_brand?post=30013"},{"taxonomy":"product_cat","embeddable":true,"href":"https:\/\/olemosaic.com\/fr\/wp-json\/wp\/v2\/product_cat?post=30013"},{"taxonomy":"product_tag","embeddable":true,"href":"https:\/\/olemosaic.com\/fr\/wp-json\/wp\/v2\/product_tag?post=30013"}],"curies":[{"name":"wp","href":"https:\/\/api.w.org\/{rel}","templated":true}]}}