{"id":29975,"date":"2025-02-20T23:31:35","date_gmt":"2025-02-20T22:31:35","guid":{"rendered":"http:\/\/olemosaic.com\/producto\/cucharon-de-ceramica-salamandra-y-flores-barcelona-blanco-2\/"},"modified":"2025-07-25T18:49:28","modified_gmt":"2025-07-25T16:49:28","slug":"louche-en-ceramique-salamandre-et-fleurs-gaudi-barcelone-blanc","status":"publish","type":"product","link":"https:\/\/olemosaic.com\/fr\/produit\/louche-en-ceramique-salamandre-et-fleurs-gaudi-barcelone-blanc\/","title":{"rendered":"Louche en c\u00e9ramique. Salamandre et fleurs. Gaud\u00ed. Barcelone. Blanc"},"content":{"rendered":"<p>Cette louche en c\u00e9ramique d\u00e9cor\u00e9e est un exemple remarquable de la cr\u00e9ativit\u00e9 vibrante de Barcelone, id\u00e9ale pour ceux qui recherchent un souvenir authentique et culturel. Con\u00e7u avec soin, ce d\u00e9licat ustensile de cuisine pr\u00e9sente une illustration \u00e0 l&rsquo;effet peint \u00e0 la main montrant une salamandre color\u00e9e en rouge, symbolisant la faune m\u00e9diterran\u00e9enne et le lien avec l&rsquo;\u0153uvre d&rsquo;Antoni Gaud\u00ed. Entour\u00e9 de motifs floraux \u00e9galement aux tons vifs, chaque d\u00e9tail de cette louche \u00e9voque la c\u00e9l\u00e8bre mosa\u00efque trencad\u00eds qui orne l&rsquo;architecture de la ville. Le fond blanc sur lequel ces \u00e9l\u00e9ments sont repr\u00e9sent\u00e9s ne met pas seulement en valeur la richesse des couleurs, mais apporte \u00e9galement une touche fra\u00eeche et \u00e9l\u00e9gante \u00e0 la pi\u00e8ce.<\/p>\n<p>Avec le mot \u00ab\u00a0Barcelona\u00a0\u00bb imprim\u00e9 sur la partie inf\u00e9rieure, cette louche est \u00e0 la fois fonctionnelle et d\u00e9corative, servant de rappel parfait du style unique et artistique de la r\u00e9gion. Ce souvenir est une excellente option tant pour ceux qui recherchent une pi\u00e8ce de c\u00e9ramique authentique que pour les touristes souhaitant ramener chez eux un morceau de la culture catalane. Chez Ol\u00e9 Mosaic, nous sommes distributeurs de souvenirs en c\u00e9ramique en gros, offrant des produits qui refl\u00e8tent l&rsquo;identit\u00e9 r\u00e9gionale avec qualit\u00e9 et artisanat. Cette louche en c\u00e9ramique est id\u00e9ale pour les boutiques de cadeaux touristiques \u00e0 la recherche d&rsquo;articles distinctifs et pertinents qui soulignent le charme de Barcelone.<\/p>\n","protected":false},"excerpt":{"rendered":"<p>Louche en c\u00e9ramique d\u00e9cor\u00e9e d&rsquo;une salamandre et de fleurs aux couleurs vives, repr\u00e9sentant le style vibrant de Barcelone. Ce d\u00e9licat ustensile de cuisine pr\u00e9sente un design artisanal, peint \u00e0 la main, mettant en avant une salamandre rouge entour\u00e9e de motifs floraux aux tons joyeux sur un fond blanc. Avec l&rsquo;inscription \u00ab\u00a0Barcelona\u00a0\u00bb, c&rsquo;est une pi\u00e8ce fonctionnelle et d\u00e9corative qui ajoute une touche artistique \u00e0 tout foyer, \u00e9voquant la c\u00e9l\u00e8bre mosa\u00efque de Gaud\u00ed.<\/p>\n","protected":false},"featured_media":8079,"template":"","meta":{"_acf_changed":false},"product_brand":[],"product_cat":[798],"product_tag":[530,585],"class_list":{"0":"post-29975","1":"product","2":"type-product","3":"status-publish","4":"has-post-thumbnail","6":"product_cat-louches","7":"product_tag-animaux","8":"product_tag-ceramique","9":"pa_ciudad-barcelona","10":"pa_motivo-salamandres","11":"pa_pais-espana","13":"first","14":"instock","15":"shipping-taxable","16":"product-type-simple"},"acf":[],"_links":{"self":[{"href":"https:\/\/olemosaic.com\/fr\/wp-json\/wp\/v2\/product\/29975","targetHints":{"allow":["GET"]}}],"collection":[{"href":"https:\/\/olemosaic.com\/fr\/wp-json\/wp\/v2\/product"}],"about":[{"href":"https:\/\/olemosaic.com\/fr\/wp-json\/wp\/v2\/types\/product"}],"wp:featuredmedia":[{"embeddable":true,"href":"https:\/\/olemosaic.com\/fr\/wp-json\/wp\/v2\/media\/8079"}],"wp:attachment":[{"href":"https:\/\/olemosaic.com\/fr\/wp-json\/wp\/v2\/media?parent=29975"}],"wp:term":[{"taxonomy":"product_brand","embeddable":true,"href":"https:\/\/olemosaic.com\/fr\/wp-json\/wp\/v2\/product_brand?post=29975"},{"taxonomy":"product_cat","embeddable":true,"href":"https:\/\/olemosaic.com\/fr\/wp-json\/wp\/v2\/product_cat?post=29975"},{"taxonomy":"product_tag","embeddable":true,"href":"https:\/\/olemosaic.com\/fr\/wp-json\/wp\/v2\/product_tag?post=29975"}],"curies":[{"name":"wp","href":"https:\/\/api.w.org\/{rel}","templated":true}]}}