{"id":29974,"date":"2025-02-20T23:31:35","date_gmt":"2025-02-20T22:31:35","guid":{"rendered":"http:\/\/olemosaic.com\/producto\/cucharon-de-ceramica-salamandra-y-flores-barcelona-blanco\/"},"modified":"2025-07-25T20:03:24","modified_gmt":"2025-07-25T18:03:24","slug":"louche-en-ceramique-salamandre-et-fleurs-barcelone-blanc","status":"publish","type":"product","link":"https:\/\/olemosaic.com\/fr\/produit\/louche-en-ceramique-salamandre-et-fleurs-barcelone-blanc\/","title":{"rendered":"Louche en c\u00e9ramique. Salamandre et fleurs. Barcelone. Blanc"},"content":{"rendered":"<p>Cette louche en c\u00e9ramique d\u00e9cor\u00e9e est un reflet authentique et vibrant de l&rsquo;essence artistique de Barcelone. Avec un design \u00e9voquant le c\u00e9l\u00e8bre trencad\u00eds, cet ustensile pr\u00e9sente une base blanche orn\u00e9e d&rsquo;illustrations color\u00e9es de salamandres et de fleurs qui apportent une touche festive et joyeuse \u00e0 n&rsquo;importe quelle table. La palette de couleurs comprend des rouges, verts et jaunes intenses, qui se distinguent par leur \u00e9clat et sont id\u00e9aux pour attirer les regards des convives et des visiteurs.<\/p>\n<p>Le texte \u00ab\u00a0Barcelona\u00a0\u00bb est soigneusement imprim\u00e9 sur la partie inf\u00e9rieure de la louche, soulignant le lien culturel de cette pi\u00e8ce \u00e0 l&rsquo;effet peint \u00e0 la main, qui capture la vivacit\u00e9 et la cr\u00e9ativit\u00e9 de la capitale catalane. Ce n&rsquo;est pas seulement un ustensile fonctionnel, mais aussi une repr\u00e9sentation \u00e9nergique de la culture locale, parfaite pour ceux qui recherchent des souvenirs authentiques et significatifs de leur voyage. Cette louche est une option id\u00e9ale tant pour un usage quotidien en cuisine que pour \u00eatre expos\u00e9e comme un souvenir attrayant sur une \u00e9tag\u00e8re.<\/p>\n<p>Chez Ol\u00e9 Mosaic, nous nous sp\u00e9cialisons dans la distribution de souvenirs en gros, offrant des articles qui c\u00e9l\u00e8brent la richesse du patrimoine espagnol, comme cette louche en c\u00e9ramique qui est parfaite pour les boutiques de cadeaux touristiques souhaitant proposer des produits authentiques avec un caract\u00e8re culturel. Un v\u00e9ritable bijou qui relie l&rsquo;art et la tradition, en faisant un excellent choix pour les touristes et les amateurs de culture.<\/p>\n","protected":false},"excerpt":{"rendered":"<p>Louche en c\u00e9ramique d\u00e9cor\u00e9e d&rsquo;un design vibrant de salamandres et de fleurs, \u00e9voquant l&rsquo;essence artistique de Barcelone. Cet ustensile blanc pr\u00e9sente une illustration color\u00e9e inspir\u00e9e du trencad\u00eds, avec des tons rouges, verts et jaunes, qui ajoutent une touche festive \u00e0 n&rsquo;importe quelle table. Le texte \u00ab\u00a0Barcelona\u00a0\u00bb est imprim\u00e9, soulignant le lien culturel de cette pi\u00e8ce au design artisanal, peint \u00e0 la main, id\u00e9ale pour un usage quotidien ou comme souvenir attrayant.<\/p>\n","protected":false},"featured_media":8078,"template":"","meta":{"_acf_changed":false},"product_brand":[],"product_cat":[798],"product_tag":[530,585],"class_list":{"0":"post-29974","1":"product","2":"type-product","3":"status-publish","4":"has-post-thumbnail","6":"product_cat-louches","7":"product_tag-animaux","8":"product_tag-ceramique","9":"pa_ciudad-barcelona","10":"pa_motivo-salamandres","11":"pa_pais-espana","13":"first","14":"instock","15":"shipping-taxable","16":"product-type-simple"},"acf":[],"_links":{"self":[{"href":"https:\/\/olemosaic.com\/fr\/wp-json\/wp\/v2\/product\/29974","targetHints":{"allow":["GET"]}}],"collection":[{"href":"https:\/\/olemosaic.com\/fr\/wp-json\/wp\/v2\/product"}],"about":[{"href":"https:\/\/olemosaic.com\/fr\/wp-json\/wp\/v2\/types\/product"}],"wp:featuredmedia":[{"embeddable":true,"href":"https:\/\/olemosaic.com\/fr\/wp-json\/wp\/v2\/media\/8078"}],"wp:attachment":[{"href":"https:\/\/olemosaic.com\/fr\/wp-json\/wp\/v2\/media?parent=29974"}],"wp:term":[{"taxonomy":"product_brand","embeddable":true,"href":"https:\/\/olemosaic.com\/fr\/wp-json\/wp\/v2\/product_brand?post=29974"},{"taxonomy":"product_cat","embeddable":true,"href":"https:\/\/olemosaic.com\/fr\/wp-json\/wp\/v2\/product_cat?post=29974"},{"taxonomy":"product_tag","embeddable":true,"href":"https:\/\/olemosaic.com\/fr\/wp-json\/wp\/v2\/product_tag?post=29974"}],"curies":[{"name":"wp","href":"https:\/\/api.w.org\/{rel}","templated":true}]}}