{"id":29973,"date":"2025-02-20T23:31:35","date_gmt":"2025-02-20T22:31:35","guid":{"rendered":"http:\/\/olemosaic.com\/producto\/cucharon-de-ceramica-salamandra-y-flores-mallorca-blanco\/"},"modified":"2025-07-25T18:36:32","modified_gmt":"2025-07-25T16:36:32","slug":"louche-en-ceramique-salamandre-et-fleurs-majorque-blanc","status":"publish","type":"product","link":"https:\/\/olemosaic.com\/fr\/produit\/louche-en-ceramique-salamandre-et-fleurs-majorque-blanc\/","title":{"rendered":"Louche en c\u00e9ramique. Salamandre et fleurs. Majorque. Blanc"},"content":{"rendered":"<p>Cette louche en c\u00e9ramique d\u00e9cor\u00e9e est un v\u00e9ritable tr\u00e9sor de Majorque, id\u00e9al pour ceux qui recherchent des souvenirs authentiques repr\u00e9sentant la riche culture espagnole. Avec un magnifique design peint \u00e0 la main, cette louche pr\u00e9sente un fond blanc qui fait ressortir les illustrations vibrantes de salamandres et de fleurs. Les salamandres stylis\u00e9es, dans les tons rouges, jaunes et verts, donnent vie \u00e0 cette pi\u00e8ce, tandis que les d\u00e9tails floraux en mosa\u00efque ajoutent une touche d&rsquo;\u00e9l\u00e9gance et de couleur \u00e9voquant les beaux paysages de l&rsquo;\u00eele.<\/p>\n<p>Chaque louche est une pi\u00e8ce fonctionnelle qui, en plus de son utilit\u00e9 en cuisine, devient un \u00e9l\u00e9ment d\u00e9coratif capable d&#8217;embellir n&rsquo;importe quel foyer. Son design artistique et la qualit\u00e9 de sa c\u00e9ramique refl\u00e8tent le savoir-faire des artisans majorquins, transformant cet objet non seulement en ustensile, mais en symbole de l&rsquo;h\u00e9ritage culturel de la r\u00e9gion. Ce souvenir de Majorque est une excellente option pour les touristes souhaitant emporter un petit morceau de l&rsquo;\u00eele et pour les boutiques de cadeaux touristiques \u00e0 la recherche de produits authentiques.<\/p>\n<p>Chez Ol\u00e9 Mosaic, nous nous sp\u00e9cialisons dans la distribution de souvenirs en gros, garantissant la qualit\u00e9 et l&rsquo;authenticit\u00e9 de chaque pi\u00e8ce. Cette louche en c\u00e9ramique est le cadeau parfait pour ceux qui recherchent un lien avec la tradition et l&rsquo;art local, repr\u00e9sentant une option id\u00e9ale \u00e0 collectionner ou \u00e0 offrir.<\/p>\n","protected":false},"excerpt":{"rendered":"<p>Louche en c\u00e9ramique d\u00e9cor\u00e9e de salamandres et de fleurs vibrantes, capturant l&rsquo;essence de Majorque. Cet ustensile de cuisine attrayant pr\u00e9sente un design artisanal, peint \u00e0 la main, sur un fond blanc qui souligne l&rsquo;illustration color\u00e9e dans les tons rouges, jaunes et verts. Les salamandres stylis\u00e9es se combinent \u00e0 une mosa\u00efque florale, cr\u00e9ant une pi\u00e8ce fonctionnelle et d\u00e9corative id\u00e9ale pour tout int\u00e9rieur. Une touche artistique et culturelle pour sublimer votre cuisine.<\/p>\n","protected":false},"featured_media":8030,"template":"","meta":{"_acf_changed":false},"product_brand":[],"product_cat":[798],"product_tag":[530,585],"class_list":{"0":"post-29973","1":"product","2":"type-product","3":"status-publish","4":"has-post-thumbnail","6":"product_cat-louches","7":"product_tag-animaux","8":"product_tag-ceramique","9":"pa_ciudad-mallorca","10":"pa_motivo-salamandres","11":"pa_pais-espana","13":"first","14":"instock","15":"shipping-taxable","16":"product-type-simple"},"acf":[],"_links":{"self":[{"href":"https:\/\/olemosaic.com\/fr\/wp-json\/wp\/v2\/product\/29973","targetHints":{"allow":["GET"]}}],"collection":[{"href":"https:\/\/olemosaic.com\/fr\/wp-json\/wp\/v2\/product"}],"about":[{"href":"https:\/\/olemosaic.com\/fr\/wp-json\/wp\/v2\/types\/product"}],"wp:featuredmedia":[{"embeddable":true,"href":"https:\/\/olemosaic.com\/fr\/wp-json\/wp\/v2\/media\/8030"}],"wp:attachment":[{"href":"https:\/\/olemosaic.com\/fr\/wp-json\/wp\/v2\/media?parent=29973"}],"wp:term":[{"taxonomy":"product_brand","embeddable":true,"href":"https:\/\/olemosaic.com\/fr\/wp-json\/wp\/v2\/product_brand?post=29973"},{"taxonomy":"product_cat","embeddable":true,"href":"https:\/\/olemosaic.com\/fr\/wp-json\/wp\/v2\/product_cat?post=29973"},{"taxonomy":"product_tag","embeddable":true,"href":"https:\/\/olemosaic.com\/fr\/wp-json\/wp\/v2\/product_tag?post=29973"}],"curies":[{"name":"wp","href":"https:\/\/api.w.org\/{rel}","templated":true}]}}