{"id":29960,"date":"2025-02-20T22:31:34","date_gmt":"2025-02-20T22:31:34","guid":{"rendered":"http:\/\/olemosaic.com\/producto\/cucharon-de-ceramica-malaga-blanco\/"},"modified":"2025-07-25T20:08:01","modified_gmt":"2025-07-25T18:08:01","slug":"louche-en-ceramique-malaga-blanc","status":"publish","type":"product","link":"https:\/\/olemosaic.com\/fr\/produit\/louche-en-ceramique-malaga-blanc\/","title":{"rendered":"Louche en c\u00e9ramique. Malaga. Blanc"},"content":{"rendered":"<p>Cette louche en c\u00e9ramique d\u00e9cor\u00e9e est un souvenir attrayant de Malaga qui fusionne fonctionnalit\u00e9 et art dans un m\u00eame objet. Son design \u00e9l\u00e9gant d&rsquo;un blanc \u00e9clatant met en valeur l&rsquo;illustration pittoresque qui capture l&rsquo;essence du paysage urbain vibrant de cette ville andalouse embl\u00e9matique. Sur sa surface, les d\u00e9tails artistiques repr\u00e9sentent les b\u00e2timents caract\u00e9ristiques de Malaga, orn\u00e9s d&rsquo;une touche de vert qui \u00e9voque les jardins soign\u00e9s qui embellissent la ville. Le mot \u00ab\u00a0M\u00e1laga\u00a0\u00bb appara\u00eet imprim\u00e9 dans des couleurs vibrantes, compl\u00e9tant le design et faisant de cette louche un v\u00e9ritable hommage \u00e0 la culture locale.<\/p>\n<p>\u00c0 travers son design, cette louche ne sert pas seulement d&rsquo;ustensile utile en cuisine, mais agit \u00e9galement comme un souvenir exquis de la beaut\u00e9 de Malaga, ce qui en fait un souvenir id\u00e9al pour ceux qui souhaitent emporter un petit morceau d&rsquo;Andalousie. La c\u00e9ramique, un mat\u00e9riau de fabrication traditionnelle dans cette r\u00e9gion, souligne l&rsquo;authenticit\u00e9 de cette pi\u00e8ce, en faisant une option parfaite pour les touristes \u00e0 la recherche de souvenirs repr\u00e9sentatifs de leur exp\u00e9rience en Espagne.<\/p>\n<p>Chez Ol\u00e9 Mosaic, nous nous sp\u00e9cialisons dans la distribution de souvenirs en gros, offrant des produits authentiques et de qualit\u00e9 qui mettent en avant le patrimoine culturel de chaque r\u00e9gion. Cette louche en c\u00e9ramique est un excellent choix pour les boutiques de cadeaux touristiques \u00e0 la recherche d&rsquo;articles uniques capturant l&rsquo;essence de Malaga. En tant que grossiste de souvenirs en c\u00e9ramique, nous garantissons que chaque pi\u00e8ce b\u00e9n\u00e9ficie d&rsquo;un design et d&rsquo;un artisanat exceptionnels, parfaits pour ravir n&rsquo;importe quel acheteur.<\/p>\n","protected":false},"excerpt":{"rendered":"<p>Louche en c\u00e9ramique d\u00e9cor\u00e9e d&rsquo;une illustration pittoresque de Malaga pr\u00e9sentant un paysage urbain color\u00e9. Cette \u00e9l\u00e9gante louche blanche affiche des d\u00e9tails artistiques qui mettent en valeur le centre embl\u00e9matique de la ville, avec ses b\u00e2timents caract\u00e9ristiques et une touche de vert \u00e9voquant ses jardins. Le mot \u00ab\u00a0M\u00e1laga\u00a0\u00bb est imprim\u00e9 dans des couleurs vibrantes, compl\u00e9tant le design et faisant de cet objet une pi\u00e8ce id\u00e9ale comme souvenir ou ustensile de cuisine d\u00e9coratif.<\/p>\n","protected":false},"featured_media":10549,"template":"","meta":{"_acf_changed":false},"product_brand":[],"product_cat":[798],"product_tag":[585],"class_list":{"0":"post-29960","1":"product","2":"type-product","3":"status-publish","4":"has-post-thumbnail","6":"product_cat-louches","7":"product_tag-ceramique","8":"pa_ciudad-malaga","9":"pa_pais-espana","11":"first","12":"instock","13":"shipping-taxable","14":"product-type-simple"},"acf":[],"_links":{"self":[{"href":"https:\/\/olemosaic.com\/fr\/wp-json\/wp\/v2\/product\/29960","targetHints":{"allow":["GET"]}}],"collection":[{"href":"https:\/\/olemosaic.com\/fr\/wp-json\/wp\/v2\/product"}],"about":[{"href":"https:\/\/olemosaic.com\/fr\/wp-json\/wp\/v2\/types\/product"}],"wp:featuredmedia":[{"embeddable":true,"href":"https:\/\/olemosaic.com\/fr\/wp-json\/wp\/v2\/media\/10549"}],"wp:attachment":[{"href":"https:\/\/olemosaic.com\/fr\/wp-json\/wp\/v2\/media?parent=29960"}],"wp:term":[{"taxonomy":"product_brand","embeddable":true,"href":"https:\/\/olemosaic.com\/fr\/wp-json\/wp\/v2\/product_brand?post=29960"},{"taxonomy":"product_cat","embeddable":true,"href":"https:\/\/olemosaic.com\/fr\/wp-json\/wp\/v2\/product_cat?post=29960"},{"taxonomy":"product_tag","embeddable":true,"href":"https:\/\/olemosaic.com\/fr\/wp-json\/wp\/v2\/product_tag?post=29960"}],"curies":[{"name":"wp","href":"https:\/\/api.w.org\/{rel}","templated":true}]}}