{"id":29959,"date":"2025-02-20T23:31:34","date_gmt":"2025-02-20T22:31:34","guid":{"rendered":"http:\/\/olemosaic.com\/producto\/cucharon-de-ceramica-mosaico-blanco\/"},"modified":"2025-07-25T18:36:36","modified_gmt":"2025-07-25T16:36:36","slug":"louche-en-ceramique-mosaique-blanc","status":"publish","type":"product","link":"https:\/\/olemosaic.com\/fr\/produit\/louche-en-ceramique-mosaique-blanc\/","title":{"rendered":"Louche en c\u00e9ramique. Mosa\u00efque. Blanc"},"content":{"rendered":"<p>Cette louche en c\u00e9ramique, d\u00e9cor\u00e9e de motifs de mosa\u00efque vibrants, est un joyau qui capture l&rsquo;essence de l&rsquo;art portugais. Son design pr\u00e9sente une riche palette de tons bleus, rouges et oranges, entrelac\u00e9s dans des motifs g\u00e9om\u00e9triques et floraux qui \u00e9voquent la c\u00e9ramique traditionnelle du Portugal. Chaque d\u00e9tail de la louche a \u00e9t\u00e9 soigneusement con\u00e7u pour apporter une touche color\u00e9e et \u00e9l\u00e9gante \u00e0 n&rsquo;importe quelle cuisine, en faisant un \u00e9l\u00e9ment \u00e0 la fois fonctionnel et d\u00e9coratif.<\/p>\n<p>La finition brillante de la c\u00e9ramique ne met pas seulement en valeur les couleurs, mais facilite \u00e9galement son nettoyage, faisant de cette louche une option pratique pour un usage quotidien. Id\u00e9al pour servir des soupes, des rago\u00fbts ou des sauces, cet ustensile n&rsquo;est pas seulement un objet de cuisine, mais un v\u00e9ritable souvenir culturel qui \u00e9voque la riche histoire artisanale du pays.<\/p>\n<p>Chez Ol\u00e9 Mosaic, nous savons que cette louche en c\u00e9ramique est le souvenir parfait pour les touristes qui recherchent une repr\u00e9sentation authentique du Portugal dans leur foyer. En tant que distributeurs de souvenirs en gros, nous proposons ce produit unique aux boutiques de cadeaux touristiques qui appr\u00e9cient la qualit\u00e9 et la tradition. Cette louche en mosa\u00efque n&rsquo;est pas seulement un ustensile, mais une pi\u00e8ce qui raconte l&rsquo;histoire d&rsquo;un art ancestral, transformant votre achat en une exp\u00e9rience m\u00e9morable.<\/p>\n","protected":false},"excerpt":{"rendered":"<p>Louche en c\u00e9ramique d\u00e9cor\u00e9e de motifs de mosa\u00efque vibrants dans les tons bleus, rouges et oranges, id\u00e9ale pour donner une touche de couleur \u00e0 votre cuisine. Son design tr\u00e8s sp\u00e9cial combine des motifs g\u00e9om\u00e9triques et floraux, refl\u00e9tant la riche tradition artisanale portugaise. Avec une finition brillante, cette louche est non seulement fonctionnelle, mais aussi une pi\u00e8ce d\u00e9corative qui apporte de l&rsquo;\u00e9l\u00e9gance \u00e0 n&rsquo;importe quelle table.<\/p>\n","protected":false},"featured_media":9030,"template":"","meta":{"_acf_changed":false},"product_brand":[],"product_cat":[798],"product_tag":[585],"class_list":{"0":"post-29959","1":"product","2":"type-product","3":"status-publish","4":"has-post-thumbnail","6":"product_cat-louches","7":"product_tag-ceramique","8":"pa_motivo-mosaique","10":"first","11":"instock","12":"shipping-taxable","13":"product-type-simple"},"acf":[],"_links":{"self":[{"href":"https:\/\/olemosaic.com\/fr\/wp-json\/wp\/v2\/product\/29959","targetHints":{"allow":["GET"]}}],"collection":[{"href":"https:\/\/olemosaic.com\/fr\/wp-json\/wp\/v2\/product"}],"about":[{"href":"https:\/\/olemosaic.com\/fr\/wp-json\/wp\/v2\/types\/product"}],"wp:featuredmedia":[{"embeddable":true,"href":"https:\/\/olemosaic.com\/fr\/wp-json\/wp\/v2\/media\/9030"}],"wp:attachment":[{"href":"https:\/\/olemosaic.com\/fr\/wp-json\/wp\/v2\/media?parent=29959"}],"wp:term":[{"taxonomy":"product_brand","embeddable":true,"href":"https:\/\/olemosaic.com\/fr\/wp-json\/wp\/v2\/product_brand?post=29959"},{"taxonomy":"product_cat","embeddable":true,"href":"https:\/\/olemosaic.com\/fr\/wp-json\/wp\/v2\/product_cat?post=29959"},{"taxonomy":"product_tag","embeddable":true,"href":"https:\/\/olemosaic.com\/fr\/wp-json\/wp\/v2\/product_tag?post=29959"}],"curies":[{"name":"wp","href":"https:\/\/api.w.org\/{rel}","templated":true}]}}