{"id":29956,"date":"2025-02-20T22:31:34","date_gmt":"2025-02-20T22:31:34","guid":{"rendered":"http:\/\/olemosaic.com\/producto\/cucharon-de-ceramica-salamandra-beige\/"},"modified":"2025-07-25T18:36:29","modified_gmt":"2025-07-25T16:36:29","slug":"louche-en-ceramique-salamandre-beige","status":"publish","type":"product","link":"https:\/\/olemosaic.com\/fr\/produit\/louche-en-ceramique-salamandre-beige\/","title":{"rendered":"Louche en c\u00e9ramique. Salamandre. Beige"},"content":{"rendered":"<p>Cette louche en c\u00e9ramique, d\u00e9cor\u00e9e de salamandres color\u00e9es, est un exemple exquis de la richesse artisanale espagnole. Avec un design \u00e9l\u00e9gant dans les tons beiges, cet ustensile de cuisine n&rsquo;est pas seulement fonctionnel, mais aussi une pi\u00e8ce d\u00e9corative qui apportera une touche m\u00e9diterran\u00e9enne \u00e0 n&rsquo;importe quel foyer. Les salamandres, repr\u00e9sent\u00e9es dans des couleurs vibrantes bleu, vert et rouge, contrastent magnifiquement sur le fond clair, tandis que le bord rouge souligne chaque d\u00e9tail d\u00e9licat de l&rsquo;illustration. Cette pi\u00e8ce capture l&rsquo;essence de la faune locale et la tradition artisanale de la r\u00e9gion, rendant toute cuisine plus accueillante et authentique.<\/p>\n<p>Id\u00e9ale pour servir des soupes et des rago\u00fbts, cette louche combine praticit\u00e9 et attrait artistique. Son design singulier en fait un excellent souvenir pour ceux qui souhaitent emporter un morceau de la culture espagnole. Ce produit est parfait pour les touristes recherchant des souvenirs uniques c\u00e9l\u00e9brant la diversit\u00e9 culturelle de la M\u00e9diterran\u00e9e. Chez Ol\u00e9 Mosaic, nous sommes distributeurs de souvenirs en gros, et cette louche en c\u00e9ramique repr\u00e9sente une magnifique option pour les boutiques de cadeaux touristiques qui appr\u00e9cient les produits authentiques et repr\u00e9sentatifs de la tradition espagnole. En choisissant cette louche, on n&rsquo;obtient pas seulement un ustensile utile, mais aussi un hommage \u00e0 la culture et \u00e0 l&rsquo;art de l&rsquo;Espagne, en faisant un cadeau m\u00e9morable.<\/p>\n","protected":false},"excerpt":{"rendered":"<p>Louche en c\u00e9ramique d\u00e9cor\u00e9e de salamandres joyeuses, repr\u00e9sentant la richesse de l&rsquo;artisanat espagnol. Cet \u00e9l\u00e9gant ustensile de cuisine pr\u00e9sente un design dans les tons beiges avec des d\u00e9tails rouges et une illustration d\u00e9licate de salamandres en bleu, vert et rouge, capturant l&rsquo;essence de la faune m\u00e9diterran\u00e9enne. Parfaite pour servir des soupes et des rago\u00fbts, cette louche est aussi fonctionnelle qu&rsquo;un \u00e9l\u00e9ment d\u00e9coratif attrayant pour toute cuisine.<\/p>\n","protected":false},"featured_media":7045,"template":"","meta":{"_acf_changed":false},"product_brand":[],"product_cat":[798],"product_tag":[530,585],"class_list":{"0":"post-29956","1":"product","2":"type-product","3":"status-publish","4":"has-post-thumbnail","6":"product_cat-louches","7":"product_tag-animaux","8":"product_tag-ceramique","9":"pa_motivo-salamandres","11":"first","12":"instock","13":"shipping-taxable","14":"product-type-simple"},"acf":[],"_links":{"self":[{"href":"https:\/\/olemosaic.com\/fr\/wp-json\/wp\/v2\/product\/29956","targetHints":{"allow":["GET"]}}],"collection":[{"href":"https:\/\/olemosaic.com\/fr\/wp-json\/wp\/v2\/product"}],"about":[{"href":"https:\/\/olemosaic.com\/fr\/wp-json\/wp\/v2\/types\/product"}],"wp:featuredmedia":[{"embeddable":true,"href":"https:\/\/olemosaic.com\/fr\/wp-json\/wp\/v2\/media\/7045"}],"wp:attachment":[{"href":"https:\/\/olemosaic.com\/fr\/wp-json\/wp\/v2\/media?parent=29956"}],"wp:term":[{"taxonomy":"product_brand","embeddable":true,"href":"https:\/\/olemosaic.com\/fr\/wp-json\/wp\/v2\/product_brand?post=29956"},{"taxonomy":"product_cat","embeddable":true,"href":"https:\/\/olemosaic.com\/fr\/wp-json\/wp\/v2\/product_cat?post=29956"},{"taxonomy":"product_tag","embeddable":true,"href":"https:\/\/olemosaic.com\/fr\/wp-json\/wp\/v2\/product_tag?post=29956"}],"curies":[{"name":"wp","href":"https:\/\/api.w.org\/{rel}","templated":true}]}}