{"id":29955,"date":"2025-02-20T23:31:33","date_gmt":"2025-02-20T22:31:33","guid":{"rendered":"http:\/\/olemosaic.com\/producto\/cucharon-de-ceramica-caballito-de-mar-beige\/"},"modified":"2025-07-25T19:39:49","modified_gmt":"2025-07-25T17:39:49","slug":"louche-en-ceramique-hippocampe-beige","status":"publish","type":"product","link":"https:\/\/olemosaic.com\/fr\/produit\/louche-en-ceramique-hippocampe-beige\/","title":{"rendered":"Louche en c\u00e9ramique. Hippocampe. Beige"},"content":{"rendered":"<p>Cette louche en c\u00e9ramique d\u00e9cor\u00e9e d&rsquo;hippocampes est un chef-d&rsquo;\u0153uvre qui apportera une touche m\u00e9diterran\u00e9enne \u00e0 n&rsquo;importe quelle cuisine. Avec une base d&rsquo;un ton beige \u00e9l\u00e9gant, cette louche a \u00e9t\u00e9 peinte \u00e0 la main avec des couleurs vibrantes en mosa\u00efque \u00e9voquant la faune marine, incorporant des d\u00e9tails frappants en rouge, bleu et vert. Les hippocampes, aux formes sinueuses et color\u00e9es, se d\u00e9ploient le long de la louche, cr\u00e9ant une image unique et visuellement attrayante qui capture l&rsquo;essence du littoral espagnol. Chaque figure est \u00e9labor\u00e9e avec un niveau de d\u00e9tail exquis, des \u00e9cailles des hippocampes aux touches artistiques qui semblent danser sur la surface c\u00e9ramique.<\/p>\n<p>Cet article n&rsquo;est pas seulement une pi\u00e8ce fonctionnelle pour servir, mais aussi un authentique souvenir de la culture m\u00e9diterran\u00e9enne, id\u00e9al pour ceux qui recherchent un souvenir repr\u00e9sentatif de leur visite en Espagne. Son esth\u00e9tique vibrante et l&rsquo;utilisation de motifs marins refl\u00e8tent la connexion profonde entre la gastronomie et la mer, caract\u00e9ristique de nombreuses villes c\u00f4ti\u00e8res espagnoles.<\/p>\n<p>Chez Ol\u00e9 Mosaic, nous sommes sp\u00e9cialistes de la distribution de souvenirs en gros, et cette louche en c\u00e9ramique est une excellente option pour les boutiques de cadeaux touristiques souhaitant offrir \u00e0 leurs clients un produit authentique et culturellement pertinent. Cette louche d&rsquo;hippocampes n&rsquo;est pas seulement un accessoire d\u00e9coratif, mais une manifestation tangible de la richesse culturelle et artistique de la r\u00e9gion.<\/p>\n","protected":false},"excerpt":{"rendered":"<p>Louche en c\u00e9ramique d\u00e9cor\u00e9e d&rsquo;hippocampes frappants, id\u00e9ale pour donner une touche m\u00e9diterran\u00e9enne \u00e0 votre cuisine. Cet article au design artisanal, peint \u00e0 la main, pr\u00e9sente des couleurs vibrantes en mosa\u00efque repr\u00e9sentant la faune marine, avec des d\u00e9tails en rouge et bleu qui ressortent sur le fond beige. Un design \u00e9l\u00e9gant et artistique qui capture l&rsquo;essence du littoral espagnol, en faisant un cadeau parfait ou un souvenir attrayant.<\/p>\n","protected":false},"featured_media":7046,"template":"","meta":{"_acf_changed":false},"product_brand":[],"product_cat":[798],"product_tag":[530,585],"class_list":{"0":"post-29955","1":"product","2":"type-product","3":"status-publish","4":"has-post-thumbnail","6":"product_cat-louches","7":"product_tag-animaux","8":"product_tag-ceramique","9":"pa_motivo-hippocampes","11":"first","12":"instock","13":"shipping-taxable","14":"product-type-simple"},"acf":[],"_links":{"self":[{"href":"https:\/\/olemosaic.com\/fr\/wp-json\/wp\/v2\/product\/29955","targetHints":{"allow":["GET"]}}],"collection":[{"href":"https:\/\/olemosaic.com\/fr\/wp-json\/wp\/v2\/product"}],"about":[{"href":"https:\/\/olemosaic.com\/fr\/wp-json\/wp\/v2\/types\/product"}],"wp:featuredmedia":[{"embeddable":true,"href":"https:\/\/olemosaic.com\/fr\/wp-json\/wp\/v2\/media\/7046"}],"wp:attachment":[{"href":"https:\/\/olemosaic.com\/fr\/wp-json\/wp\/v2\/media?parent=29955"}],"wp:term":[{"taxonomy":"product_brand","embeddable":true,"href":"https:\/\/olemosaic.com\/fr\/wp-json\/wp\/v2\/product_brand?post=29955"},{"taxonomy":"product_cat","embeddable":true,"href":"https:\/\/olemosaic.com\/fr\/wp-json\/wp\/v2\/product_cat?post=29955"},{"taxonomy":"product_tag","embeddable":true,"href":"https:\/\/olemosaic.com\/fr\/wp-json\/wp\/v2\/product_tag?post=29955"}],"curies":[{"name":"wp","href":"https:\/\/api.w.org\/{rel}","templated":true}]}}