{"id":29954,"date":"2025-02-20T23:31:33","date_gmt":"2025-02-20T22:31:33","guid":{"rendered":"http:\/\/olemosaic.com\/producto\/cucharon-de-ceramica-salamandra-barcelona-beige\/"},"modified":"2025-07-25T18:49:45","modified_gmt":"2025-07-25T16:49:45","slug":"louche-en-ceramique-salamandre-barcelone-beige","status":"publish","type":"product","link":"https:\/\/olemosaic.com\/fr\/produit\/louche-en-ceramique-salamandre-barcelone-beige\/","title":{"rendered":"Louche en c\u00e9ramique. Salamandre. Barcelone. Beige"},"content":{"rendered":"<p>Cette louche en c\u00e9ramique, d\u00e9cor\u00e9e d&rsquo;adorables salamandres, est une pi\u00e8ce unique qui capture l&rsquo;essence vibrante de Barcelone. Cet objet artisanal, peint \u00e0 la main, pr\u00e9sente un fond blanc lumineux, rehauss\u00e9 par des bords d&rsquo;un ton beige \u00e9l\u00e9gant qui lui conf\u00e8rent une finition sophistiqu\u00e9e. La d\u00e9coration se compose de salamandres color\u00e9es dans les tons bleu, vert et rouge, qui s&rsquo;entrelacent avec des motifs de feuilles, \u00e9voquant la richesse de la faune m\u00e9diterran\u00e9enne et l&rsquo;histoire culturelle de la r\u00e9gion.<\/p>\n<p>Avec la signature \u00ab\u00a0Barcelona\u00a0\u00bb visible \u00e0 la base, cette louche n&rsquo;est pas seulement un outil fonctionnel en cuisine, mais aussi un charmant souvenir qui c\u00e9l\u00e8bre l&rsquo;h\u00e9ritage artistique et la cr\u00e9ativit\u00e9 locale. Barcelone, c\u00e9l\u00e8bre pour ses traditions c\u00e9ramiques et son architecture moderniste, trouve dans ce produit un reflet de son esprit cr\u00e9atif et de sa passion pour les couleurs vives.<\/p>\n<p>Ce souvenir est parfait pour les amateurs de c\u00e9ramique artisanale recherchant un article distinctif pour ramener un morceau de la culture catalane chez eux. Chez Ol\u00e9 Mosaic, en tant que distributeur de c\u00e9ramique en gros, nous proposons des souvenirs authentiques qui soulignent la chaleur et le caract\u00e8re des traditions espagnoles. Cette louche d\u00e9cor\u00e9e est un choix exceptionnel pour les boutiques de cadeaux touristiques souhaitant offrir des articles ayant une signification culturelle profonde et attrayante.<\/p>\n","protected":false},"excerpt":{"rendered":"<p>Louche en c\u00e9ramique d\u00e9cor\u00e9e d&rsquo;adorables salamandres, id\u00e9ale pour donner une touche distinctive \u00e0 votre cuisine. Cet article au design artisanal, peint \u00e0 la main, pr\u00e9sente un fond blanc avec des bords d&rsquo;un ton beige \u00e9l\u00e9gant et des motifs color\u00e9s de l\u00e9zards en bleu, vert et rouge, \u00e9voquant le style vibrant de Barcelone. La signature \u00ab\u00a0Barcelona\u00a0\u00bb sur la base sert de charmant souvenir de la culture catalane. Un souvenir parfait pour les amateurs de c\u00e9ramique artisanale.<\/p>\n","protected":false},"featured_media":7001,"template":"","meta":{"_acf_changed":false},"product_brand":[],"product_cat":[798],"product_tag":[530,585],"class_list":{"0":"post-29954","1":"product","2":"type-product","3":"status-publish","4":"has-post-thumbnail","6":"product_cat-louches","7":"product_tag-animaux","8":"product_tag-ceramique","9":"pa_ciudad-barcelona","10":"pa_motivo-salamandres","11":"pa_pais-espana","13":"first","14":"instock","15":"shipping-taxable","16":"product-type-simple"},"acf":[],"_links":{"self":[{"href":"https:\/\/olemosaic.com\/fr\/wp-json\/wp\/v2\/product\/29954","targetHints":{"allow":["GET"]}}],"collection":[{"href":"https:\/\/olemosaic.com\/fr\/wp-json\/wp\/v2\/product"}],"about":[{"href":"https:\/\/olemosaic.com\/fr\/wp-json\/wp\/v2\/types\/product"}],"wp:featuredmedia":[{"embeddable":true,"href":"https:\/\/olemosaic.com\/fr\/wp-json\/wp\/v2\/media\/7001"}],"wp:attachment":[{"href":"https:\/\/olemosaic.com\/fr\/wp-json\/wp\/v2\/media?parent=29954"}],"wp:term":[{"taxonomy":"product_brand","embeddable":true,"href":"https:\/\/olemosaic.com\/fr\/wp-json\/wp\/v2\/product_brand?post=29954"},{"taxonomy":"product_cat","embeddable":true,"href":"https:\/\/olemosaic.com\/fr\/wp-json\/wp\/v2\/product_cat?post=29954"},{"taxonomy":"product_tag","embeddable":true,"href":"https:\/\/olemosaic.com\/fr\/wp-json\/wp\/v2\/product_tag?post=29954"}],"curies":[{"name":"wp","href":"https:\/\/api.w.org\/{rel}","templated":true}]}}