{"id":29953,"date":"2025-02-20T23:31:33","date_gmt":"2025-02-20T22:31:33","guid":{"rendered":"http:\/\/olemosaic.com\/producto\/cucharon-de-ceramica-panoramica-sevilla-beige\/"},"modified":"2025-07-25T19:03:56","modified_gmt":"2025-07-25T17:03:56","slug":"louche-en-ceramique-panoramique-seville-beige","status":"publish","type":"product","link":"https:\/\/olemosaic.com\/fr\/produit\/louche-en-ceramique-panoramique-seville-beige\/","title":{"rendered":"Louche en c\u00e9ramique. Panoramique. S\u00e9ville. Beige"},"content":{"rendered":"<p>Cette louche en c\u00e9ramique, au design panoramique \u00e9voquant l&rsquo;essence de S\u00e9ville, est un v\u00e9ritable voyage dans la ville. Sur un fond beige, qui met en valeur l&rsquo;illustration vibrante \u00e0 l&rsquo;effet peint \u00e0 la main, se d\u00e9tache l&rsquo;iconique Giralda, entour\u00e9e d&rsquo;\u00e9l\u00e9ments d\u00e9coratifs capturant l&rsquo;architecture et l&rsquo;esprit s\u00e9villan. Les d\u00e9tails rouges encadrant la louche ajoutent une touche \u00e9l\u00e9gante et distinctive, tandis que les motifs v\u00e9g\u00e9taux sur le bord soulignent son caract\u00e8re artisanal, en faisant un article \u00e0 la fois fonctionnel et d\u00e9coratif.<\/p>\n<p>Id\u00e9ale pour ceux qui recherchent un souvenir authentique repr\u00e9sentant la culture andalouse, cette louche est parfaite pour un usage quotidien en cuisine ou comme pi\u00e8ce d\u00e9corative dans n&rsquo;importe quel foyer. La repr\u00e9sentation artistique de la Giralda en fait un cadeau significatif, permettant aux touristes d&#8217;emporter un souvenir tangible de S\u00e9ville, une ville c\u00e9l\u00e8bre pour sa riche histoire et ses traditions.<\/p>\n<p>Chez Ol\u00e9 Mosaic, nous sommes sp\u00e9cialistes des souvenirs en c\u00e9ramique et proposons des produits qui c\u00e9l\u00e8brent l&rsquo;authenticit\u00e9 et le patrimoine culturel de l&rsquo;Espagne. Cette louche est une option id\u00e9ale pour les boutiques de cadeaux touristiques recherchant des articles de qualit\u00e9 pour leurs clients. En la choisissant, on n&rsquo;opte pas seulement pour un ustensile de cuisine, mais pour un symbole du folklore s\u00e9villan, faisant de chaque achat une exp\u00e9rience m\u00e9morable.<\/p>\n","protected":false},"excerpt":{"rendered":"<p>Louche en c\u00e9ramique au design charmant repr\u00e9sentant une vue panoramique de S\u00e9ville. Cet article de couleur beige avec des d\u00e9tails rouges se distingue par son illustration color\u00e9e incluant l&rsquo;iconique Giralda et des \u00e9l\u00e9ments d\u00e9coratifs vibrants. Peinte dans un style artisanal, la louche pr\u00e9sente \u00e9galement des motifs v\u00e9g\u00e9taux sur le bord, ajoutant une touche traditionnelle. Id\u00e9ale tant pour l&rsquo;usage culinaire que pour la d\u00e9coration, elle capture l&rsquo;essence du folklore s\u00e9villan.<\/p>\n","protected":false},"featured_media":7515,"template":"","meta":{"_acf_changed":false},"product_brand":[],"product_cat":[798],"product_tag":[585],"class_list":{"0":"post-29953","1":"product","2":"type-product","3":"status-publish","4":"has-post-thumbnail","6":"product_cat-louches","7":"product_tag-ceramique","8":"pa_ciudad-sevilla","9":"pa_motivo-panoramas","10":"pa_pais-espana","12":"first","13":"instock","14":"shipping-taxable","15":"product-type-simple"},"acf":[],"_links":{"self":[{"href":"https:\/\/olemosaic.com\/fr\/wp-json\/wp\/v2\/product\/29953","targetHints":{"allow":["GET"]}}],"collection":[{"href":"https:\/\/olemosaic.com\/fr\/wp-json\/wp\/v2\/product"}],"about":[{"href":"https:\/\/olemosaic.com\/fr\/wp-json\/wp\/v2\/types\/product"}],"wp:featuredmedia":[{"embeddable":true,"href":"https:\/\/olemosaic.com\/fr\/wp-json\/wp\/v2\/media\/7515"}],"wp:attachment":[{"href":"https:\/\/olemosaic.com\/fr\/wp-json\/wp\/v2\/media?parent=29953"}],"wp:term":[{"taxonomy":"product_brand","embeddable":true,"href":"https:\/\/olemosaic.com\/fr\/wp-json\/wp\/v2\/product_brand?post=29953"},{"taxonomy":"product_cat","embeddable":true,"href":"https:\/\/olemosaic.com\/fr\/wp-json\/wp\/v2\/product_cat?post=29953"},{"taxonomy":"product_tag","embeddable":true,"href":"https:\/\/olemosaic.com\/fr\/wp-json\/wp\/v2\/product_tag?post=29953"}],"curies":[{"name":"wp","href":"https:\/\/api.w.org\/{rel}","templated":true}]}}