{"id":29952,"date":"2025-02-20T23:31:33","date_gmt":"2025-02-20T22:31:33","guid":{"rendered":"http:\/\/olemosaic.com\/producto\/cucharon-de-ceramica-toros-blanco\/"},"modified":"2025-07-25T19:16:30","modified_gmt":"2025-07-25T17:16:30","slug":"louche-en-ceramique-taureaux-blanc","status":"publish","type":"product","link":"https:\/\/olemosaic.com\/fr\/produit\/louche-en-ceramique-taureaux-blanc\/","title":{"rendered":"Louche en c\u00e9ramique. Taureaux. Blanc"},"content":{"rendered":"<p>Cette louche en c\u00e9ramique blanche, d\u00e9cor\u00e9e de motifs de taureaux vibrants, est une pi\u00e8ce parfaite pour ajouter une touche authentiquement espagnole \u00e0 votre cuisine. Son design tr\u00e8s sp\u00e9cial pr\u00e9sente un taureau aux couleurs vives comme le vert et le rouge, sur un fond blanc, avec des motifs abstraits entrelac\u00e9s de mosa\u00efques color\u00e9es. Cette combinaison esth\u00e9tique refl\u00e8te non seulement la riche culture du folklore espagnol, mais capte \u00e9galement l&rsquo;essence des traditions taurines d&rsquo;Espagne, devenant un symbole de la passion et de l&rsquo;art qu&rsquo;elles repr\u00e9sentent.<\/p>\n<p>La louche, \u00e9labor\u00e9e avec des techniques de c\u00e9ramique garantissant sa durabilit\u00e9 et sa r\u00e9sistance, ne se distingue pas seulement par sa beaut\u00e9, mais aussi par sa fonctionnalit\u00e9, \u00e9tant un outil id\u00e9al pour servir vos plats pr\u00e9f\u00e9r\u00e9s. La repr\u00e9sentation du taureau, une ic\u00f4ne de la culture espagnole, \u00e9voque l&rsquo;\u00e9motion des ferias et des corridas, qui font partie du patrimoine culturel du pays.<\/p>\n<p>Ce souvenir, qui fait \u00e9galement office de pi\u00e8ce d\u00e9corative, est une excellente option pour ceux qui recherchent des souvenirs repr\u00e9sentatifs de leur visite en Espagne. Chez Ol\u00e9 Mosaic, en tant que grossiste de souvenirs, nous proposons cette louche en c\u00e9ramique qui n&rsquo;est pas seulement un objet pratique, mais aussi un souvenir authentique qui connecte les touristes \u00e0 la riche tradition culturelle de l&rsquo;Espagne. Parfait pour les boutiques de cadeaux touristiques souhaitant pr\u00e9senter des produits de qualit\u00e9 et de pertinence culturelle.<\/p>\n","protected":false},"excerpt":{"rendered":"<p>Louche en c\u00e9ramique blanche d\u00e9cor\u00e9e de motifs taurins color\u00e9s, id\u00e9ale pour apporter une touche espagnole \u00e0 votre cuisine. Son design pr\u00e9sente une combinaison vibrante de mosa\u00efques, avec un taureau dans les tons verts et rouges entour\u00e9 de motifs abstraits sur fond blanc. La technique c\u00e9ramique employ\u00e9e garantit la durabilit\u00e9, tandis que son style color\u00e9 et distinctif refl\u00e8te la riche culture du folklore espagnol. Parfait comme souvenir ou ustensile de cuisine.<\/p>\n","protected":false},"featured_media":8534,"template":"","meta":{"_acf_changed":false},"product_brand":[],"product_cat":[798],"product_tag":[530,585],"class_list":{"0":"post-29952","1":"product","2":"type-product","3":"status-publish","4":"has-post-thumbnail","6":"product_cat-louches","7":"product_tag-animaux","8":"product_tag-ceramique","9":"pa_motivo-taureaux","11":"first","12":"instock","13":"shipping-taxable","14":"product-type-simple"},"acf":[],"_links":{"self":[{"href":"https:\/\/olemosaic.com\/fr\/wp-json\/wp\/v2\/product\/29952","targetHints":{"allow":["GET"]}}],"collection":[{"href":"https:\/\/olemosaic.com\/fr\/wp-json\/wp\/v2\/product"}],"about":[{"href":"https:\/\/olemosaic.com\/fr\/wp-json\/wp\/v2\/types\/product"}],"wp:featuredmedia":[{"embeddable":true,"href":"https:\/\/olemosaic.com\/fr\/wp-json\/wp\/v2\/media\/8534"}],"wp:attachment":[{"href":"https:\/\/olemosaic.com\/fr\/wp-json\/wp\/v2\/media?parent=29952"}],"wp:term":[{"taxonomy":"product_brand","embeddable":true,"href":"https:\/\/olemosaic.com\/fr\/wp-json\/wp\/v2\/product_brand?post=29952"},{"taxonomy":"product_cat","embeddable":true,"href":"https:\/\/olemosaic.com\/fr\/wp-json\/wp\/v2\/product_cat?post=29952"},{"taxonomy":"product_tag","embeddable":true,"href":"https:\/\/olemosaic.com\/fr\/wp-json\/wp\/v2\/product_tag?post=29952"}],"curies":[{"name":"wp","href":"https:\/\/api.w.org\/{rel}","templated":true}]}}